{"id":9999,"date":"2023-05-14T01:34:50","date_gmt":"2023-05-13T22:34:50","guid":{"rendered":"https:\/\/gscmekanik.com\/?post_type=product&#038;p=9999"},"modified":"2023-05-16T21:51:34","modified_gmt":"2023-05-16T18:51:34","slug":"genlesme-tanklari-global-solutions","status":"publish","type":"product","link":"https:\/\/gscmekanik.com\/ru\/urunlerimiz\/genlesme-tanklari-global-solutions\/","title":{"rendered":"GENLE\u015eME TANKLARI &#8211; GLOBAL SOLUTIONS"},"content":{"rendered":"<p>Global Water Solutions Ltd (GWS), d\u00fcnyan\u0131n en b\u00fcy\u00fck genle\u015fme tank\u0131 ve su ar\u0131tma \u00fcr\u00fcn\u00fc \u00fcreticilerinden biridir. GWS, ya\u015famlar\u0131 iyile\u015ftirmek i\u00e7in, i\u00e7ilebilir temiz suyun eri\u015fimi, i\u015flenmesi ve sunumu konusundaki ihtiyac\u0131 kar\u015f\u0131layan d\u00fcnya \u00e7ap\u0131nda \u00f6nde gelen bir \u00e7\u00f6z\u00fcm sa\u011flay\u0131c\u0131s\u0131 olmay\u0131 hedeflemektedir ve GWS \u00fcr\u00fcnleri, d\u00fcnya \u00e7ap\u0131nda 100\u2019den fazla \u00fclkede sat\u0131lmaktad\u0131r.<\/p>\n<p>Geni\u015f \u00fcr\u00fcn yelpazesi ve yenilik\u00e7i \u00fcr\u00fcn geli\u015ftirmesi sayesinde, GWS\u2019nin bas\u0131n\u00e7l\u0131 tanklar ve su ar\u0131tma \u00fcr\u00fcnlerinin en kapsaml\u0131 tedarik\u00e7isi olarak pazardaki yeri sa\u011flamla\u015fm\u0131\u015ft\u0131r. Temel de\u011ferleri, herkes i\u00e7in uzun vadeli fayda sa\u011flaman\u0131n yan\u0131 s\u0131ra \u00e7evreye \u00f6zen g\u00f6stermeyi ve \u015firketin hizmet verdi\u011fi t\u00fcm topluluklarla ortakl\u0131k kurarken sosyal bilince de sahip olmay\u0131 i\u00e7erir. Artan g\u00fcvenli ve bol i\u00e7me suyu ihtiyac\u0131n\u0131 kar\u015f\u0131layan uyarlanabilir, uygun fiyatl\u0131 \u00e7\u00f6z\u00fcmlerin olu\u015fturulmas\u0131, GWS\u2019nin suyun hareketi ve i\u015flenmesi i\u00e7in en son teknolojileri sa\u011flamaya odaklanmas\u0131n\u0131 sa\u011flar.<\/p>","protected":false},"excerpt":{"rendered":"<p>Global Water Solutions Ltd (GWS), d\u00fcnyan\u0131n en b\u00fcy\u00fck genle\u015fme tank\u0131 ve su ar\u0131tma \u00fcr\u00fcn\u00fc \u00fcreticilerinden biridir.<\/p>\n<p>GWS, ya\u015famlar\u0131 iyile\u015ftirmek i\u00e7in, i\u00e7ilebilir temiz suyun eri\u015fimi, i\u015flenmesi ve sunumu konusundaki ihtiyac\u0131 kar\u015f\u0131layan d\u00fcnya \u00e7ap\u0131nda \u00f6nde gelen bir \u00e7\u00f6z\u00fcm sa\u011flay\u0131c\u0131s\u0131 olmay\u0131 hedeflemektedir ve GWS \u00fcr\u00fcnleri, d\u00fcnya \u00e7ap\u0131nda 100\u2019den fazla \u00fclkede sat\u0131lmaktad\u0131r.<\/p>","protected":false},"featured_media":10000,"template":"","meta":[],"product_cat":[63,28],"product_tag":[],"aioseo_notices":[],"_links":{"self":[{"href":"https:\/\/gscmekanik.com\/ru\/wp-json\/wp\/v2\/product\/9999"}],"collection":[{"href":"https:\/\/gscmekanik.com\/ru\/wp-json\/wp\/v2\/product"}],"about":[{"href":"https:\/\/gscmekanik.com\/ru\/wp-json\/wp\/v2\/types\/product"}],"wp:featuredmedia":[{"embeddable":true,"href":"https:\/\/gscmekanik.com\/ru\/wp-json\/wp\/v2\/media\/10000"}],"wp:attachment":[{"href":"https:\/\/gscmekanik.com\/ru\/wp-json\/wp\/v2\/media?parent=9999"}],"wp:term":[{"taxonomy":"product_cat","embeddable":true,"href":"https:\/\/gscmekanik.com\/ru\/wp-json\/wp\/v2\/product_cat?post=9999"},{"taxonomy":"product_tag","embeddable":true,"href":"https:\/\/gscmekanik.com\/ru\/wp-json\/wp\/v2\/product_tag?post=9999"}],"curies":[{"name":"wp","href":"https:\/\/api.w.org\/{rel}","templated":true}]}}