{"id":9987,"date":"2023-05-14T01:16:56","date_gmt":"2023-05-13T22:16:56","guid":{"rendered":"https:\/\/gscmekanik.com\/?post_type=product&#038;p=9987"},"modified":"2023-05-14T01:20:16","modified_gmt":"2023-05-13T22:20:16","slug":"lobe-pompalar","status":"publish","type":"product","link":"https:\/\/gscmekanik.com\/ru\/urunlerimiz\/lobe-pompalar\/","title":{"rendered":"LOBE POMPALAR"},"content":{"rendered":"<p><strong>Tasar\u0131m ve \u00f6zellikler<\/strong><\/p>\n<p>SLR pompas\u0131 \u00e7\u0131plak \u015faftl\u0131 d\u00f6ner loblu bir pompad\u0131r. D\u00f6kme paslanmaz \u00e7elik pompa g\u00f6vdesi ve kapa\u011f\u0131ndan ve s\u0131hhi ekli \u00fc\u00e7 loblu rotorlardan yap\u0131lm\u0131\u015ft\u0131r.<\/p>\n<p>SLR d\u00f6ner loblu pompa, harici tek mekanik salmastra, C\/SiC\/EPDM ile sa\u011flan\u0131r. Conta dengelidir ve hijyenik bir tasar\u0131ma sahiptir.<\/p>\n<p>Gerekti\u011finde ba\u015fka malzemeler de kullan\u0131labilir.<\/p>\n<p>Pompa 3-A sembol\u00fcn\u00fc ta\u015f\u0131maya yetkilidir.<\/p>\n<p>Not: 3-A sembol\u00fcn\u00fc ta\u015f\u0131maya yetkili pompalar\u0131n se\u00e7eneklerine bak\u0131n.<\/p>\n<p><strong>Malzemeler<\/strong><\/p>\n<p>\u00dcr\u00fcnle temas eden par\u00e7alar Paslanmaz \u00e7elik AISI 316L<br \/>\nRulman deste\u011fi GG 25<br \/>\n\u00dcr\u00fcnle temas eden contalar EPDM<\/p>\n<p><strong>Mekanik m\u00fch\u00fcr:<\/strong><\/p>\n<p>D\u00f6ner par\u00e7a Silisyum karb\u00fcr (SiC)<br \/>\nSabit k\u0131s\u0131m Karbon (C)<br \/>\nConta EPDM<\/p>\n<p><strong>Y\u00fczey:<\/strong><\/p>\n<p>Dahili Ra&lt;0,8 \u03bcm<br \/>\nD\u0131\u015f Mat<\/p>\n<p><strong>Se\u00e7enekler<\/strong><\/p>\n<p>Mekanik salmastralar: SiC\/SiC veya TuC\/SiC.<br \/>\nTekli mekanik salmastra d\u0131\u015f\u0131nda ba\u015fka salmastra t\u00fcrleri de mevcuttur:<br \/>\ntemizlenmi\u015f mekanik salmastra (s\u00f6nd\u00fcrme), \u00e7ift mekanik salmastra, dudakl\u0131 ke\u00e7e (FPM veya PTFE), yumu\u015fak salmastra, O-ring.<br \/>\nContalar: FPM veya PTFE.<br \/>\n\u00d6n kapakta veya harici baypasta tahliye valfi.<br \/>\n\u00c7ift kanatl\u0131 loblar.<br \/>\nIs\u0131tma odas\u0131.<br \/>\n\u0130zolasyon olabilir.<br \/>\nDikey destek.<br \/>\nDikd\u00f6rtgen meme.<br \/>\n\u00c7e\u015fitli s\u00fcr\u00fcc\u00fc ve koruma t\u00fcrleri (opsiyonel frekans konvert\u00f6rl\u00fc di\u015fli kutusu s\u00fcr\u00fcc\u00fcs\u00fc, kasnak\/mekanik s\u00fcr\u00fcc\u00fc h\u0131z se\u00e7ici).<br \/>\nAraba ve\/veya kontrol paneli.<br \/>\nBa\u011flant\u0131lar: Kelep\u00e7e, SMS, RJT, vb.<br \/>\nATEX sertifikas\u0131.<\/p>","protected":false},"excerpt":{"rendered":"<p>SLR pompa, s\u00fct \u00fcr\u00fcnleri, g\u0131da i\u015fleme, i\u00e7ecek, kozmetik, ila\u00e7 ve ince kimyasallar end\u00fcstrilerinde kullan\u0131ma uygun, s\u0131hhi tasar\u0131ma sahip, pozitif deplasmanl\u0131 d\u00f6ner loblu bir pompad\u0131r.<\/p>\n<p>Bu s\u0131hhi loblu pompa, filtreleme ve \u015fi\u015feleme uygulamalar\u0131n\u0131n yan\u0131 s\u0131ra d\u00fc\u015f\u00fck veya y\u00fcksek viskoziteli her t\u00fcrl\u00fc s\u0131v\u0131y\u0131 y\u00f6netmek i\u00e7in m\u00fckemmeldir. Lor gibi k\u0131r\u0131lgan kat\u0131 maddeler i\u00e7eren \u00fcr\u00fcnler, \u00f6zel tasarlanm\u0131\u015f loblar sayesinde zarar g\u00f6rmeden pompalanabilir.<\/p>\n<p>Pompa 3-A sembol\u00fcn\u00fc ta\u015f\u0131maya yetkilidir.<br \/>\nNot: 3-A sembol\u00fcn\u00fc ta\u015f\u0131maya yetkili pompalar\u0131n se\u00e7eneklerine bak\u0131n.<\/p>","protected":false},"featured_media":9988,"template":"","meta":[],"product_cat":[15,60],"product_tag":[],"aioseo_notices":[],"_links":{"self":[{"href":"https:\/\/gscmekanik.com\/ru\/wp-json\/wp\/v2\/product\/9987"}],"collection":[{"href":"https:\/\/gscmekanik.com\/ru\/wp-json\/wp\/v2\/product"}],"about":[{"href":"https:\/\/gscmekanik.com\/ru\/wp-json\/wp\/v2\/types\/product"}],"wp:featuredmedia":[{"embeddable":true,"href":"https:\/\/gscmekanik.com\/ru\/wp-json\/wp\/v2\/media\/9988"}],"wp:attachment":[{"href":"https:\/\/gscmekanik.com\/ru\/wp-json\/wp\/v2\/media?parent=9987"}],"wp:term":[{"taxonomy":"product_cat","embeddable":true,"href":"https:\/\/gscmekanik.com\/ru\/wp-json\/wp\/v2\/product_cat?post=9987"},{"taxonomy":"product_tag","embeddable":true,"href":"https:\/\/gscmekanik.com\/ru\/wp-json\/wp\/v2\/product_tag?post=9987"}],"curies":[{"name":"wp","href":"https:\/\/api.w.org\/{rel}","templated":true}]}}