{"id":9985,"date":"2023-05-14T01:13:52","date_gmt":"2023-05-13T22:13:52","guid":{"rendered":"https:\/\/gscmekanik.com\/?post_type=product&#038;p=9985"},"modified":"2023-05-14T01:16:06","modified_gmt":"2023-05-13T22:16:06","slug":"hijyenik-santrifuj-pompalar","status":"publish","type":"product","link":"https:\/\/gscmekanik.com\/ru\/urunlerimiz\/hijyenik-santrifuj-pompalar\/","title":{"rendered":"H\u0130JYEN\u0130K SANTR\u0130F\u00dcJ POMPALAR"},"content":{"rendered":"<p>Hyginox SE, s\u0131hhi tasar\u0131ma sahip, kompakt ve verimli, yak\u0131n ba\u011flant\u0131l\u0131, g\u0131da s\u0131n\u0131f\u0131 bir santrif\u00fcj pompad\u0131r. So\u011fuk \u015fekillendirilmi\u015f paslanmaz \u00e7elik g\u00f6vde, paslanmaz \u00e7elik a\u00e7\u0131k \u00e7ark (yat\u0131r\u0131m d\u00f6k\u00fcm), mekanik salmastra, pompa kapa\u011f\u0131, fener ve milden yap\u0131lm\u0131\u015f olup motor miline mekanik s\u0131k\u0131\u015ft\u0131rma ile ba\u011flanm\u0131\u015ft\u0131r.<\/p>\n<p>Motor IEC standartlar\u0131na uygun, paslanmaz \u00e7elik muhafaza ile korunan ve y\u00fcksekli\u011fi ayarlanabilen hijyenik tasar\u0131ml\u0131 ayaklarla donat\u0131lm\u0131\u015ft\u0131r.<\/p>\n<p>B34 flan\u015fl\u0131 (motor g\u00f6vdesi 132 ve \u00fczeri i\u00e7in B35), IEC standartlar\u0131na uygun, 2 kutup = 3000\/3600 rpm, EC y\u00f6netmeli\u011fine g\u00f6re verimlilik s\u0131n\u0131f\u0131, IP 55 korumal\u0131 ve F s\u0131n\u0131f\u0131 yal\u0131t\u0131ml\u0131 trifazik asenkron motor.<\/p>\n<p>3 faz, 50 Hz, 230 V \u0394 \/ 400 V \u03a5, \u2264 4 kW<br \/>\n3 faz, 50 Hz, 400 V \u0394 \/ 690 V \u03a5, \u2265 5,5 kW<\/p>\n<p><strong>Malzemeler<\/strong><\/p>\n<p>\u00dcr\u00fcnle temas eden par\u00e7alar Paslanmaz \u00e7elik AISI 316L (1.4404)<br \/>\nDi\u011fer \u00e7elik par\u00e7alar Paslanmaz \u00e7elik AISI 304 (1.4301)<br \/>\n\u00dcr\u00fcnle temas halindeki contalar EPDM (FDA ve EC 1935\/2004&#8217;e g\u00f6re)<\/p>\n<p>Tek dahili mekanik salmastra EN 12756 l1k (FDA ve EC 1935\/2004&#8217;e g\u00f6re):<br \/>\nD\u00f6ner par\u00e7a Karbon (C)<br \/>\nSabit par\u00e7a Silisyum karb\u00fcr (SiC)<br \/>\nContalar EPDM<\/p>\n<p><strong>Y\u00fczey:<\/strong><\/p>\n<p>Dahili Ra&lt;0,8 \u03bcm<br \/>\nD\u0131\u015f Mat<\/p>\n<p>Ba\u011flant\u0131lar: DIN 11851<\/p>\n<p><strong>Se\u00e7enekler<\/strong><\/p>\n<p>SiC\/SiC mekanik salmastra.<br \/>\nContalar: FPM ve PTFE.<br \/>\nCeketli pompa g\u00f6vdesi.<br \/>\nDrenaj liman\u0131.<br \/>\nDi\u011fer ba\u011flant\u0131 t\u00fcrleri.<br \/>\nDi\u011fer gerilimler, frekanslar ile motor,<br \/>\nkoruma s\u0131n\u0131flar\u0131 ve verimlilikleri.<br \/>\nAraba ve\/veya kontrol paneli.<br \/>\nATEX sertifikas\u0131.<\/p>","protected":false},"excerpt":{"rendered":"<p>Hyginox SE santrif\u00fcj pompan\u0131n s\u0131hhi ve uygun maliyetli tasar\u0131m\u0131, onu s\u00fct \u00fcr\u00fcnleri, i\u00e7ecek, ila\u00e7 ve kozmetik end\u00fcstrilerinde ana proses pompas\u0131 olarak \u00f6zellikle uygun hale getirir.<\/p>","protected":false},"featured_media":9986,"template":"","meta":[],"product_cat":[15,60],"product_tag":[],"aioseo_notices":[],"_links":{"self":[{"href":"https:\/\/gscmekanik.com\/ru\/wp-json\/wp\/v2\/product\/9985"}],"collection":[{"href":"https:\/\/gscmekanik.com\/ru\/wp-json\/wp\/v2\/product"}],"about":[{"href":"https:\/\/gscmekanik.com\/ru\/wp-json\/wp\/v2\/types\/product"}],"wp:featuredmedia":[{"embeddable":true,"href":"https:\/\/gscmekanik.com\/ru\/wp-json\/wp\/v2\/media\/9986"}],"wp:attachment":[{"href":"https:\/\/gscmekanik.com\/ru\/wp-json\/wp\/v2\/media?parent=9985"}],"wp:term":[{"taxonomy":"product_cat","embeddable":true,"href":"https:\/\/gscmekanik.com\/ru\/wp-json\/wp\/v2\/product_cat?post=9985"},{"taxonomy":"product_tag","embeddable":true,"href":"https:\/\/gscmekanik.com\/ru\/wp-json\/wp\/v2\/product_tag?post=9985"}],"curies":[{"name":"wp","href":"https:\/\/api.w.org\/{rel}","templated":true}]}}