{"id":9984,"date":"2023-05-14T01:08:45","date_gmt":"2023-05-13T22:08:45","guid":{"rendered":"https:\/\/gscmekanik.com\/?post_type=product&#038;p=9984"},"modified":"2023-05-14T01:23:38","modified_gmt":"2023-05-13T22:23:38","slug":"rob-serisi","status":"publish","type":"product","link":"https:\/\/gscmekanik.com\/ru\/urunlerimiz\/rob-serisi\/","title":{"rendered":"ROB SER\u0130S\u0130"},"content":{"rendered":"<p><strong>Ana faydalar<\/strong><\/p>\n<ul>\n<li>S\u00f6k\u00fclebilir emi\u015f halkas\u0131 ekrana tak\u0131ld\u0131\u011f\u0131nda 3 mm&#8217;ye kadar pompalar<\/li>\n<li>Schuko fi\u015f ve 10 m kablo ile kolay kurulum<\/li>\n<li>G\u00fcvenilir \u00e7al\u0131\u015fma i\u00e7in yerle\u015fik \u015famand\u0131ral\u0131 anahtarla otomatik \u00e7al\u0131\u015fma<\/li>\n<li>Dahili \u00e7ek valf ile geri ak\u0131\u015f \u00f6nlenir<\/li>\n<li>300 x 300 mm&#8217;den k\u00fc\u00e7\u00fck haznelere s\u0131\u011far<\/li>\n<li>E\u015fsiz el\/otomatik anahtar\u0131yla hem manuel hem de otomatik \u00e7al\u0131\u015ft\u0131rma i\u00e7in uygundur<\/li>\n<\/ul>\n<p><strong>Ana uygulamalar<\/strong><\/p>\n<ul>\n<li>Tuvalet at\u0131\u011f\u0131 olmayan evsel ve ticari at\u0131k su<\/li>\n<li>\u00c7ukurlar\u0131n ve su basm\u0131\u015f mahzenlerin drenaj\u0131<\/li>\n<\/ul>","protected":false},"excerpt":{"rendered":"<p>Robusta 200 ve 300 modelleri, 10 mm&#8217;ye kadar kat\u0131 madde i\u00e7eren at\u0131k suyu uzakla\u015ft\u0131rmak i\u00e7in tasarlanm\u0131\u015f tak\u0131labilir dalg\u0131\u00e7 pompalard\u0131r.<\/p>\n<p>Pompa ve motor, bas\u0131nca dayan\u0131kl\u0131, kaps\u00fcll\u00fc, tamamen su ge\u00e7irmez bir birim olu\u015fturur.<\/p>","protected":false},"featured_media":9993,"template":"","meta":[],"product_cat":[15,59],"product_tag":[],"aioseo_notices":[],"_links":{"self":[{"href":"https:\/\/gscmekanik.com\/ru\/wp-json\/wp\/v2\/product\/9984"}],"collection":[{"href":"https:\/\/gscmekanik.com\/ru\/wp-json\/wp\/v2\/product"}],"about":[{"href":"https:\/\/gscmekanik.com\/ru\/wp-json\/wp\/v2\/types\/product"}],"wp:featuredmedia":[{"embeddable":true,"href":"https:\/\/gscmekanik.com\/ru\/wp-json\/wp\/v2\/media\/9993"}],"wp:attachment":[{"href":"https:\/\/gscmekanik.com\/ru\/wp-json\/wp\/v2\/media?parent=9984"}],"wp:term":[{"taxonomy":"product_cat","embeddable":true,"href":"https:\/\/gscmekanik.com\/ru\/wp-json\/wp\/v2\/product_cat?post=9984"},{"taxonomy":"product_tag","embeddable":true,"href":"https:\/\/gscmekanik.com\/ru\/wp-json\/wp\/v2\/product_tag?post=9984"}],"curies":[{"name":"wp","href":"https:\/\/api.w.org\/{rel}","templated":true}]}}