{"id":9979,"date":"2023-05-14T00:58:54","date_gmt":"2023-05-13T21:58:54","guid":{"rendered":"https:\/\/gscmekanik.com\/?post_type=product&#038;p=9979"},"modified":"2023-05-14T01:00:12","modified_gmt":"2023-05-13T22:00:12","slug":"magna3-serisi-islak-rotorlu-frekans-kontrollu-sirkulasyon-pompasi","status":"publish","type":"product","link":"https:\/\/gscmekanik.com\/ru\/urunlerimiz\/magna3-serisi-islak-rotorlu-frekans-kontrollu-sirkulasyon-pompasi\/","title":{"rendered":"MAGNA3 SER\u0130S\u0130 &#8211; ISLAK ROTORLU FREKANS KONTROLL\u00dc S\u0130RK\u00dcLASYON POMPASI"},"content":{"rendered":"<div class=\"b-layout-grid__item b-layout-grid__item--12 b-layout-grid__item--large-6\">\n<div class=\"cmp-variant-product-data__column-item\">\n<table>\n<tbody>\n<tr class=\"cmp-variant-product-data__table-row\">\n<td>\u00dcr\u00fcn ismi<\/td>\n<td data-label=\"\u00dcr\u00fcn ismi\">MAGNA3 25-40<\/td>\n<\/tr>\n<tr class=\"cmp-variant-product-data__table-row\">\n<td>\u00dcr\u00fcn numaras\u0131<\/td>\n<td data-label=\"\u00dcr\u00fcn numaras\u0131\">97924244<\/td>\n<\/tr>\n<tr class=\"cmp-variant-product-data__table-row\">\n<td>EAN numaras\u0131<\/td>\n<td data-label=\"EAN numaras\u0131\">5710626493197<\/td>\n<\/tr>\n<\/tbody>\n<\/table>\n<\/div>\n<div class=\"cmp-variant-product-data__column-item\">\n<h3>Tekniksel<\/h3>\n<table>\n<tbody>\n<tr class=\"cmp-variant-product-data__table-row\">\n<td>Nominal debi<\/td>\n<td data-label=\"Nominal debi\">3.71 m\u00b3\/h<\/td>\n<\/tr>\n<tr class=\"cmp-variant-product-data__table-row\">\n<td>Nominal basma y\u00fckseklik<\/td>\n<td data-label=\"Nominal basma y\u00fckseklik\">2.73 m<\/td>\n<\/tr>\n<tr class=\"cmp-variant-product-data__table-row\">\n<td>Maks. Basma y\u00fcksekli\u011fi<\/td>\n<td data-label=\"Maks. Basma y\u00fcksekli\u011fi\">40 dm<\/td>\n<\/tr>\n<tr class=\"cmp-variant-product-data__table-row\">\n<td>TF s\u0131n\u0131f\u0131<\/td>\n<td data-label=\"TF s\u0131n\u0131f\u0131\">110<\/td>\n<\/tr>\n<tr class=\"cmp-variant-product-data__table-row\">\n<td>Approvals<\/td>\n<td data-label=\"Approvals\">CE,VDE,EAC,MOROCCO,UKCA,TSERCM,UkrSEPRO<\/td>\n<\/tr>\n<tr class=\"cmp-variant-product-data__table-row\">\n<td>Model<\/td>\n<td data-label=\"Model\">E<\/td>\n<\/tr>\n<\/tbody>\n<\/table>\n<\/div>\n<div class=\"cmp-variant-product-data__column-item\">\n<h3>Materyaller<\/h3>\n<table>\n<tbody>\n<tr class=\"cmp-variant-product-data__table-row\">\n<td>Pompa g\u00f6vdesi<\/td>\n<td data-label=\"Pompa g\u00f6vdesi\">D\u00f6kme demir<\/td>\n<\/tr>\n<tr class=\"cmp-variant-product-data__table-row\">\n<td><\/td>\n<td data-label=\"\">EN-GJL-200<\/td>\n<\/tr>\n<tr class=\"cmp-variant-product-data__table-row\">\n<td><\/td>\n<td data-label=\"\">ASTM A48-200B<\/td>\n<\/tr>\n<tr class=\"cmp-variant-product-data__table-row\">\n<td>\u00c7ark<\/td>\n<td data-label=\"\u00c7ark\">PES 30%GF<\/td>\n<\/tr>\n<\/tbody>\n<\/table>\n<\/div>\n<\/div>\n<div class=\"b-layout-grid__item b-layout-grid__item--12 b-layout-grid__item--large-6\">\n<div class=\"cmp-variant-product-data__column-item\">\n<h3>Kurulum<\/h3>\n<table>\n<tbody>\n<tr class=\"cmp-variant-product-data__table-row\">\n<td>Ortam s\u0131cakl\u0131\u011f\u0131 aral\u0131\u011f\u0131<\/td>\n<td data-label=\"Ortam s\u0131cakl\u0131\u011f\u0131 aral\u0131\u011f\u0131\">0 .. 40 \u00b0C<\/td>\n<\/tr>\n<tr class=\"cmp-variant-product-data__table-row\">\n<td>Maksimum \u00e7al\u0131\u015fma bas\u0131nc\u0131<\/td>\n<td data-label=\"Maksimum \u00e7al\u0131\u015fma bas\u0131nc\u0131\">10 bar<\/td>\n<\/tr>\n<tr class=\"cmp-variant-product-data__table-row\">\n<td>Boru ba\u011flant\u0131s\u0131<\/td>\n<td data-label=\"Boru ba\u011flant\u0131s\u0131\">G 1 1\/2&#8243;<\/td>\n<\/tr>\n<tr class=\"cmp-variant-product-data__table-row\">\n<td>Bas\u0131n\u00e7 derecesi<\/td>\n<td data-label=\"Bas\u0131n\u00e7 derecesi\">PN 10<\/td>\n<\/tr>\n<tr class=\"cmp-variant-product-data__table-row\">\n<td>Giri\u015f &#8211; \u00e7\u0131k\u0131\u015f mesafesi<\/td>\n<td data-label=\"Giri\u015f - \u00e7\u0131k\u0131\u015f mesafesi\">180 mm<\/td>\n<\/tr>\n<\/tbody>\n<\/table>\n<\/div>\n<div class=\"cmp-variant-product-data__column-item\">\n<h3>S\u0131v\u0131<\/h3>\n<table>\n<tbody>\n<tr class=\"cmp-variant-product-data__table-row\">\n<td>Pompalanan s\u0131v\u0131<\/td>\n<td data-label=\"Pompalanan s\u0131v\u0131\">Su<\/td>\n<\/tr>\n<tr class=\"cmp-variant-product-data__table-row\">\n<td>S\u0131v\u0131 s\u0131cakl\u0131k aral\u0131\u011f\u0131<\/td>\n<td data-label=\"S\u0131v\u0131 s\u0131cakl\u0131k aral\u0131\u011f\u0131\">-10 .. 110 \u00b0C<\/td>\n<\/tr>\n<tr class=\"cmp-variant-product-data__table-row\">\n<td>Selected liquid temperature<\/td>\n<td data-label=\"Selected liquid temperature\">60 \u00b0C<\/td>\n<\/tr>\n<tr class=\"cmp-variant-product-data__table-row\">\n<td>Yo\u011funluk<\/td>\n<td data-label=\"Yo\u011funluk\">983.2 kg\/m\u00b3<\/td>\n<\/tr>\n<\/tbody>\n<\/table>\n<\/div>\n<div class=\"cmp-variant-product-data__column-item\">\n<h3>Elektriksel veri<\/h3>\n<table>\n<tbody>\n<tr class=\"cmp-variant-product-data__table-row\">\n<td>G\u00fc\u00e7 giri\u015fi &#8211; P1<\/td>\n<td data-label=\"G\u00fc\u00e7 giri\u015fi - P1\">9 .. 50 W<\/td>\n<\/tr>\n<tr class=\"cmp-variant-product-data__table-row\">\n<td>Ana frekans<\/td>\n<td data-label=\"Ana frekans\">50 \/ 60 Hz<\/td>\n<\/tr>\n<tr class=\"cmp-variant-product-data__table-row\">\n<td>Nominal voltaj<\/td>\n<td data-label=\"Nominal voltaj\">1 x 230 V<\/td>\n<\/tr>\n<tr class=\"cmp-variant-product-data__table-row\">\n<td>\u00c7ekilen maksimum ak\u0131m<\/td>\n<td data-label=\"\u00c7ekilen maksimum ak\u0131m\">0.09 .. 0.46 A<\/td>\n<\/tr>\n<tr class=\"cmp-variant-product-data__table-row\">\n<td>Koruma s\u0131n\u0131f\u0131 (IEC 34-5)<\/td>\n<td data-label=\"Koruma s\u0131n\u0131f\u0131 (IEC 34-5)\">X4D<\/td>\n<\/tr>\n<tr class=\"cmp-variant-product-data__table-row\">\n<td>\u0130zolasyon s\u0131n\u0131f\u0131 (IEC 85)<\/td>\n<td data-label=\"\u0130zolasyon s\u0131n\u0131f\u0131 (IEC 85)\">F<\/td>\n<\/tr>\n<\/tbody>\n<\/table>\n<\/div>\n<div class=\"cmp-variant-product-data__column-item\">\n<h3>Di\u011ferleri<\/h3>\n<table>\n<tbody>\n<tr class=\"cmp-variant-product-data__table-row\">\n<td>Enerji (EEI)<\/td>\n<td data-label=\"Enerji (EEI)\">0.18<\/td>\n<\/tr>\n<tr class=\"cmp-variant-product-data__table-row\">\n<td>Net a\u011f\u0131rl\u0131k<\/td>\n<td data-label=\"Net a\u011f\u0131rl\u0131k\">5.11 kg<\/td>\n<\/tr>\n<tr class=\"cmp-variant-product-data__table-row\">\n<td>Br\u00fct a\u011f\u0131rl\u0131k<\/td>\n<td data-label=\"Br\u00fct a\u011f\u0131rl\u0131k\">5.75 kg<\/td>\n<\/tr>\n<tr class=\"cmp-variant-product-data__table-row\">\n<td>Sevkiyat hacmi<\/td>\n<td data-label=\"Sevkiyat hacmi\">0.015 m\u00b3<\/td>\n<\/tr>\n<tr class=\"cmp-variant-product-data__table-row\">\n<td>Danimarka VVS No.<\/td>\n<td data-label=\"Danimarka VVS No.\">380790040<\/td>\n<\/tr>\n<tr class=\"cmp-variant-product-data__table-row\">\n<td>\u0130sve\u00e7 RSK No.<\/td>\n<td data-label=\"\u0130sve\u00e7 RSK No.\">5732571<\/td>\n<\/tr>\n<tr class=\"cmp-variant-product-data__table-row\">\n<td>Finlandiya LVI No.<\/td>\n<td data-label=\"Finlandiya LVI No.\">4615540<\/td>\n<\/tr>\n<tr class=\"cmp-variant-product-data__table-row\">\n<td>Norve\u00e7 NRF No.<\/td>\n<td data-label=\"Norve\u00e7 NRF No.\">9042325<\/td>\n<\/tr>\n<tr class=\"cmp-variant-product-data__table-row\">\n<td>Country of origin<\/td>\n<td data-label=\"Country of origin\">DE<\/td>\n<\/tr>\n<tr class=\"cmp-variant-product-data__table-row\">\n<td>Custom tariff no.<\/td>\n<td data-label=\"Custom tariff no.\">84137030<\/td>\n<\/tr>\n<tr class=\"cmp-variant-product-data__table-row\">\n<td>Environmental approvals<\/td>\n<td data-label=\"Environmental approvals\">CN ROHS,WEEE<\/td>\n<\/tr>\n<\/tbody>\n<\/table>\n<\/div>\n<\/div>","protected":false},"excerpt":{"rendered":"<p>Sistem kontrol\u00fc ve izlemenin elzem oldu\u011fu uygulamalar i\u00e7in ideal.<\/p>\n<p>MAGNA3, opsiyonel CIM mod\u00fcllerini destekler, ayr\u0131ca ak\u0131ll\u0131 \u00f6zelliklere sahip bir TFT aray\u00fcze sahiptir.<\/p>","protected":false},"featured_media":9980,"template":"","meta":[],"product_cat":[15,58],"product_tag":[],"aioseo_notices":[],"_links":{"self":[{"href":"https:\/\/gscmekanik.com\/ru\/wp-json\/wp\/v2\/product\/9979"}],"collection":[{"href":"https:\/\/gscmekanik.com\/ru\/wp-json\/wp\/v2\/product"}],"about":[{"href":"https:\/\/gscmekanik.com\/ru\/wp-json\/wp\/v2\/types\/product"}],"wp:featuredmedia":[{"embeddable":true,"href":"https:\/\/gscmekanik.com\/ru\/wp-json\/wp\/v2\/media\/9980"}],"wp:attachment":[{"href":"https:\/\/gscmekanik.com\/ru\/wp-json\/wp\/v2\/media?parent=9979"}],"wp:term":[{"taxonomy":"product_cat","embeddable":true,"href":"https:\/\/gscmekanik.com\/ru\/wp-json\/wp\/v2\/product_cat?post=9979"},{"taxonomy":"product_tag","embeddable":true,"href":"https:\/\/gscmekanik.com\/ru\/wp-json\/wp\/v2\/product_tag?post=9979"}],"curies":[{"name":"wp","href":"https:\/\/api.w.org\/{rel}","templated":true}]}}