{"id":9804,"date":"2023-05-07T01:50:22","date_gmt":"2023-05-06T22:50:22","guid":{"rendered":"https:\/\/gscmekanik.com\/?post_type=product&#038;p=9804"},"modified":"2023-05-07T02:03:36","modified_gmt":"2023-05-06T23:03:36","slug":"dw-dw-vox-serisi-paslanmaz-celik-atiksu-dalgic-pompasi","status":"publish","type":"product","link":"https:\/\/gscmekanik.com\/ru\/urunlerimiz\/dw-dw-vox-serisi-paslanmaz-celik-atiksu-dalgic-pompasi\/","title":{"rendered":"DW &#8211; DW VOX SER\u0130S\u0130 &#8211; PASLANMAZ \u00c7EL\u0130K ATIKSU DALGI\u00c7 POMPASI"},"content":{"rendered":"<p>Sabit ve mobil kurulumlar i\u00e7in AISI 304 paslanmaz \u00e7elik dalg\u0131\u00e7 pompa ve tek kanall\u0131 \u00e7ark (DW) veya vorteks \u00e7ark (DW VOX). DW &#8211; DW VOX elektrikli pompan\u0131n borulara ba\u011flant\u0131 i\u00e7in iki versiyonu vard\u0131r:<\/p>\n<p>\u2022 DW &#8211; DW VOX i\u00e7in di\u015fli<br \/>\n\u2022 DWF i\u00e7in flan\u015fl\u0131 &#8211; DW VOXF<\/p>\n<p>Daha fazla teknik bilgi i\u00e7in Databook&#8217;a bak\u0131n<\/p>\n<p>\u2022 Evsel ve end\u00fcstriyel at\u0131k suyun tahliyesi<br \/>\n\u2022 Kuyular\u0131n veya kaz\u0131lar\u0131n drenaj\u0131<br \/>\n\u2022 Su alt\u0131 alanlar\u0131n\u0131n drenaj\u0131<br \/>\n\u2022 S\u00fcspansiyon halinde kat\u0131 ve\/veya filamentli maddeler dahil olmak \u00fczere s\u0131v\u0131lar\u0131n Genel \u0130\u015flemleri<br \/>\n\u2022 S\u0131z\u0131nt\u0131 suyunun bo\u015falt\u0131lmas\u0131<br \/>\n\u2022 Kirli at\u0131k suyun i\u015flenmesi (s\u0131hhi hizmetler)<br \/>\n\u2022 Fosseptiklerin bo\u015falt\u0131lmas\u0131<\/p>","protected":false},"excerpt":{"rendered":"<p>Sabit ve mobil kurulumlar i\u00e7in AISI 304 paslanmaz \u00e7elik dalg\u0131\u00e7 pompa ve tek kanall\u0131 \u00e7ark (DW) veya vorteks \u00e7ark (DW VOX). Boru ba\u011flant\u0131s\u0131 i\u00e7in iki versiyonu mevcuttur.<\/p>\n<p>Evsel uygulamalar ve b\u00fcy\u00fck end\u00fcstriyel at\u0131k su kald\u0131rma kurulumlar\u0131 i\u00e7in uygundur.<\/p>","protected":false},"featured_media":9805,"template":"","meta":[],"product_cat":[15,57],"product_tag":[],"aioseo_notices":[],"_links":{"self":[{"href":"https:\/\/gscmekanik.com\/ru\/wp-json\/wp\/v2\/product\/9804"}],"collection":[{"href":"https:\/\/gscmekanik.com\/ru\/wp-json\/wp\/v2\/product"}],"about":[{"href":"https:\/\/gscmekanik.com\/ru\/wp-json\/wp\/v2\/types\/product"}],"wp:featuredmedia":[{"embeddable":true,"href":"https:\/\/gscmekanik.com\/ru\/wp-json\/wp\/v2\/media\/9805"}],"wp:attachment":[{"href":"https:\/\/gscmekanik.com\/ru\/wp-json\/wp\/v2\/media?parent=9804"}],"wp:term":[{"taxonomy":"product_cat","embeddable":true,"href":"https:\/\/gscmekanik.com\/ru\/wp-json\/wp\/v2\/product_cat?post=9804"},{"taxonomy":"product_tag","embeddable":true,"href":"https:\/\/gscmekanik.com\/ru\/wp-json\/wp\/v2\/product_tag?post=9804"}],"curies":[{"name":"wp","href":"https:\/\/api.w.org\/{rel}","templated":true}]}}