{"id":9801,"date":"2023-05-07T01:49:03","date_gmt":"2023-05-06T22:49:03","guid":{"rendered":"https:\/\/gscmekanik.com\/?post_type=product&#038;p=9801"},"modified":"2023-05-07T02:03:29","modified_gmt":"2023-05-06T23:03:29","slug":"right-serisi-paslanmaz-celik-atiksu-dalgic-pompasi","status":"publish","type":"product","link":"https:\/\/gscmekanik.com\/ru\/urunlerimiz\/right-serisi-paslanmaz-celik-atiksu-dalgic-pompasi\/","title":{"rendered":"RIGHT SER\u0130S\u0130 &#8211; PASLANMAZ \u00c7EL\u0130K ATIKSU DALGI\u00c7 POMPASI"},"content":{"rendered":"<p>Sabit ve hareketli tesisatlarda kullan\u0131labilen, tamam\u0131 AISI 304 paslanmaz \u00e7elik ve a\u00e7\u0131k vorteks \u00e7arkl\u0131 dalg\u0131\u00e7 pompa.<\/p>\n<p>RIGHT elektrikli pompa, geni\u015f kullan\u0131ma izin veren bir \u015famand\u0131ral\u0131 \u015falter ile de mevcuttur.<\/p>\n<p>Daha fazla teknik bilgi i\u00e7in Databook&#8217;a bak\u0131n<\/p>\n<p>\u2022 S\u00fcspansiyon halinde kat\u0131 ve\/veya filamentli maddeler i\u00e7eren kirli s\u0131v\u0131lar\u0131n ta\u015f\u0131nmas\u0131<br \/>\n\u2022 S\u0131z\u0131nt\u0131 suyunun bo\u015falt\u0131lmas\u0131<br \/>\n\u2022 Kirli at\u0131k suyun i\u015flenmesi (s\u0131hhi)<br \/>\n\u2022 La\u011f\u0131m \u00e7ukurlar\u0131n\u0131n bo\u015falt\u0131lmas\u0131 ve kanalizasyona bo\u015falt\u0131lmas\u0131<\/p>","protected":false},"excerpt":{"rendered":"<p>Sabit ve hareketli tesisatlarda kullan\u0131labilen, tamam\u0131 AISI 304 paslanmaz \u00e7elik ve a\u00e7\u0131k vorteks \u00e7arkl\u0131 dalg\u0131\u00e7 pompa.<\/p>\n<p>Evsel uygulamalar ve b\u00fcy\u00fck end\u00fcstriyel at\u0131k su kald\u0131rma kurulumlar\u0131 i\u00e7in uygundur.<\/p>","protected":false},"featured_media":9802,"template":"","meta":[],"product_cat":[15,57],"product_tag":[],"aioseo_notices":[],"_links":{"self":[{"href":"https:\/\/gscmekanik.com\/ru\/wp-json\/wp\/v2\/product\/9801"}],"collection":[{"href":"https:\/\/gscmekanik.com\/ru\/wp-json\/wp\/v2\/product"}],"about":[{"href":"https:\/\/gscmekanik.com\/ru\/wp-json\/wp\/v2\/types\/product"}],"wp:featuredmedia":[{"embeddable":true,"href":"https:\/\/gscmekanik.com\/ru\/wp-json\/wp\/v2\/media\/9802"}],"wp:attachment":[{"href":"https:\/\/gscmekanik.com\/ru\/wp-json\/wp\/v2\/media?parent=9801"}],"wp:term":[{"taxonomy":"product_cat","embeddable":true,"href":"https:\/\/gscmekanik.com\/ru\/wp-json\/wp\/v2\/product_cat?post=9801"},{"taxonomy":"product_tag","embeddable":true,"href":"https:\/\/gscmekanik.com\/ru\/wp-json\/wp\/v2\/product_tag?post=9801"}],"curies":[{"name":"wp","href":"https:\/\/api.w.org\/{rel}","templated":true}]}}