{"id":9795,"date":"2023-05-07T01:47:22","date_gmt":"2023-05-06T22:47:22","guid":{"rendered":"https:\/\/gscmekanik.com\/?post_type=product&#038;p=9795"},"modified":"2023-05-07T02:03:20","modified_gmt":"2023-05-06T23:03:20","slug":"evms-serisi-dikey-cok-kademeli-paslanmaz-celik-santrifuj-pompa","status":"publish","type":"product","link":"https:\/\/gscmekanik.com\/ru\/urunlerimiz\/evms-serisi-dikey-cok-kademeli-paslanmaz-celik-santrifuj-pompa\/","title":{"rendered":"EVMS SER\u0130S\u0130 &#8211; D\u0130KEY \u00c7OK KADEMEL\u0130 PASLANMAZ \u00c7EL\u0130K SANTR\u0130F\u00dcJ POMPA"},"content":{"rendered":"<p>Farkl\u0131 malzemelerde mevcut dikey \u00e7ok kademeli santrif\u00fcj pompa:<\/p>\n<p>\u2022 Paslanmaz \u00e7elik AISI 304 (EVMS)<br \/>\n\u2022 Paslanmaz \u00e7elik AISI 316L (EVMSL)<br \/>\n\u2022 D\u00f6kme demir (EVMSG)<\/p>\n<p>EBARA Pumps Europe&#8217;un ay\u0131rt edici \u00f6zelli\u011fi olan yenilik ve ara\u015ft\u0131rma, EVMS \u00e7ok kademeli santrif\u00fcj pompa serisini ay\u0131rt eden bir bile\u015fen olan Shurricane\u00ae \u00e7arkta bulunabilir.<\/p>\n<p>Shurricane\u00ae pervanenin patentli tasar\u0131m\u0131, a\u015fa\u011f\u0131dakileri m\u00fcmk\u00fcn k\u0131lan eksenel itmede %80&#8217;lik bir azalma sa\u011flar:<\/p>\n<p>\u2022 Motor yata\u011f\u0131n\u0131n \u00f6mr\u00fcn\u00fc koruyun<br \/>\n\u2022 T\u00fcm pompa modellerinde herhangi bir ticari motor kullan\u0131n, dolay\u0131s\u0131yla g\u00fc\u00e7lendirilmi\u015f bask\u0131 yatakl\u0131 motorlar kullanmay\u0131n. Bak\u0131m gerekiyorsa, motor de\u011fi\u015fimi daha h\u0131zl\u0131 olacak ve herhangi bir motorun kullan\u0131lmas\u0131na izin verecektir.<br \/>\n\u2022 En verimli modeller i\u00e7in MEI derecesi &gt; 0,7 ile y\u00fcksek pompa verimlili\u011fi sa\u011flay\u0131n<\/p>\n<p>EVMS \u00e7ok kademeli santrif\u00fcj pompan\u0131n sa\u011flad\u0131\u011f\u0131 avantajlar \u015fu a\u00e7\u0131lardan da belirgindir:<\/p>\n<p>\u2022 Kartu\u015f mekanik salmastra, motor yata\u011f\u0131n\u0131 s\u00f6kmeye gerek kalmadan kartu\u015f de\u011fi\u015fimine olanak tan\u0131r<br \/>\n\u2022 5,5 kW&#8217;\u0131n \u00fczerindeki a\u011f\u0131r motorlar\u0131 \u00e7\u0131karmak zorunda kalmadan kolay bak\u0131m sa\u011flayan ara par\u00e7al\u0131 kaplin<br \/>\n\u2022 Ak\u0131ll\u0131 priz \u00e7\u00f6z\u00fcmleri<\/p>\n<p>EVMS serisi, her t\u00fcr gereksinim ve farkl\u0131 boru ba\u011flant\u0131lar\u0131 i\u00e7in \u00e7ok say\u0131da mekanik salmastra kombinasyonu sunar.<\/p>\n<p>D\u00fc\u015f\u00fck NPSH versiyonu (EVMSN) istek \u00fczerine mevcuttur.<\/p>\n<p>Daha fazla teknik bilgi i\u00e7in Databook&#8217;a bak\u0131n<\/p>\n<p>\u2022 Sivil, end\u00fcstriyel, tar\u0131msal ve yang\u0131nla m\u00fccadele bas\u0131n\u00e7land\u0131rma sistemleri<br \/>\n\u2022 Birincil su ar\u0131tma sistemleri<br \/>\n\u2022 Ters osmoz<br \/>\n\u2022 Filtreleme<br \/>\n\u2022 Orta derecede agresif s\u0131v\u0131lar\u0131n i\u015flenmesi<br \/>\n\u2022 Kazan y\u00fcklemesi<br \/>\n\u2022 Y\u0131kama sistemleri<br \/>\n\u2022 Is\u0131tma ve klima<\/p>","protected":false},"excerpt":{"rendered":"<p>AISI 304 (EVMS), AISI 316L (EVMSL) ve d\u00f6kme demir (EVMSG) olarak sunulan dikey \u00e7ok kademeli santrif\u00fcj pompa.<\/p>","protected":false},"featured_media":9796,"template":"","meta":[],"product_cat":[15,57],"product_tag":[],"aioseo_notices":[],"_links":{"self":[{"href":"https:\/\/gscmekanik.com\/ru\/wp-json\/wp\/v2\/product\/9795"}],"collection":[{"href":"https:\/\/gscmekanik.com\/ru\/wp-json\/wp\/v2\/product"}],"about":[{"href":"https:\/\/gscmekanik.com\/ru\/wp-json\/wp\/v2\/types\/product"}],"wp:featuredmedia":[{"embeddable":true,"href":"https:\/\/gscmekanik.com\/ru\/wp-json\/wp\/v2\/media\/9796"}],"wp:attachment":[{"href":"https:\/\/gscmekanik.com\/ru\/wp-json\/wp\/v2\/media?parent=9795"}],"wp:term":[{"taxonomy":"product_cat","embeddable":true,"href":"https:\/\/gscmekanik.com\/ru\/wp-json\/wp\/v2\/product_cat?post=9795"},{"taxonomy":"product_tag","embeddable":true,"href":"https:\/\/gscmekanik.com\/ru\/wp-json\/wp\/v2\/product_tag?post=9795"}],"curies":[{"name":"wp","href":"https:\/\/api.w.org\/{rel}","templated":true}]}}