{"id":9788,"date":"2023-05-07T01:44:33","date_gmt":"2023-05-06T22:44:33","guid":{"rendered":"https:\/\/gscmekanik.com\/?post_type=product&#038;p=9788"},"modified":"2023-05-07T02:03:02","modified_gmt":"2023-05-06T23:03:02","slug":"dwo-dwc-serisi-paslanmaz-celik-santrifuj-pompa","status":"publish","type":"product","link":"https:\/\/gscmekanik.com\/ru\/urunlerimiz\/dwo-dwc-serisi-paslanmaz-celik-santrifuj-pompa\/","title":{"rendered":"DWO &#8211; DWC SER\u0130S\u0130 &#8211; PASLANMAZ \u00c7EL\u0130K SANTR\u0130F\u00dcJ POMPA"},"content":{"rendered":"<p>AISI 304 paslanmaz \u00e7elikten a\u00e7\u0131k radyal ak\u0131\u015fl\u0131 \u00e7ark ile donat\u0131lm\u0131\u015f santrif\u00fcj pompa, tamamen temiz olmayan ancak \u00e7ap\u0131 19 mm&#8217;ye kadar olan kat\u0131 par\u00e7alar\u0131 olan s\u0131v\u0131lar\u0131 pompalamak i\u00e7in de uygundur.<\/p>\n<p>DWO elektrikli pompan\u0131n preslenmi\u015f AISI 304 pompa g\u00f6vdesi, sa\u011flam yap\u0131, hidrolik verimlilik ve g\u00fcvenilirlik sa\u011flayan hidroform i\u015flemiyle elde edilir.<\/p>\n<p>Daha fazla teknik bilgi i\u00e7in Databook&#8217;a bak\u0131n<\/p>\n<p>\u2022 Sebze, et, bal\u0131k ve yumu\u015fak\u00e7alar\u0131n y\u0131kanmas\u0131<br \/>\n\u2022 End\u00fcstriyel d\u00f6ng\u00fc sonu y\u0131kama sistemleri, metal par\u00e7alar\u0131n, tenekelerin y\u0131kanmas\u0131 ve y\u00fczey perdah\u0131, \u015fi\u015felerin, kavanozlar\u0131n, cam kaplar\u0131n, kasalar\u0131n ve sepetlerin vs. y\u0131kanmas\u0131.<br \/>\n\u2022 Ortak kullan\u0131lan bula\u015f\u0131k makineleri, bardak y\u0131kay\u0131c\u0131lar, bardak y\u0131kay\u0131c\u0131lar, sprey kabinleri<br \/>\n\u2022 S\u0131v\u0131 ta\u015f\u0131ma, bo\u015faltma ve aktarma<\/p>","protected":false},"excerpt":{"rendered":"<p>Hidroformlama ile yap\u0131lm\u0131\u015f AISI 304 paslanmaz \u00e7elikten a\u00e7\u0131k \u00e7arkl\u0131 santrif\u00fcj pompa. Radyal ak\u0131\u015f \u00e7ark\u0131, tamamen temiz olmayan ancak \u00e7ap\u0131 19 mm&#8217;ye kadar olan kat\u0131 par\u00e7alar\u0131 olan s\u0131v\u0131lar\u0131 pompalamak i\u00e7in de uygun hale getirir.<\/p>","protected":false},"featured_media":9789,"template":"","meta":[],"product_cat":[15,57],"product_tag":[],"aioseo_notices":[],"_links":{"self":[{"href":"https:\/\/gscmekanik.com\/ru\/wp-json\/wp\/v2\/product\/9788"}],"collection":[{"href":"https:\/\/gscmekanik.com\/ru\/wp-json\/wp\/v2\/product"}],"about":[{"href":"https:\/\/gscmekanik.com\/ru\/wp-json\/wp\/v2\/types\/product"}],"wp:featuredmedia":[{"embeddable":true,"href":"https:\/\/gscmekanik.com\/ru\/wp-json\/wp\/v2\/media\/9789"}],"wp:attachment":[{"href":"https:\/\/gscmekanik.com\/ru\/wp-json\/wp\/v2\/media?parent=9788"}],"wp:term":[{"taxonomy":"product_cat","embeddable":true,"href":"https:\/\/gscmekanik.com\/ru\/wp-json\/wp\/v2\/product_cat?post=9788"},{"taxonomy":"product_tag","embeddable":true,"href":"https:\/\/gscmekanik.com\/ru\/wp-json\/wp\/v2\/product_tag?post=9788"}],"curies":[{"name":"wp","href":"https:\/\/api.w.org\/{rel}","templated":true}]}}