{"id":9780,"date":"2023-05-07T01:38:41","date_gmt":"2023-05-06T22:38:41","guid":{"rendered":"https:\/\/gscmekanik.com\/?post_type=product&#038;p=9780"},"modified":"2023-05-07T02:02:40","modified_gmt":"2023-05-06T23:02:40","slug":"gs-serisi-yatay-tek-kademeli-dokum-santrifuj-pompa","status":"publish","type":"product","link":"https:\/\/gscmekanik.com\/ru\/urunlerimiz\/gs-serisi-yatay-tek-kademeli-dokum-santrifuj-pompa\/","title":{"rendered":"GS SER\u0130S\u0130 &#8211; YATAY TEK KADEMEL\u0130 D\u00d6K\u00dcM SANTR\u0130F\u00dcJ POMPA"},"content":{"rendered":"<p>En iyi teknik ve performans \u00f6zelliklerini tek bir \u00e7\u00f6z\u00fcmde birle\u015ftiren standartla\u015ft\u0131r\u0131lm\u0131\u015f tek kademeli d\u00f6kme demir santrif\u00fcj pompa ve elektrikli pompa.<\/p>\n<p>Geni\u015f \u00fcr\u00fcn yelpazesi (DN 32&#8217;den DN 200-500&#8217;e kadar), mevcut malzeme \u00e7e\u015fitlili\u011fi, kolay bak\u0131m ve hidrolik verimlilik, yine EBARA taraf\u0131ndan sunulan elektronik \u00e7\u00f6z\u00fcmlerle etkile\u015fimle daha da geli\u015ftirilmi\u015ftir.<\/p>\n<p>GS modelleri, a\u015fa\u011f\u0131daki teknik \u00f6zelliklere sahip hem \u00e7\u0131plak milli hem de elektrikli pompa versiyonlar\u0131nda mevcuttur:<\/p>\n<p>\u2022 Sa\u011flam d\u00f6kme demir pompa g\u00f6vdesi<br \/>\n\u2022 D\u00f6kme demir, sfero d\u00f6k\u00fcm ve bronz olarak sunulan \u00e7arklar<\/p>\n<p>Conta iki farkl\u0131 versiyonda se\u00e7ilebilir: Silisyum Karb\u00fcr\/Karbon\/EPDM&#8217;den mekanik olan ve Silisyum Karb\u00fcr fiberden salmastra. Uzun s\u00fcreli g\u00fcvenilir \u00e7al\u0131\u015fma ve y\u00fcksek hidrolik verimlilik sa\u011flayan iki adet de\u011fi\u015ftirilebilir bronz a\u015f\u0131nma halkas\u0131na sahiptir.<br \/>\nSon olarak, DN 32&#8217;den DN 200&#8217;e kadar flan\u015flar, tamam\u0131 PN16 (EN 1092-1&#8217;e g\u00f6re), GS&#8217;yi en a\u011f\u0131r ve en zorlu uygulamalar i\u00e7in uygun bir \u00fcr\u00fcn haline getirir.<\/p>\n<p>Motorlar, 2 veya 4 kutuplu, 50 Hz, IE3 verimlili\u011fe (0,75 kW&#8217;tan itibaren), 0,37 kW ile 355 kW aras\u0131nda de\u011fi\u015fen g\u00fc\u00e7lere sahip, invert\u00f6rlerle akuple edilebilen motorlar olarak mevcuttur.<\/p>\n<p>Daha fazla teknik bilgi i\u00e7in Databook&#8217;a bak\u0131n<\/p>\n<p>\u2022 End\u00fcstriyel i\u015flemler<br \/>\n\u2022 So\u011futma ve iklimlendirme sistemleri<br \/>\n\u2022 Bas\u0131n\u00e7land\u0131rma<br \/>\n\u2022 Yang\u0131n s\u00f6nd\u00fcrme<\/p>","protected":false},"excerpt":{"rendered":"<p>DN 32&#8217;den DN 200-500&#8217;e kadar standartla\u015ft\u0131r\u0131lm\u0131\u015f tek kademeli d\u00f6kme demir santrif\u00fcj pompa ve elektrikli pompa. \u0130ki farkl\u0131 versiyonda conta: Silisyum Karb\u00fcr\/Karbon\/EPDM mekanik ve salmastra.<\/p>\n<p>End\u00fcstriyel prosesler ve so\u011futma sistemi gibi a\u011f\u0131r hizmet uygulamalar\u0131 i\u00e7in uygundur<\/p>","protected":false},"featured_media":9781,"template":"","meta":[],"product_cat":[15,57],"product_tag":[],"aioseo_notices":[],"_links":{"self":[{"href":"https:\/\/gscmekanik.com\/ru\/wp-json\/wp\/v2\/product\/9780"}],"collection":[{"href":"https:\/\/gscmekanik.com\/ru\/wp-json\/wp\/v2\/product"}],"about":[{"href":"https:\/\/gscmekanik.com\/ru\/wp-json\/wp\/v2\/types\/product"}],"wp:featuredmedia":[{"embeddable":true,"href":"https:\/\/gscmekanik.com\/ru\/wp-json\/wp\/v2\/media\/9781"}],"wp:attachment":[{"href":"https:\/\/gscmekanik.com\/ru\/wp-json\/wp\/v2\/media?parent=9780"}],"wp:term":[{"taxonomy":"product_cat","embeddable":true,"href":"https:\/\/gscmekanik.com\/ru\/wp-json\/wp\/v2\/product_cat?post=9780"},{"taxonomy":"product_tag","embeddable":true,"href":"https:\/\/gscmekanik.com\/ru\/wp-json\/wp\/v2\/product_tag?post=9780"}],"curies":[{"name":"wp","href":"https:\/\/api.w.org\/{rel}","templated":true}]}}