{"id":9774,"date":"2023-05-07T01:35:53","date_gmt":"2023-05-06T22:35:53","guid":{"rendered":"https:\/\/gscmekanik.com\/?post_type=product&#038;p=9774"},"modified":"2023-05-07T02:02:30","modified_gmt":"2023-05-06T23:02:30","slug":"3d-serisi-yatay-tek-kademeli-dokum-santrifuj-pompa","status":"publish","type":"product","link":"https:\/\/gscmekanik.com\/ru\/urunlerimiz\/3d-serisi-yatay-tek-kademeli-dokum-santrifuj-pompa\/","title":{"rendered":"3D SER\u0130S\u0130 &#8211; YATAY TEK KADEMEL\u0130 D\u00d6K\u00dcM SANTR\u0130F\u00dcJ POMPA"},"content":{"rendered":"<p>AISI 304 ve AISI 316 \u00e7elik \u00e7arkl\u0131, 2 veya 4 kutuplu motorlara sahip eksenel emi\u015fli ve radyal tahliyeli standart d\u00f6kme demir santrif\u00fcj pompa. 3D SER\u0130S\u0130, pompa g\u00f6vdesini tehlikeye atmadan veya borular\u0131 s\u00f6kmeden motor, kaplin, braket ve pervanenin \u00e7\u0131kar\u0131lmas\u0131na izin veren Geri \u00e7ekme tasar\u0131m\u0131 ile donat\u0131lm\u0131\u015ft\u0131r.<\/p>\n<p>Elektrikli pompalar\u0131n \u00fczerine monte edilebilen \u00e7ok say\u0131da mekanik salmastra \u00e7e\u015fidi, \u00f6zel malzemelerin kullan\u0131lmas\u0131na imkan vermektedir. Bu nedenle, \u00f6rne\u011fin s\u0131v\u0131 tipi, s\u0131cakl\u0131k veya di\u011fer kullan\u0131m fakt\u00f6rlerine ba\u011fl\u0131 olarak, modele ba\u011fl\u0131 olarak geni\u015f bir s\u0131cakl\u0131k aral\u0131\u011f\u0131n\u0131 kapsayan farkl\u0131 ihtiya\u00e7lara uyum sa\u011flayabilirler.<\/p>\n<p><strong>3D SER\u0130S\u0130 \u00fc\u00e7 versiyona ayr\u0131lm\u0131\u015ft\u0131r:<\/strong><\/p>\n<p>\u2022 Uzat\u0131lm\u0131\u015f \u015faftl\u0131 3D SER\u0130S\u0130 monoblok<br \/>\n\u2022 Rijit kaplinli ve IEC Standart motorlu 3DS SER\u0130S\u0130<br \/>\n\u2022 Elastik kaplinli ve IEC Standart motorlu 3DP SER\u0130S\u0130<\/p>\n<p>Daha fazla teknik bilgi i\u00e7in Databook&#8217;a bak\u0131n<\/p>\n<p>\u2022 Is\u0131tma, havaland\u0131rma ve iklimlendirme sistemleri<br \/>\n\u2022 Sivil, tar\u0131msal ve end\u00fcstriyel tesisler i\u00e7in su temini<br \/>\n\u2022 Bas\u0131n\u00e7land\u0131rma<br \/>\n\u2022 Yang\u0131n s\u00f6nd\u00fcrme sistemleri<br \/>\n\u2022 End\u00fcstriyel s\u0131v\u0131 ta\u015f\u0131ma sistemleri<br \/>\n\u2022 \u00c7iftlikler, spor tesisleri i\u00e7in sulama<br \/>\n\u2022 Y\u0131kama sistemleri<\/p>","protected":false},"excerpt":{"rendered":"<p>AISI 304 ve AISI 316 \u00e7elik \u00e7arkl\u0131, 2 veya 4 kutuplu motorlara sahip eksenel emi\u015fli ve radyal tahliyeli standart d\u00f6kme demir santrif\u00fcj pompa. \u00dc\u00e7 versiyonda mevcuttur. Motor, kaplin, braket ve pervanenin pompa g\u00f6vdesinden \u00f6d\u00fcn vermeden veya borular\u0131 s\u00f6kmeden \u00e7\u0131kar\u0131lmas\u0131na olanak tan\u0131yan Geri \u00e7ekme tasar\u0131m\u0131 ile donat\u0131lm\u0131\u015ft\u0131r.<\/p>\n<p>Farkl\u0131 gereksinimleri kar\u015f\u0131lamak i\u00e7in elektrikli pompalara bir\u00e7ok t\u00fcrde mekanik salmastra monte edilebilir. Is\u0131tma ve iklimlendirme sistemlerinde, sivil, tar\u0131msal ve end\u00fcstriyel tesislerin su temininde, bas\u0131n\u00e7land\u0131rma ve yang\u0131nla m\u00fccadelede kullan\u0131ma uygundur.<\/p>","protected":false},"featured_media":9775,"template":"","meta":[],"product_cat":[15,57],"product_tag":[],"aioseo_notices":[],"_links":{"self":[{"href":"https:\/\/gscmekanik.com\/ru\/wp-json\/wp\/v2\/product\/9774"}],"collection":[{"href":"https:\/\/gscmekanik.com\/ru\/wp-json\/wp\/v2\/product"}],"about":[{"href":"https:\/\/gscmekanik.com\/ru\/wp-json\/wp\/v2\/types\/product"}],"wp:featuredmedia":[{"embeddable":true,"href":"https:\/\/gscmekanik.com\/ru\/wp-json\/wp\/v2\/media\/9775"}],"wp:attachment":[{"href":"https:\/\/gscmekanik.com\/ru\/wp-json\/wp\/v2\/media?parent=9774"}],"wp:term":[{"taxonomy":"product_cat","embeddable":true,"href":"https:\/\/gscmekanik.com\/ru\/wp-json\/wp\/v2\/product_cat?post=9774"},{"taxonomy":"product_tag","embeddable":true,"href":"https:\/\/gscmekanik.com\/ru\/wp-json\/wp\/v2\/product_tag?post=9774"}],"curies":[{"name":"wp","href":"https:\/\/api.w.org\/{rel}","templated":true}]}}