{"id":6272,"date":"2022-06-01T11:54:27","date_gmt":"2022-06-01T11:54:27","guid":{"rendered":"https:\/\/reactheme.com\/products\/wordpress\/waretech\/?post_type=product&#038;p=6272"},"modified":"2023-05-07T02:01:37","modified_gmt":"2023-05-06T23:01:37","slug":"3m-serisi-yatay-tek-kademeli-paslanmaz-celik-santrifuj-pompa","status":"publish","type":"product","link":"https:\/\/gscmekanik.com\/ru\/urunlerimiz\/3m-serisi-yatay-tek-kademeli-paslanmaz-celik-santrifuj-pompa\/","title":{"rendered":"3M SER\u0130S\u0130 &#8211; YATAY TEK KADEMEL\u0130 PASLANMAZ \u00c7EL\u0130K SANTR\u0130F\u00dcJ POMPA"},"content":{"rendered":"<p>Santrif\u00fcj pompa EN733 uyumludur ve farkl\u0131 malzemelerde mevcuttur:<\/p>\n<p>\u2022 Paslanmaz \u00e7elik AISI 304 (3 SER\u0130S\u0130)<br \/>\n\u2022 Paslanmaz \u00e7elik AISI 316 (3L SER\u0130S\u0130)<br \/>\n\u2022 Baz\u0131 modeller i\u00e7in paslanmaz \u00e7elik AISI 316 mikro d\u00f6k\u00fcm (3L SER\u0130S\u0130)<\/p>\n<p>EBARA Pumps Europe, pompalar\u0131n kullan\u0131laca\u011f\u0131 sekt\u00f6rlerin farkl\u0131 ihtiya\u00e7lar\u0131n\u0131 \u00e7ok iyi anl\u0131yor. Bu nedenle 2 veya 4 kutuplu motorlara sahip 3 SER\u0130S\u0130 yaratm\u0131\u015ft\u0131r; en zor ve a\u011f\u0131r hizmet ko\u015fullar\u0131nda bile ba\u015far\u0131l\u0131 bir \u015fekilde \u00e7al\u0131\u015fmak i\u00e7in eksiksiz, yenilik\u00e7i, g\u00fcvenilir ve verimli bir seri.<\/p>\n<p>3 SER\u0130S\u0130N\u0130N ay\u0131rt edici \u00f6zelli\u011fi, arkadan \u00e7ekmeli tasar\u0131m\u0131d\u0131r: pompa g\u00f6vdesini borulardan ay\u0131rmadan \u00e7ark-motor blo\u011funun \u00e7\u0131kar\u0131lmas\u0131na izin veren ve b\u00f6ylece her t\u00fcrl\u00fc bak\u0131ma izin veren bir yap\u0131.<\/p>\n<p><strong>Aral\u0131k \u015funlardan olu\u015fur:<\/strong><\/p>\n<p>\u2022 Monoblok 3(L)M SER\u0130S\u0130<br \/>\n\u2022 Rijit kaplinli 3(L)S SER\u0130S\u0130<br \/>\n\u2022 Elastik kaplinli 3(L)P SER\u0130S\u0130<\/p>\n<p>3LM SER\u0130S\u0130 ve 3LS SER\u0130S\u0130 i\u00e7in, destek aya\u011f\u0131 olmayan muhafaza g\u00f6vdesi ve do\u011frudan motor braketine monte edilmi\u015f yeni bir ayak ile Z versiyonu mevcuttur.<br \/>\nBu \u00e7\u00f6z\u00fcm, pompan\u0131n standart 3 SER\u0130S\u0130&#8217;nin aya\u011f\u0131n\u0131 ba\u011flaman\u0131n m\u00fcmk\u00fcn olmad\u0131\u011f\u0131 s\u0131n\u0131rl\u0131 alanlarda kalmas\u0131n\u0131 sa\u011flar ve en \u00f6nemlisi, aya\u011f\u0131n 90\u00b0 d\u00f6n\u00fc\u015f\u00fc sayesinde pompan\u0131n farkl\u0131 konumlarda ba\u011flanmas\u0131na olanak tan\u0131r.<\/p>\n<p>3(L)S SER\u0130S\u0130 ve 3(L)P SER\u0130S\u0130, ATEX sertifikal\u0131 hidrolik ve motorla mevcuttur (ATEX versiyonu i\u00e7in sat\u0131\u015f a\u011f\u0131yla ileti\u015fime ge\u00e7menizi \u00f6neririz).<\/p>\n<p>Daha fazla teknik bilgi i\u00e7in Databook&#8217;a bak\u0131n<\/p>\n<p>\u2022 Is\u0131tma, havaland\u0131rma ve iklimlendirme sistemleri<br \/>\n\u2022 Sivil, tar\u0131msal ve end\u00fcstriyel tesisler i\u00e7in su temini<br \/>\n\u2022 Bas\u0131n\u00e7land\u0131rma<br \/>\n\u2022 Yang\u0131n s\u00f6nd\u00fcrme sistemleri<br \/>\n\u2022 End\u00fcstriyel s\u0131v\u0131 ta\u015f\u0131ma sistemleri<br \/>\n\u2022 Sulama<br \/>\n\u2022 So\u011futma kuleleri<br \/>\n\u2022 Y\u00fczme havuzlar\u0131<br \/>\n\u2022 Drenaj<br \/>\n\u2022 Y\u0131kama sistemleri<\/p>","protected":false},"excerpt":{"rendered":"<p>EN733&#8217;e g\u00f6re AISI 304 paslanmaz \u00e7elik AISI 304 (3 SER\u0130S\u0130), AISI 316 paslanmaz \u00e7elik (3L SER\u0130S\u0130), 2 veya 4 kutuplu motorlu ve Geri \u00e7ekmeli santrif\u00fcj pompa.<\/p>","protected":false},"featured_media":9769,"template":"","meta":[],"product_cat":[15,57],"product_tag":[],"aioseo_notices":[],"_links":{"self":[{"href":"https:\/\/gscmekanik.com\/ru\/wp-json\/wp\/v2\/product\/6272"}],"collection":[{"href":"https:\/\/gscmekanik.com\/ru\/wp-json\/wp\/v2\/product"}],"about":[{"href":"https:\/\/gscmekanik.com\/ru\/wp-json\/wp\/v2\/types\/product"}],"wp:featuredmedia":[{"embeddable":true,"href":"https:\/\/gscmekanik.com\/ru\/wp-json\/wp\/v2\/media\/9769"}],"wp:attachment":[{"href":"https:\/\/gscmekanik.com\/ru\/wp-json\/wp\/v2\/media?parent=6272"}],"wp:term":[{"taxonomy":"product_cat","embeddable":true,"href":"https:\/\/gscmekanik.com\/ru\/wp-json\/wp\/v2\/product_cat?post=6272"},{"taxonomy":"product_tag","embeddable":true,"href":"https:\/\/gscmekanik.com\/ru\/wp-json\/wp\/v2\/product_tag?post=6272"}],"curies":[{"name":"wp","href":"https:\/\/api.w.org\/{rel}","templated":true}]}}