{"id":10166,"date":"2023-06-16T09:27:22","date_gmt":"2023-06-16T06:27:22","guid":{"rendered":"https:\/\/gscmekanik.com\/?post_type=product&#038;p=10166"},"modified":"2023-06-16T09:40:18","modified_gmt":"2023-06-16T06:40:18","slug":"scala-serisi-kendinden-tankli-hidrofor","status":"publish","type":"product","link":"https:\/\/gscmekanik.com\/ru\/urunlerimiz\/scala-serisi-kendinden-tankli-hidrofor\/","title":{"rendered":"SCALA SER\u0130S\u0130 &#8211; KEND\u0130NDEN TANKLI H\u0130DROFOR"},"content":{"rendered":"<div class=\"richtext text\">\n<div id=\"richtext-8b7b616223\" class=\"cmp-text\">\n<h3><b>Grundfos SCALA1, bir hidrofor pompan\u0131n t\u00fcm \u00f6zelliklerini kompakt bir kompozit korumada bir araya getiren kendinden emi\u015fli, \u00e7ok kademeli pompad\u0131r.<\/b><\/h3>\n<p>Kendinden emi\u015fli oldu\u011fu i\u00e7in pompan\u0131n alt\u0131ndaki bir seviyeden su transfer edebilir. Suyla dolduruldu\u011funda, pompa 5 dakikadan az s\u00fcrede 8 m derinli\u011finden su ta\u015f\u0131yabilir. Bu \u00f6zellik, pompan\u0131n kurulumunu ve ba\u015flat\u0131lmas\u0131n\u0131 kolayla\u015ft\u0131r\u0131rken, emme hortum ya da borular\u0131nda kuru \u00e7al\u0131\u015fma ve s\u0131z\u0131nt\u0131 riski olan kurulumlar i\u00e7in daha g\u00fcvenli su temini sa\u011flar.<\/p>\n<p>SCALA1, dahili Bluetooth arac\u0131l\u0131\u011f\u0131yla Grundfos GO ile ileti\u015fim kurabilir. Grundfos GO uygulamas\u0131; pompan\u0131n detayl\u0131 bir \u015fekilde izlenmesini sa\u011flar ve bir\u00e7ok geli\u015fmi\u015f \u00f6zelle\u015ftirme opsiyonu sunar; b\u00f6ylece pompay\u0131 her uygulamaya uygun hale getirir.<\/p>\n<\/div>\n<div class=\"richtext text\">\n<div id=\"richtext-aa43dfd8fa\" class=\"cmp-text\">\n<h2><b>Grundfos SCALA2; domestik uygulamalarda bas\u0131n\u00e7land\u0131rma i\u00e7in kullan\u0131lan tam entegre, kendinden emi\u015fli ve kompakt bir \u00e7\u00f6z\u00fcmd\u00fcr.<\/b><\/h2>\n<h2>SCALA2, musluk noktalar\u0131nda m\u00fckemmel bas\u0131n\u00e7 sa\u011flayan entegre bir h\u0131z kontrol i\u015flevine sahiptir ve bu sayede pompa performans\u0131 da artan talebe g\u00f6re y\u00fckselir.<\/h2>\n<p>SCALA2 kurulumu son derece kolayd\u0131r:<br \/>\n1. Borular ba\u011flan\u0131r. 2. Pompa \u00e7al\u0131\u015ft\u0131rmaya haz\u0131rlan\u0131r. 3. Pompa fi\u015fi g\u00fc\u00e7 \u00e7\u0131k\u0131\u015f\u0131na tak\u0131l\u0131r ve pompa ba\u015flat\u0131l\u0131r.<\/p>\n<p>Grundfos SCALA2, konforlu bir bas\u0131n\u00e7 sa\u011flamak i\u00e7in gerekli t\u00fcm bile\u015fenlere sahiptir:<\/p>\n<table>\n<tbody>\n<tr>\n<td>\n<table>\n<tbody>\n<tr>\n<td>\n<ul>\n<li>ak\u0131ll\u0131 kontrol\u00f6r<\/li>\n<li>entegre h\u0131z kontroll\u00fc s\u00fcr\u00fcc\u00fc<\/li>\n<li>entegre tank<\/li>\n<li>entegre sens\u00f6rler<\/li>\n<li>entegre \u00e7ek valfler.<\/li>\n<\/ul>\n<\/td>\n<\/tr>\n<\/tbody>\n<\/table>\n<\/td>\n<\/tr>\n<\/tbody>\n<\/table>\n<h2>Daha fazla bas\u0131nca ihtiya\u00e7 duydu\u011funuzda, SCALA2 yard\u0131ma haz\u0131rd\u0131r.<\/h2>\n<\/div>\n<\/div>\n<div class=\"richtext text\">\n<div id=\"richtext-52ee0a744a\" class=\"cmp-text\">\n<p>SCALA2, t\u00fcm musluklara m\u00fckemmel su bas\u0131nc\u0131 sa\u011flayan tam entegre bir hidrofor pompas\u0131d\u0131r. H\u0131zl\u0131 ve kolay bir \u015fekilde monte edilen tek ve kompakt \u00fcnitede pompa, motor, tank, sens\u00f6r, tahrik ve \u00e7ek valf bulunur. SCALA2, ak\u0131ll\u0131 pompa kontrol\u00fcyle performans\u0131 her talebe g\u00f6re ayarlar ve su so\u011futmal\u0131 motoruyla s\u0131n\u0131f\u0131n\u0131n en d\u00fc\u015f\u00fck g\u00fcr\u00fclt\u00fc seviyelerinden birini sunar. Sonu\u00e7, minimum \u00e7abayla maksimum konfordur.<\/p>\n<\/div>\n<h2>M\u00fckemmel su bas\u0131nc\u0131<\/h2>\n<p>Ak\u0131ll\u0131 pompa kontrol\u00fc, \u00e7al\u0131\u015fmay\u0131 otomatik olarak ayarlar.<\/p>\n<\/div>\n<div class=\"cmp-feature-spot__meta\">\n<div id=\"richtext-84cccb3e91\" class=\"cmp-text\">\n<p><strong>Tipik kullan\u0131mda 47 dB (A) g\u00fcr\u00fclt\u00fc seviyesine sahip SCALA2, s\u0131n\u0131f\u0131n\u0131n en sessiz hidroforlar\u0131ndan biridir.<\/strong><\/p>\n<\/div>\n<\/div>\n<div class=\"cmp-feature-spot__media\"><\/div>\n<div id=\"richtext-8b7b616223\" class=\"cmp-text\"><\/div>\n<\/div>","protected":false},"excerpt":{"rendered":"<h4>SCALA, konut kullan\u0131m\u0131 i\u00e7in tasarlanm\u0131\u015f, hepsi bir arada entegre kendinden emi\u015fli hidroforlard\u0131r. Hidroforlar, evlere, bah\u00e7elere ve hafif ticari uygulamalara s\u00fcrekli temiz su temini sa\u011flar.<\/h4>\n<ul>\n<li><strong>SCALA1 &#8211; SAB\u0130T BASIN\u00c7LI SER\u0130S\u0130<\/strong><\/li>\n<li><strong>SCALA2 &#8211; FREKANS KONTROLL\u00dc SER\u0130S\u0130<\/strong><\/li>\n<\/ul>","protected":false},"featured_media":10169,"template":"","meta":[],"product_cat":[15,58],"product_tag":[87,88,68],"aioseo_notices":[],"_links":{"self":[{"href":"https:\/\/gscmekanik.com\/ru\/wp-json\/wp\/v2\/product\/10166"}],"collection":[{"href":"https:\/\/gscmekanik.com\/ru\/wp-json\/wp\/v2\/product"}],"about":[{"href":"https:\/\/gscmekanik.com\/ru\/wp-json\/wp\/v2\/types\/product"}],"wp:featuredmedia":[{"embeddable":true,"href":"https:\/\/gscmekanik.com\/ru\/wp-json\/wp\/v2\/media\/10169"}],"wp:attachment":[{"href":"https:\/\/gscmekanik.com\/ru\/wp-json\/wp\/v2\/media?parent=10166"}],"wp:term":[{"taxonomy":"product_cat","embeddable":true,"href":"https:\/\/gscmekanik.com\/ru\/wp-json\/wp\/v2\/product_cat?post=10166"},{"taxonomy":"product_tag","embeddable":true,"href":"https:\/\/gscmekanik.com\/ru\/wp-json\/wp\/v2\/product_tag?post=10166"}],"curies":[{"name":"wp","href":"https:\/\/api.w.org\/{rel}","templated":true}]}}