{"id":10159,"date":"2023-06-13T16:26:58","date_gmt":"2023-06-13T13:26:58","guid":{"rendered":"https:\/\/gscmekanik.com\/?post_type=product&#038;p=10159"},"modified":"2023-06-13T16:34:37","modified_gmt":"2023-06-13T13:34:37","slug":"dda-serisi-dozaj-pompalari","status":"publish","type":"product","link":"https:\/\/gscmekanik.com\/ru\/urunlerimiz\/dda-serisi-dozaj-pompalari\/","title":{"rendered":"DDA SER\u0130S\u0130 &#8211; DOZAJ POMPALARI"},"content":{"rendered":"<div class=\"richtext text\">\n<div id=\"richtext-8b7b616223\" class=\"cmp-text\">\n<h3><b>SMART Dijital DDA pozitif deplasmanl\u0131 ve diyaframl\u0131 kompakt bir dozaj pompas\u0131d\u0131r.<\/b><\/h3>\n<h3>De\u011fi\u015fken h\u0131z s\u00fcr\u00fcc\u00fcs\u00fcne (kademeli motor) ve minimum enerji t\u00fcketimiyle ak\u0131ll\u0131 kontrol elektronik aksama sahiptir. SMART Dijital Dozaj serisindeki pompalar, y\u00fcksek ak\u0131\u015fkanl\u0131ktaki ya da gaz i\u00e7ermeyen s\u0131v\u0131lar i\u00e7in bile ideal kesinlikte bir kimyasal \u00f6l\u00e7\u00fcm\u00fc, emme ve ilk \u00e7al\u0131\u015fma sa\u011flar. Bunun i\u00e7in tam strok uzunlu\u011fu i\u015fleviyle \u00e7al\u0131\u015f\u0131r ve her basma strokunun s\u00fcresi kapasiteye g\u00f6re de\u011fi\u015fir. Sonu\u00e7 olarak, optimum d\u00fczeyde sorunsuz ve s\u00fcrekli bir basma ak\u0131\u015f\u0131 sa\u011flan\u0131r.<\/h3>\n<\/div>\n<ul class=\"cmp-application-list-content\">\n<li><strong>So\u011futma<\/strong><\/li>\n<li><strong>Proses s\u0131v\u0131lar\u0131 transferi<\/strong><\/li>\n<li><strong>End\u00fcstriyel su ar\u0131tma prosesi<\/strong><\/li>\n<\/ul>\n<div id=\"richtext-8b7b616223\" class=\"cmp-text\">\n<p>T\u0131klamal\u0131 montaj plakas\u0131na \u00fc\u00e7 farkl\u0131 konumda kurulum yap\u0131labilir ve herhangi bir ilave aksesuar gerekmez. Kontrol k\u00fcp\u00fcn\u00fc rahatl\u0131kla \u00f6ne, sola ya da sa\u011fa d\u00f6nd\u00fcrebilirsiniz. Renkli ayd\u0131nlatmas\u0131 ve d\u00fcz metin i\u015fleviyle LC ekran ve mandall\u0131 \u00e7ark devreye almay\u0131 ve \u00e7al\u0131\u015ft\u0131rmay\u0131 pratikle\u015ftirir. Kontrol \u00f6\u011feleri \u015feffaf bir kapakla korunur.<\/p>\n<p>\u00c7al\u0131\u015ft\u0131rma modlar\u0131:<\/p>\n<table>\n<tbody>\n<tr>\n<td>\n<table>\n<tbody>\n<tr>\n<td>\n<ul>\n<li>ml\/h, I\/h veya gph cinsinden elle dozaj.<\/li>\n<li>ml\/pals cinsinden pals kontrol\u00fc (haf\u0131za i\u015flevi mevcuttur).<\/li>\n<li>Analog kontrol 0\/4-20 mA (\u00f6l\u00e7\u00fclebilir).<\/li>\n<li>ml, l veya galon cinsinden pals bazl\u0131 b\u00fcy\u00fck gruplar\u0131 \u00f6l\u00e7me i\u015flevi,<\/li>\n<li>Zamanlay\u0131c\u0131 i\u015flevli b\u00fcy\u00fck gruplar\u0131 \u00f6l\u00e7me i\u015flevi (Dozaj zamanlay\u0131c\u0131s\u0131, d\u00f6ng\u00fcs\u00fc ya da haftas\u0131).<\/li>\n<li>Veri yolu kontrol\u00fc (ProfibusDP E-box i\u00e7in haz\u0131rlanan Genibus).<\/li>\n<\/ul>\n<\/td>\n<\/tr>\n<\/tbody>\n<\/table>\n<\/td>\n<\/tr>\n<\/tbody>\n<\/table>\n<\/div>\n<\/div>","protected":false},"excerpt":{"rendered":"<h4>Y\u00fcksek kesinlikte kimyasal dozaj\u0131 ile geli\u015fmi\u015f proses kontrol\u00fc sa\u011flayan ve sistem kontrol\u00fc entegreli dijital dozaj pompalar\u0131.<\/h4>","protected":false},"featured_media":10162,"template":"","meta":[],"product_cat":[15,58],"product_tag":[87,88,68],"aioseo_notices":[],"_links":{"self":[{"href":"https:\/\/gscmekanik.com\/ru\/wp-json\/wp\/v2\/product\/10159"}],"collection":[{"href":"https:\/\/gscmekanik.com\/ru\/wp-json\/wp\/v2\/product"}],"about":[{"href":"https:\/\/gscmekanik.com\/ru\/wp-json\/wp\/v2\/types\/product"}],"wp:featuredmedia":[{"embeddable":true,"href":"https:\/\/gscmekanik.com\/ru\/wp-json\/wp\/v2\/media\/10162"}],"wp:attachment":[{"href":"https:\/\/gscmekanik.com\/ru\/wp-json\/wp\/v2\/media?parent=10159"}],"wp:term":[{"taxonomy":"product_cat","embeddable":true,"href":"https:\/\/gscmekanik.com\/ru\/wp-json\/wp\/v2\/product_cat?post=10159"},{"taxonomy":"product_tag","embeddable":true,"href":"https:\/\/gscmekanik.com\/ru\/wp-json\/wp\/v2\/product_tag?post=10159"}],"curies":[{"name":"wp","href":"https:\/\/api.w.org\/{rel}","templated":true}]}}