{"id":10154,"date":"2023-06-13T16:15:04","date_gmt":"2023-06-13T13:15:04","guid":{"rendered":"https:\/\/gscmekanik.com\/?post_type=product&#038;p=10154"},"modified":"2023-06-13T16:25:00","modified_gmt":"2023-06-13T13:25:00","slug":"cmbe-twin-serisi-cift-pompali-frekans-kontrollu-hidrofor-seti","status":"publish","type":"product","link":"https:\/\/gscmekanik.com\/ru\/urunlerimiz\/cmbe-twin-serisi-cift-pompali-frekans-kontrollu-hidrofor-seti\/","title":{"rendered":"CMBE TWIN  SER\u0130S\u0130 &#8211; \u00c7\u0130FT POMPALI FREKANS KONTROLL\u00dc H\u0130DROFOR SET\u0130"},"content":{"rendered":"<div class=\"richtext text\">\n<div id=\"richtext-8b7b616223\" class=\"cmp-text\">\n<h2>CMBE TWIN hidrofor: Hafif ticari binalar i\u00e7in sabit su bas\u0131nc\u0131<\/h2>\n<\/div>\n<\/div>\n<div class=\"richtext text\">\n<div id=\"richtext-cbe392251e\" class=\"cmp-text\">\n<p>CMBE TWIN hidrofor seti, daha hafif ticari uygulamalar i\u00e7in sabit su bas\u0131nc\u0131 sa\u011flayan kompakt bir pompa \u00e7\u00f6z\u00fcm\u00fcd\u00fcr. \u00dcr\u00fcn, paralel ba\u011flanm\u0131\u015f ve ortak bir \u015faseye monte edilmi\u015f iki adet CMBE hidrofordan olu\u015fmaktad\u0131r. \u00d6zellikle k\u00fc\u00e7\u00fck ofis binalar\u0131, okullar, hastaneler ve apartman binalar\u0131 i\u00e7in uygundur. CMBE TWIN hidrofor sabit su bas\u0131nc\u0131 sa\u011flar ve b\u00f6ylece son kullan\u0131c\u0131lar\u0131n de\u011fi\u015fken su bas\u0131nc\u0131n\u0131n yaratt\u0131\u011f\u0131 olumsuzluklar\u0131 ya\u015famalar\u0131na izin vermez. Pompan\u0131n kurulumu kolayd\u0131r, ayr\u0131ca g\u00fcr\u00fclt\u00fc seviyeleri olduk\u00e7a d\u00fc\u015f\u00fckt\u00fcr.<\/p>\n<\/div>\n<h2>Sabit bas\u0131n\u00e7 garantisi.<\/h2>\n<p>Entegre h\u0131z kontrol\u00f6r\u00fc, boru sistemindeki bas\u0131nc\u0131 sabit tutar.<\/p>\n<\/div>\n<h3>Her zorlu\u011fa haz\u0131r<\/h3>\n<p>Kaskad kontrol, hidrofor sisteminin performans\u0131n\u0131n otomatik olarak t\u00fcketime adapte edilmesini sa\u011flar.<\/p>\n<h3>G\u00fcvenilirli\u011fi iki kat\u0131na \u00e7\u0131kar\u0131n<\/h3>\n<p>D\u00f6n\u00fc\u015f\u00fcml\u00fc \u00e7al\u0131\u015fan pompalar, \u00e7al\u0131\u015fma saatlerinin zaman i\u00e7inde pompalar aras\u0131nda e\u015fit olarak da\u011f\u0131t\u0131lmas\u0131n\u0131 sa\u011flar.<\/p>\n<h3>Otomatik koruma<\/h3>\n<p>CMBE TWIN sayesinde sisteminiz kuru \u00e7al\u0131\u015fmaya kar\u015f\u0131 etkin bir \u015fekilde korunur.<\/p>","protected":false},"excerpt":{"rendered":"<h4>CMBE TWIN, evsel ve ticari uygulamalarda temiz su temini ve bas\u0131n\u00e7land\u0131rma i\u00e7in uygun, paralel ba\u011flanm\u0131\u015f iki Grundfos CMBE hidrofordan olu\u015fan y\u00fcksek verimli bir hidrofor sistemidir.<\/h4>\n<p><em><strong>CME Hidrofor iki CMBE Hidrofor setinden olu\u015fur. Her sette a\u015fa\u011f\u0131dakiler bulunur:<\/strong><\/em><\/p>\n<ul>\n<li>5 kanall\u0131 valf<\/li>\n<li>Genle\u015fme tank\u0131<\/li>\n<li>Bas\u0131n\u00e7 \u00f6l\u00e7er<\/li>\n<li>Bas\u0131n\u00e7 sens\u00f6r\u00fc<\/li>\n<\/ul>\n<h3><em><strong>\u00d6zellikler:<\/strong><\/em><\/h3>\n<ul>\n<li>Kaskad \u00e7oklu pompa \u00e7al\u0131\u015fmas\u0131<\/li>\n<li>Otomatik pompa de\u011fi\u015fimi<\/li>\n<li>Sabit bas\u0131n\u00e7 kontrol\u00fc<\/li>\n<li>Boru dolumu<\/li>\n<li>Kompakt tasar\u0131m<\/li>\n<li>Dayan\u0131kl\u0131, paslanmaz \u00e7elik<\/li>\n<li>Kolay kurulum (Tak-\u00c7al\u0131\u015ft\u0131r)<\/li>\n<li>Kuru \u00e7al\u0131\u015fma korumas\u0131<\/li>\n<\/ul>","protected":false},"featured_media":10156,"template":"","meta":[],"product_cat":[15,58],"product_tag":[86,68,84,85],"aioseo_notices":[],"_links":{"self":[{"href":"https:\/\/gscmekanik.com\/ru\/wp-json\/wp\/v2\/product\/10154"}],"collection":[{"href":"https:\/\/gscmekanik.com\/ru\/wp-json\/wp\/v2\/product"}],"about":[{"href":"https:\/\/gscmekanik.com\/ru\/wp-json\/wp\/v2\/types\/product"}],"wp:featuredmedia":[{"embeddable":true,"href":"https:\/\/gscmekanik.com\/ru\/wp-json\/wp\/v2\/media\/10156"}],"wp:attachment":[{"href":"https:\/\/gscmekanik.com\/ru\/wp-json\/wp\/v2\/media?parent=10154"}],"wp:term":[{"taxonomy":"product_cat","embeddable":true,"href":"https:\/\/gscmekanik.com\/ru\/wp-json\/wp\/v2\/product_cat?post=10154"},{"taxonomy":"product_tag","embeddable":true,"href":"https:\/\/gscmekanik.com\/ru\/wp-json\/wp\/v2\/product_tag?post=10154"}],"curies":[{"name":"wp","href":"https:\/\/api.w.org\/{rel}","templated":true}]}}