{"id":10148,"date":"2023-06-13T15:58:20","date_gmt":"2023-06-13T12:58:20","guid":{"rendered":"https:\/\/gscmekanik.com\/?post_type=product&#038;p=10148"},"modified":"2023-06-13T16:10:09","modified_gmt":"2023-06-13T13:10:09","slug":"mth-mtr-serisi-tezgah-tipi-pompalar","status":"publish","type":"product","link":"https:\/\/gscmekanik.com\/ru\/urunlerimiz\/mth-mtr-serisi-tezgah-tipi-pompalar\/","title":{"rendered":"MTH &#038; MTR SER\u0130S\u0130 &#8211; TEZGAH T\u0130P\u0130 POMPALAR"},"content":{"rendered":"<div class=\"richtext text\">\n<div id=\"richtext-af470ba820\" class=\"cmp-text\">\n<p>MTR, MTH, MTS ve MTA pompalar\u0131ndan olu\u015fan MT serisi dikey \u00e7ok kademeli santrif\u00fcj pompalar, tak\u0131m tezgahlar\u0131, kondensat transferi ve benzer uygulamalarda so\u011futucu ya\u011flay\u0131c\u0131lar\u0131n transferi i\u00e7in tasarlanm\u0131\u015ft\u0131r. T\u00fcm MT pompalar, gereken debi, bas\u0131n\u00e7 ve uzunlu\u011fu sa\u011flamak i\u00e7in \u00e7e\u015fitli kademelerde ve boyutlarda temin edilir.<\/p>\n<\/div>\n<\/div>\n<div class=\"reveal\">\n<div data-component-root=\"\">\n<div class=\"cmp-reveal cmp-reveal--bold cmp-reveal--arrow\">\n<div class=\"cmp-reveal__container\">\n<div id=\"reveal-content-7dbf2631\" class=\"cmp-reveal__content\">\n<div class=\"b-parsys\">\n<div class=\"richtext text\">\n<div id=\"richtext-95363b97a1\" class=\"cmp-text\">\n<p>Genel end\u00fcstri uygulamalar\u0131na uyacak \u015fekilde tasarlanan MT pompalar, g\u00fcvenilirlik ve hassasiyet sunar. T\u00fcm end\u00fcstriyel s\u00fcre\u00e7lerin \u00f6nceli\u011fini \u015fu \u00fc\u00e7 fakt\u00f6r olu\u015fturur: s\u00fcre\u00e7lerinizi iyile\u015ftirme, verimlili\u011fi artt\u0131rma ve genel t\u00fcketimi azaltma. MT pompayla bu ihtiya\u00e7lar\u0131n hepsine cevap veren bir \u00e7\u00f6z\u00fcm elde edersiniz.<\/p>\n<p>anklar vb. yerlerde dikey kurulum i\u00e7in \u00e7ok kademeli, dalg\u0131\u00e7, kendinden emi\u015fli, santrif\u00fcj pompa. Pompa kafas\u0131 ve kaidesi demir d\u00f6k\u00fcmd\u00fcr; t\u00fcm di\u011fer \u0131slak par\u00e7alar paslanmaz \u00e7eliktir. Pompa, a\u015fa\u011f\u0131daki \u00f6zelliklere sahiptir:<\/p>\n<table>\n<tbody>\n<tr>\n<td>\n<table>\n<tbody>\n<tr>\n<td>\n<ul>\n<li>Kurulum uzunlu\u011fu DIN 5440 standard\u0131na uygundur.<\/li>\n<li>\u00c7arklar, ara gruplar ve yivli mil Stainless steel malzemeden \u00fcretilmi\u015ftir.<\/li>\n<li>Mekanik salmastra, EN 12756 standard\u0131na uygundur.<\/li>\n<li>G\u00fc\u00e7 aktar\u0131m\u0131, demir d\u00f6k\u00fcm par\u00e7al\u0131 kaplinle sa\u011flan\u0131r.<\/li>\n<\/ul>\n<\/td>\n<\/tr>\n<\/tbody>\n<\/table>\n<\/td>\n<\/tr>\n<\/tbody>\n<\/table>\n<p>Kartu\u015f salmastra y\u00fcksek g\u00fcvenilirlik, emniyetli kullan\u0131m, kolay eri\u015fim ve servis sa\u011flar. Pompada, 3 fazl\u0131, ayaktan montajl\u0131, fan so\u011futmal\u0131 bir asenkron motor bulunmaktad\u0131r.<\/p>\n<\/div>\n<\/div>\n<\/div>\n<\/div>\n<\/div>\n<\/div>\n<\/div>\n<\/div>","protected":false},"excerpt":{"rendered":"<h4>Tank \u00fczeri kuruluma uygun kompakt, dikey, \u00e7ok kademeli santrif\u00fcj pompalar.<\/h4>","protected":false},"featured_media":10152,"template":"","meta":[],"product_cat":[15,58],"product_tag":[82,68,83,81],"aioseo_notices":[],"_links":{"self":[{"href":"https:\/\/gscmekanik.com\/ru\/wp-json\/wp\/v2\/product\/10148"}],"collection":[{"href":"https:\/\/gscmekanik.com\/ru\/wp-json\/wp\/v2\/product"}],"about":[{"href":"https:\/\/gscmekanik.com\/ru\/wp-json\/wp\/v2\/types\/product"}],"wp:featuredmedia":[{"embeddable":true,"href":"https:\/\/gscmekanik.com\/ru\/wp-json\/wp\/v2\/media\/10152"}],"wp:attachment":[{"href":"https:\/\/gscmekanik.com\/ru\/wp-json\/wp\/v2\/media?parent=10148"}],"wp:term":[{"taxonomy":"product_cat","embeddable":true,"href":"https:\/\/gscmekanik.com\/ru\/wp-json\/wp\/v2\/product_cat?post=10148"},{"taxonomy":"product_tag","embeddable":true,"href":"https:\/\/gscmekanik.com\/ru\/wp-json\/wp\/v2\/product_tag?post=10148"}],"curies":[{"name":"wp","href":"https:\/\/api.w.org\/{rel}","templated":true}]}}