{"id":10142,"date":"2023-06-13T15:46:45","date_gmt":"2023-06-13T12:46:45","guid":{"rendered":"https:\/\/gscmekanik.com\/?post_type=product&#038;p=10142"},"modified":"2023-06-13T15:55:39","modified_gmt":"2023-06-13T12:55:39","slug":"seg-serisi-parcalayacili-bicakli-atiksu-dalgic-pompalar","status":"publish","type":"product","link":"https:\/\/gscmekanik.com\/ru\/urunlerimiz\/seg-serisi-parcalayacili-bicakli-atiksu-dalgic-pompalar\/","title":{"rendered":"SEG SER\u0130S\u0130 &#8211; PAR\u00c7ALAYACILI BI\u00c7AKLI ATIKSU DALGI\u00c7 POMPALAR"},"content":{"rendered":"<div class=\"richtext text\">\n<div id=\"richtext-9d22854243\" class=\"cmp-text\">\n<div class=\"reveal\">\n<div data-component-root=\"\">\n<div class=\"cmp-reveal cmp-reveal--bold cmp-reveal--arrow\">\n<div class=\"cmp-reveal__container\">\n<div id=\"reveal-content-fcc897d1\" class=\"cmp-reveal__content\">\n<div class=\"b-parsys\">\n<div class=\"richtext text\">\n<div id=\"richtext-617ea4df01\" class=\"cmp-text\">\n<h3>SEG \u00f6\u011f\u00fct\u00fcc\u00fc pompalar dayan\u0131kl\u0131 ve \u00e7ok y\u00f6nl\u00fcd\u00fcr.<\/h3>\n<\/div>\n<\/div>\n<div class=\"richtext text\">\n<div id=\"richtext-b1379f934a\" class=\"cmp-text\">\n<p>0,9-4 kW g\u00fcc\u00fcndeki SEG \u00f6\u011f\u00fct\u00fcc\u00fc pompalar, kanalizasyon veya yer\u00e7ekimi sistemlerinin mevcut olmad\u0131\u011f\u0131 yerlerde bas\u0131n\u00e7land\u0131r\u0131lm\u0131\u015f bir boru sistemine entegre edilerek m\u00fcstakil evlerin, k\u00fc\u00e7\u00fck \u00e7aptaki kalabal\u0131klar\u0131n ve az n\u00fcfuslu alanlar\u0131n tuvalet at\u0131klar\u0131n\u0131 ya da ar\u0131t\u0131lmam\u0131\u015f at\u0131k sular\u0131n\u0131 transfer edebilen m\u00fckemmel bir \u00e7\u00f6z\u00fcmd\u00fcr. SEG \u00f6\u011f\u00fct\u00fcc\u00fc pompalar, g\u00fcvenilirlik ve verimlilik sa\u011flayacak \u015fekilde tasarlanm\u0131\u015ft\u0131r ve maliyet a\u00e7\u0131s\u0131ndan son derece tasarrufludur. Daha k\u00fc\u00e7\u00fck bas\u0131n\u00e7l\u0131 borularla kullan\u0131labilme kullan\u0131labildi\u011fi i\u00e7in kurulumu ve \u00e7al\u0131\u015ft\u0131rmas\u0131 daha az maliyetlidir. Uzun y\u0131llar boyunca enerji verimli ve g\u00fcvenilir bir performans sergiler.<\/p>\n<\/div>\n<p><strong>AUTOADAPT versiyonlar\u0131nda<\/strong> bir kontrol\u00f6r, sens\u00f6rler ve motor korumas\u0131 bulunur. Pompa \u015febeke beslemesine ba\u011fland\u0131ktan sonra pitteki ko\u015fullara otomatik olarak adapte olur.<\/p>\n<h3>Aletsiz \u00e7al\u0131\u015fma<\/h3>\n<p>Benzersiz kelep\u00e7e sistemi, pompan\u0131n alet gerektirmeden motor \u00fcnitesinden h\u0131zl\u0131 ve kolay bir \u015fekilde s\u00f6k\u00fclmesini sa\u011flar.<\/p>\n<h3>AUTOADAPT<\/h3>\n<p>Grundfos AUTOADAPT i\u015flevine sahip pompada bir kontrol\u00f6r, sens\u00f6rler ve motor korumas\u0131 bulunur. Maksimum d\u00f6rt farkl\u0131 pompa yap\u0131land\u0131rmas\u0131na izin veren AUTOADAPT sayesinde pit ko\u015fullar\u0131na otomatik adaptasyon sa\u011flan\u0131r.<\/p>\n<h3>GO Remote<\/h3>\n<p>CIU arac\u0131l\u0131\u011f\u0131yla AUTOADAPT verilerinin yap\u0131land\u0131r\u0131lmas\u0131 i\u00e7in Grundfos GO Remote ve Modbus a\u011f\u0131 ile ileti\u015fim.<\/p>\n<\/div>\n<p>Pompa, d\u00f6kme demir ve paslanmaz \u00e7elik gibi a\u015f\u0131nmaya dayan\u0131kl\u0131 malzemelerden \u00fcretilmi\u015ftir. Bu malzemeler g\u00fcvenilir \u00e7al\u0131\u015fma sa\u011flar. Pompa y\u00fczeyi, kir ve pisliklerin pompa y\u00fczeyine tutunmas\u0131n\u0131 \u00f6nleyecek \u015fekilde p\u00fcr\u00fczs\u00fczd\u00fcr. Korozyona dayan\u0131kl\u0131 bir paslamaz \u00e7elik kelep\u00e7e motoru pompa g\u00f6vdesine sabitlemektedir ve pompada bak\u0131m i\u015flemlerinin kolayca yap\u0131labilmesini sa\u011flar. SmartTrim sistemi, pompa \u00f6mr\u00fc boyunca maksimum verimlilik sa\u011flamak amac\u0131yla \u00e7ark bo\u015flu\u011funun kolayca ayarlanmas\u0131n\u0131 sa\u011flar. Seri, enerji t\u00fcketimini azaltacak, ar\u0131za maliyetlerini minimum seviyede tutacak ve sistem \u00f6mr\u00fc boyunca pik performans\u0131 koruyacak \u015fekilde tasarlanm\u0131\u015ft\u0131r.<\/p>\n<\/div>\n<\/div>\n<\/div>\n<\/div>\n<\/div>\n<\/div>\n<\/div>\n<\/div>","protected":false},"excerpt":{"rendered":"<p>Grundfos dalg\u0131\u00e7 SEG \u00f6\u011f\u00fct\u00fcc\u00fc pompalar (0.9-4 kW) at\u0131k sular\u0131n, \u00e7amur i\u00e7erikli ve pis sular\u0131n transferine uygun \u00e7\u00f6z\u00fcmlerdir. S\u0131v\u0131daki kat\u0131lar\u0131 \u00f6\u011f\u00fcten patentli \u00f6\u011f\u00fct\u00fcc\u00fc sisteme sahiptir.<\/p>","protected":false},"featured_media":10146,"template":"","meta":[],"product_cat":[15,58],"product_tag":[76,79,77,68,80,78],"aioseo_notices":[],"_links":{"self":[{"href":"https:\/\/gscmekanik.com\/ru\/wp-json\/wp\/v2\/product\/10142"}],"collection":[{"href":"https:\/\/gscmekanik.com\/ru\/wp-json\/wp\/v2\/product"}],"about":[{"href":"https:\/\/gscmekanik.com\/ru\/wp-json\/wp\/v2\/types\/product"}],"wp:featuredmedia":[{"embeddable":true,"href":"https:\/\/gscmekanik.com\/ru\/wp-json\/wp\/v2\/media\/10146"}],"wp:attachment":[{"href":"https:\/\/gscmekanik.com\/ru\/wp-json\/wp\/v2\/media?parent=10142"}],"wp:term":[{"taxonomy":"product_cat","embeddable":true,"href":"https:\/\/gscmekanik.com\/ru\/wp-json\/wp\/v2\/product_cat?post=10142"},{"taxonomy":"product_tag","embeddable":true,"href":"https:\/\/gscmekanik.com\/ru\/wp-json\/wp\/v2\/product_tag?post=10142"}],"curies":[{"name":"wp","href":"https:\/\/api.w.org\/{rel}","templated":true}]}}