{"id":10131,"date":"2023-05-23T19:51:41","date_gmt":"2023-05-23T16:51:41","guid":{"rendered":"https:\/\/gscmekanik.com\/?post_type=product&#038;p=10131"},"modified":"2023-05-23T20:00:05","modified_gmt":"2023-05-23T17:00:05","slug":"tp-kuru-rotorlu-sabit-devirli-sirkulasyon-pompasi","status":"publish","type":"product","link":"https:\/\/gscmekanik.com\/ru\/urunlerimiz\/tp-kuru-rotorlu-sabit-devirli-sirkulasyon-pompasi\/","title":{"rendered":"TP &#8211; KURU ROTORLU SAB\u0130T DEV\u0130RL\u0130 S\u0130RK\u00dcLASYON POMPASI"},"content":{"rendered":"<div class=\"richtext text\">\n<div id=\"richtext-6d48e08f56\" class=\"cmp-text\">\n<h2>Verimli Grundfos TP pompalar, her ihtiya\u00e7 duyuldu\u011funda g\u00fc\u00e7 beslemesi yapar.<\/h2>\n<\/div>\n<\/div>\n<div class=\"richtext text\">\n<div id=\"richtext-dc510a5329\" class=\"cmp-text\">\n<p>Y\u00fcksek enerji verimlili\u011fi ve mekanik salmastral\u0131 tasar\u0131m\u0131yla d\u00fcnyan\u0131n en kapsaml\u0131 serisi olan dikey hat tipi pompalar\u0131m\u0131zla tan\u0131\u015f\u0131n. K\u00fc\u00e7\u00fck ve b\u00fcy\u00fck \u00f6l\u00e7ekli sistemlere adapte edilebilen TP pompalar, \u0131s\u0131tma, so\u011futma ve iklimlendirme i\u00e7in gereken debiyi ve bas\u0131nc\u0131 sa\u011flar.<\/p>\n<p>Kapal\u0131 kaplin tasar\u0131m pompan\u0131n \u00f6nemli bir \u00f6zelli\u011fidir. Pompa ve motorun birbirinden ayr\u0131 \u00fcniteler oldu\u011fu anlam\u0131na gelen bu tasar\u0131m sayesinde TP Serisi salmastras\u0131z rotorlu pompalara k\u0131yasla transfer s\u0131v\u0131s\u0131ndaki kirlere kar\u015f\u0131 daha az hassasiyet g\u00f6sterir. \u00d6zel olarak \u00fcretilen bir salmastra haznesi de eklendi\u011finde, d\u0131\u015far\u0131dan boru tesisat\u0131 gerekmeden optimum su sirk\u00fclasyonu sa\u011flayan bir pompa \u00e7\u00f6z\u00fcm\u00fc elde edersiniz. M\u00fcmk\u00fcn olan en uzun \u00e7al\u0131\u015fma \u00f6mr\u00fc i\u00e7in son dokunu\u015f olarak pompalarda korozyona kar\u015f\u0131 y\u00fczey i\u015flemi uygulan\u0131r. D\u00fc\u015f\u00fck g\u00fcr\u00fclt\u00fc d\u00fczeyi ve 150 \u00b0C&#8217;ye kadar s\u0131cakl\u0131klara dayan\u0131kl\u0131l\u0131\u011f\u0131yla TP pompalar, sa\u011flam ve g\u00fcvenilir bir se\u00e7enektir.<\/p>\n<\/div>\n<div class=\"b-layout-grid__item b-layout-grid__item--12 b-layout-grid__item--large-4\">\n<div class=\"b-parsys cmp-split-layout__parsys\">\n<div class=\"feature-spot\">\n<div class=\"cmp-feature-spot b-theme--none  cmp-feature-spot--image-none cmp-feature-spot--text-align-top\">\n<div class=\"cmp-feature-spot__meta\">\n<div id=\"richtext-711c962646\" class=\"cmp-text\">\n<h3>Daha uzun kullan\u0131m \u00f6mr\u00fc<\/h3>\n<p>K\u0131sa, g\u00fc\u00e7l\u00fc bir pompa mili ve de\u011fi\u015ftirilebilir a\u015f\u0131nma halkas\u0131 verimlili\u011fi artt\u0131r\u0131r ve salmastra \u00f6mr\u00fcn\u00fc uzat\u0131r.<\/p>\n<\/div>\n<\/div>\n<\/div>\n<\/div>\n<\/div>\n<\/div>\n<div class=\"b-layout-grid__item b-layout-grid__item--12 b-layout-grid__item--large-4\">\n<div class=\"b-parsys cmp-split-layout__parsys\">\n<div class=\"feature-spot\">\n<div class=\"cmp-feature-spot b-theme--none  cmp-feature-spot--image-none cmp-feature-spot--text-align-top\">\n<div class=\"cmp-feature-spot__meta\">\n<div id=\"richtext-3405e78cc8\" class=\"cmp-text\">\n<h3>Dayan\u0131kl\u0131 tasar\u0131m<\/h3>\n<p>Elektro kaplamal\u0131 y\u00fczeyler daha uzun pompa \u00f6mr\u00fc sunacak \u015fekilde korozyona kar\u015f\u0131 koruma sa\u011flar.<\/p>\n<\/div>\n<\/div>\n<\/div>\n<\/div>\n<\/div>\n<\/div>\n<div class=\"b-layout-grid__item b-layout-grid__item--12 b-layout-grid__item--large-4\">\n<div class=\"b-parsys cmp-split-layout__parsys\">\n<div class=\"feature-spot\">\n<div class=\"cmp-feature-spot b-theme--none  cmp-feature-spot--image-none cmp-feature-spot--text-align-top\">\n<div class=\"cmp-feature-spot__meta\">\n<div id=\"richtext-96c8c290e8\" class=\"cmp-text\">\n<h3>Kompakt tasar\u0131m<\/h3>\n<p>E\u015fsiz salmastra haznesi tasar\u0131m\u0131, optimum su sirk\u00fclasyonu sa\u011flar &#8211; harici boru gerektirmez.<\/p>\n<\/div>\n<\/div>\n<\/div>\n<\/div>\n<\/div>\n<\/div>\n<\/div>\n<p><em><strong>Genel Kullan\u0131m Sekt\u00f6rler;<\/strong><\/em><\/p>\n<ul>\n<li>Ticari binalarda iklimlendirme<\/li>\n<li>Is\u0131tma &#8211; Ticari binalar<\/li>\n<li>B\u00f6lgesel so\u011futma<\/li>\n<li>B\u00f6lgesel \u0131s\u0131tma<\/li>\n<li>\u0130\u00e7me suyu ar\u0131tma<\/li>\n<li>Sulama<\/li>\n<li>So\u011futma<\/li>\n<li>End\u00fcstriyel \u0131s\u0131tma<\/li>\n<li>Su da\u011f\u0131t\u0131m\u0131<\/li>\n<\/ul>\n<p>&nbsp;<\/p>","protected":false},"excerpt":{"rendered":"<p>Kuru rotorlu, Tek kademeli d\u00fcz boruya tak\u0131labilir (in-line) tip, tek veya ikiz tip sirk\u00fclasyon pompalar\u0131d\u0131r.<\/p>","protected":false},"featured_media":10132,"template":"","meta":[],"product_cat":[15,58],"product_tag":[],"aioseo_notices":[],"_links":{"self":[{"href":"https:\/\/gscmekanik.com\/ru\/wp-json\/wp\/v2\/product\/10131"}],"collection":[{"href":"https:\/\/gscmekanik.com\/ru\/wp-json\/wp\/v2\/product"}],"about":[{"href":"https:\/\/gscmekanik.com\/ru\/wp-json\/wp\/v2\/types\/product"}],"wp:featuredmedia":[{"embeddable":true,"href":"https:\/\/gscmekanik.com\/ru\/wp-json\/wp\/v2\/media\/10132"}],"wp:attachment":[{"href":"https:\/\/gscmekanik.com\/ru\/wp-json\/wp\/v2\/media?parent=10131"}],"wp:term":[{"taxonomy":"product_cat","embeddable":true,"href":"https:\/\/gscmekanik.com\/ru\/wp-json\/wp\/v2\/product_cat?post=10131"},{"taxonomy":"product_tag","embeddable":true,"href":"https:\/\/gscmekanik.com\/ru\/wp-json\/wp\/v2\/product_tag?post=10131"}],"curies":[{"name":"wp","href":"https:\/\/api.w.org\/{rel}","templated":true}]}}