{"id":9358,"date":"2023-05-04T18:02:52","date_gmt":"2023-05-04T18:02:52","guid":{"rendered":"https:\/\/gscmekanik.com\/?page_id=9358"},"modified":"2023-05-04T18:06:32","modified_gmt":"2023-05-04T18:06:32","slug":"cerez-politikasi","status":"publish","type":"page","link":"https:\/\/gscmekanik.com\/ru\/cerez-politikasi\/","title":{"rendered":"\u00c7erez Politikas\u0131"},"content":{"rendered":"<div data-elementor-type=\"wp-page\" data-elementor-id=\"9358\" class=\"elementor elementor-9358\">\n\t\t\t\t\t\t\t\t\t<section class=\"elementor-section elementor-top-section elementor-element elementor-element-72cb16ab elementor-section-boxed elementor-section-height-default elementor-section-height-default\" data-id=\"72cb16ab\" data-element_type=\"section\">\n\t\t\t\t\t\t<div class=\"elementor-container elementor-column-gap-default\">\n\t\t\t\t\t<div class=\"elementor-column elementor-col-100 elementor-top-column elementor-element elementor-element-34f30a6d\" data-id=\"34f30a6d\" data-element_type=\"column\">\n\t\t\t<div class=\"elementor-widget-wrap elementor-element-populated\">\n\t\t\t\t\t\t\t\t<div class=\"elementor-element elementor-element-306bb9d5 elementor-widget elementor-widget-text-editor\" data-id=\"306bb9d5\" data-element_type=\"widget\" data-widget_type=\"text-editor.default\">\n\t\t\t\t<div class=\"elementor-widget-container\">\n\t\t\t<style>\/*! elementor - v3.11.5 - 14-03-2023 *\/\n.elementor-widget-text-editor.elementor-drop-cap-view-stacked .elementor-drop-cap{background-color:#818a91;color:#fff}.elementor-widget-text-editor.elementor-drop-cap-view-framed .elementor-drop-cap{color:#818a91;border:3px solid;background-color:transparent}.elementor-widget-text-editor:not(.elementor-drop-cap-view-default) .elementor-drop-cap{margin-top:8px}.elementor-widget-text-editor:not(.elementor-drop-cap-view-default) .elementor-drop-cap-letter{width:1em;height:1em}.elementor-widget-text-editor .elementor-drop-cap{float:left;text-align:center;line-height:1;font-size:50px}.elementor-widget-text-editor .elementor-drop-cap-letter{display:inline-block}<\/style>\t\t\t\t<!-- wp:paragraph -->\n<p>Web sitemizi her ziyaretinizde eri\u015fim ve kullan\u0131mlar\u0131n\u0131z\u0131 g\u00f6steren bilgiler sitemizi kullan\u0131\u015fl\u0131, etkili, g\u00fcvenli hale getirmek ve size daha iyi hizmet verebilmek amac\u0131yla \u00e7e\u015fitli veri elde etme ara\u00e7lar\u0131 ile veya bizim ad ve hesab\u0131m\u0131za faaliyet g\u00f6steren \u00fc\u00e7\u00fcnc\u00fc ki\u015filer taraf\u0131ndan ilgili teknolojiler kullan\u0131larak verileriniz toplan\u0131r.\u00a0<\/p>\n<p><strong>\u00c7erez (\u201cCookie\u201d) Nedir?\u00a0<\/strong><\/p>\n<p>\u00c7erezler, bir web sayfas\u0131 ziyaret edildi\u011fi zaman taray\u0131c\u0131lardaki kullan\u0131c\u0131lar\u0131n depoland\u0131\u011f\u0131 genelde harf ve rakamlardan olu\u015fan \u00e7ok k\u00fc\u00e7\u00fck metin dosyalar\u0131d\u0131r. Ki\u015filerin web siteleri \u00fczerinde arad\u0131klar\u0131n\u0131 taray\u0131c\u0131 ge\u00e7mi\u015finde kay\u0131t tutar. Site \u00fczerindeki hareketleri taray\u0131c\u0131 kay\u0131tlar\u0131nda tutarak bir web sitesine izin verir. \u00c7erezler, web sitelerine ayn\u0131 ziyaret\u00e7inin siteyi yeniden ziyaret etti\u011fini g\u00f6steren kimlik kartlar\u0131na benzetilebilir. \u00c7erezler, ziyaret\u00e7ilere ili\u015fkin isim, cinsiyet veya adres gibi ki\u015fisel verileri i\u00e7ermezler. \u00c7erezler konusundan daha detayl\u0131 bilgi i\u00e7in\u00a0www.aboutcookies.org ve\u00a0www.allaboutcookies.org\u00a0adreslerini ziyaret edebilirisiniz.<\/p>\n<p><strong>\u00c7erezlerin \u00c7e\u015fitleri Ve Kullan\u0131m Ama\u00e7lar\u0131\u00a0<\/strong><\/p>\n<p>Site sahibi taraf\u0131ndan y\u00f6netilen \u00c7erezler Web sitesi \u00c7erezi olarak adland\u0131r\u0131lmaktad\u0131r. Bunun d\u0131\u015f\u0131nda farkl\u0131 firmalar taraf\u0131ndan y\u00f6netilen \u00fc\u00e7\u00fcnc\u00fc taraf \u00c7erezlerinde kullan\u0131labilmektedir. Oturum \u00c7erezleri ziyaret\u00e7inin web sitesini terk etmesiyle birlikte silinirken, kal\u0131c\u0131 \u00c7erezler de\u011fi\u015fen s\u00fcrelerle ziyaret\u00e7ilerin cihazlar\u0131nda kalmaktad\u0131r. Teknik \u00c7erezler, do\u011frulama \u00c7erezleri, hedefleme\/reklam \u00c7erezleri, ki\u015fiselle\u015ftirme \u00c7erezleri ve analitik \u00c7erezlerde kullan\u0131m amac\u0131na g\u00f6re \u00e7e\u015fitlendirebilece\u011fimiz \u00c7erezlerdir. \u00c7erezler web sitesinin \u00e7al\u0131\u015fmas\u0131 i\u00e7in gerekli temel fonksiyonlar\u0131 ger\u00e7ekle\u015ftirmek, web sitesi analiz etmek ve performans\u0131n\u0131 artt\u0131rmak, web sitesinin i\u015flevselli\u011fini artt\u0131rmak ve kullan\u0131m kolayl\u0131\u011f\u0131 sa\u011flamak ve ki\u015fiselle\u015ftirmesi hedefleme ve reklamc\u0131l\u0131k faaliyeti ger\u00e7ekle\u015ftirmek i\u00e7in kullan\u0131labilmektedir.<\/p>\n<p><strong>\u00c7erez Tercihleri y\u00f6netimi<\/strong><\/p>\n<p>Rund-A Web sitemizin taraf\u0131n\u0131zca kullan\u0131ld\u0131\u011f\u0131 s\u00fcre\u00e7 boyunca sizin hangi ki\u015fisel verilerinizin toplan\u0131laca\u011f\u0131 hususunda tercihleriniz bizim i\u00e7in son derece \u00f6nemlidir. Bununla birlikte web sitesinin \u00e7al\u0131\u015fmas\u0131 i\u00e7in zorunlu olan \u00c7erezler konusunda tercih y\u00f6netimi m\u00fcmk\u00fcn olamamaktad\u0131r. Ek olarak baz\u0131 \u00c7erezlerin kapat\u0131lmas\u0131 halinde Web sitesinin \u00e7e\u015fitli fonksiyonlar\u0131n\u0131n \u00e7al\u0131\u015fmayabilece\u011fini hat\u0131rlat\u0131r\u0131z. Web sitemizi kullan\u0131rken web sitemizdeki \u00c7erezlere dair tercihleri ne \u015fekilde y\u00f6netebilece\u011finize ili\u015fkin bilgiler a\u015fa\u011f\u0131daki gibidir: Web sitemizi g\u00f6r\u00fcnt\u00fcledi\u011finiz taray\u0131c\u0131 ayarlar\u0131n\u0131 de\u011fi\u015ftirerek tercihlerinizi ki\u015fiselle\u015ftirme hakk\u0131na sahipsiniz. E\u011fer kulland\u0131\u011f\u0131n\u0131z taray\u0131c\u0131 bu imk\u00e2n\u0131 sunmaktaysa, taray\u0131c\u0131 ayarlar\u0131n\u0131z \u00fczerinden \u00c7erezlere ili\u015fkin tercihleri de\u011fi\u015ftirmek m\u00fcmk\u00fcnd\u00fcr. B\u00f6ylece, taray\u0131c\u0131n\u0131n sunmu\u015f oldu\u011fu imkanlara g\u00f6re farkl\u0131l\u0131k g\u00f6sterebilmekle birlikte, veri sahiplerinin \u00c7erezlerin kullan\u0131lmas\u0131n\u0131 engelleme, \u00c7erez kullan\u0131lmadan \u00f6nce uyar\u0131 almay\u0131 tercih etme veya sadece baz\u0131 \u00c7erezleri devre b\u0131rakma ya da silme imkanlar\u0131 bulunmaktad\u0131r. Bu konudaki tercihler kulland\u0131\u011f\u0131n\u0131z taray\u0131c\u0131ya g\u00f6re de\u011fi\u015fmekte olup genel a\u00e7\u0131klamaya\u00a0<a href=\"https:\/\/www.aboutcookies.org\/\">https:\/\/www.aboutcookies.org\/<\/a>\u00a0adresinden ula\u015fabilirsiniz. \u00c7erezlere ili\u015fkin tercihleriniz, web sitemize eri\u015fim sa\u011flad\u0131\u011f\u0131n\u0131z her bir cihaz \u00f6zelinde ayr\u0131 ayr\u0131 yap\u0131lmas\u0131 gerekebilmektedir.<\/p>\n<p>\u2013 Google Analytics taraf\u0131ndan y\u00f6netilen \u00c7erezleri kapatmak i\u00e7in\u00a0<a href=\"https:\/\/tools.google.com\/dlpage\/gaoptout\">t\u0131klay\u0131n\u0131z<\/a><\/p>\n<p>\u2013 Google taraf\u0131ndan sa\u011flanan ki\u015fiselle\u015ftirilmi\u015f reklam deneyimini y\u00f6netmek i\u00e7in\u00a0<a href=\"https:\/\/www.google.com\/settings\/ads\/\">t\u0131klay\u0131n\u0131z<\/a><\/p>\n<p>\u2013 Bir\u00e7ok firman\u0131n reklam faaliyetleri i\u00e7in kulland\u0131\u011f\u0131 \u00c7erezler bak\u0131m\u0131ndan tercihler\u00a0<a href=\"http:\/\/www.youronlinechoices.com\/tr\/\">Your Online Choices<\/a>\u00fczerinden y\u00f6netilebilir.<\/p>\n<p>\u2013 Mobil cihazlar \u00fczerinden \u00c7erezleri y\u00f6netmek i\u00e7in mobil cihaza ait ayarlar men\u00fcs\u00fc kullan\u0131labilir.<\/p>\n<p>\u2013 Facebook taraf\u0131ndan y\u00f6netilen \u00c7erezlere ili\u015fkin detayl\u0131 bilgiye\u00a0<a href=\"https:\/\/www.facebook.com\/about\/privacy\/update\">https:\/\/www.facebook.com\/about\/privacy\/update<\/a>adresinden ula\u015fabilirsiniz.<\/p>\n<p>\u2013 Criteo taraf\u0131ndan y\u00f6netilen \u00c7erezlere ili\u015fkin detayl\u0131 bilgiye\u00a0<a href=\"https:\/\/www.criteo.com\/privacy\/\">https:\/\/www.criteo.com\/privacy\/\u00a0<\/a>adresinden ula\u015fabilirsiniz.<\/p>\n<p><strong>Hangi Haklara Sahipsiniz?<\/strong><\/p>\n<p>6698 Say\u0131l\u0131 Ki\u015fisel Verilerin Korunmas\u0131 Kanunu\u2019nun 11. maddesi uyar\u0131nca;<\/p>\n<p>\u2013 Ki\u015fisel veri i\u015flenip i\u015flenmedi\u011fini \u00f6\u011frenme,<\/p>\n<p>\u2013 Ki\u015fisel verileri i\u015flenmi\u015fse buna ili\u015fkin bilgi talep etme,<\/p>\n<p>\u2013 Ki\u015fisel verilerin i\u015flenme amac\u0131n\u0131 ve bunlar\u0131n amac\u0131na uygun kullan\u0131l\u0131p kullan\u0131lmad\u0131\u011f\u0131n\u0131 \u00f6\u011frenme,<\/p>\n<p>\u2013 Yurt i\u00e7inde veya yurt d\u0131\u015f\u0131nda ki\u015fisel verilerin aktar\u0131ld\u0131\u011f\u0131 \u00fc\u00e7\u00fcnc\u00fc ki\u015fileri bilme,<\/p>\n<p>\u2013 Ki\u015fisel verilerin eksik veya yanl\u0131\u015f i\u015flenmi\u015f olmas\u0131 h\u00e2linde bunlar\u0131n d\u00fczeltilmesini isteme ve bu kapsamda yap\u0131lan i\u015flemin ki\u015fisel verilerin aktar\u0131ld\u0131\u011f\u0131 \u00fc\u00e7\u00fcnc\u00fc ki\u015filere bildirilmesini isteme,<\/p>\n<p>\u2013 Kanun ve ilgili di\u011fer kanun h\u00fck\u00fcmlerine uygun olarak i\u015flenmi\u015f olmas\u0131na ra\u011fmen, i\u015flenmesini gerektiren sebeplerin ortadan kalkmas\u0131 h\u00e2linde ki\u015fisel verilerin silinmesini veya yok edilmesini isteme ve bu kapsamda yap\u0131lan i\u015flemin ki\u015fisel verilerin aktar\u0131ld\u0131\u011f\u0131 \u00fc\u00e7\u00fcnc\u00fc ki\u015filere bildirilmesini isteme,<\/p>\n<p>\u2013 \u0130\u015flenen verilerin m\u00fcnhas\u0131ran otomatik sistemler vas\u0131tas\u0131yla analiz edilmesi suretiyle ki\u015finin kendisi aleyhine bir sonucun ortaya \u00e7\u0131kmas\u0131na itiraz etme,<\/p>\n<p>\u2013 Ki\u015fisel verilerin kanuna ayk\u0131r\u0131 olarak i\u015flenmesi sebebiyle zarara u\u011framas\u0131 h\u00e2linde zarar\u0131n giderilmesini talep etme<\/p>\n<p>haklar\u0131na sahipsiniz. \u0130lgili haklar, sizin taraf\u0131n\u0131zdan (ki\u015fisel veri hakk\u0131 sahibi elektronik posta adresi \u00fczerinden taraf\u0131m\u0131za iletildi\u011finde her h\u00e2l\u00fck\u00e2rda 30 (otuz) g\u00fcn i\u00e7erinde taraf\u0131m\u0131zca de\u011ferlendirilerek sonu\u00e7land\u0131r\u0131lacakt\u0131r. \u00a0Taleplerinize ili\u015fkin olarak herhangi bir \u00fccret talep edilmemesi esas olmakla birlikte, bizim taraf\u0131m\u0131zdan belirlenen, Ki\u015fisel Verileri Koruma Kurulu taraf\u0131ndan belirlenen \u00fccret tarifesi \u00fczerinden \u00fccret talep etme hakk\u0131m\u0131z sakl\u0131 kalmaktad\u0131r.<\/p>\n<p><strong>R\u0131za ve Politika\u2019daki De\u011fi\u015fiklikler\u00a0<\/strong><\/p>\n<p>Politika ile size \u00c7erez kullan\u0131m\u0131 konusunda detayl\u0131 a\u00e7\u0131klama sunmay\u0131 ve \u00c7erez tercihleri konusunda bilgilendirmede bulunmay\u0131 hedeflemekteyiz. Bu minvalde Web sitesinde yer alan \u00c7erez bilgilendirme uyar\u0131s\u0131n\u0131n taraf\u0131n\u0131zda kapat\u0131lmas\u0131 ve Web sitesinin kullan\u0131lmaya devam edilmesi halinde \u00c7erez kullan\u0131m\u0131na taraf\u0131n\u0131zca r\u0131za verildi\u011fi kabul edilmektedir. \u00c7erez tercihlerinizi de\u011fi\u015ftirme imk\u00e2n\u0131n\u0131z her zaman sakl\u0131d\u0131r. Politika h\u00fck\u00fcmleri dilendi\u011fi zaman taraf\u0131m\u0131zca her zaman de\u011fi\u015ftirilebilir. G\u00fcncel Politika Web sitemizde yay\u0131nland\u0131\u011f\u0131 tarihte y\u00fcr\u00fcrl\u00fck kazan\u0131r.<\/p>\n<!-- \/wp:paragraph -->\t\t\t\t\t\t<\/div>\n\t\t\t\t<\/div>\n\t\t\t\t\t<\/div>\n\t\t<\/div>\n\t\t\t\t\t\t\t<\/div>\n\t\t<\/section>\n\t\t\t\t\t\t\t<\/div>","protected":false},"excerpt":{"rendered":"<p>Web sitemizi her ziyaretinizde eri\u015fim ve kullan\u0131mlar\u0131n\u0131z\u0131 g\u00f6steren bilgiler sitemizi kullan\u0131\u015fl\u0131, etkili, g\u00fcvenli hale getirmek ve size daha iyi hizmet verebilmek amac\u0131yla \u00e7e\u015fitli veri elde etme ara\u00e7lar\u0131 ile veya bizim ad ve hesab\u0131m\u0131za faaliyet g\u00f6steren \u00fc\u00e7\u00fcnc\u00fc ki\u015filer taraf\u0131ndan ilgili teknolojiler kullan\u0131larak verileriniz toplan\u0131r.\u00a0 \u00c7erez (\u201cCookie\u201d) Nedir?\u00a0 \u00c7erezler, bir web sayfas\u0131 ziyaret edildi\u011fi zaman taray\u0131c\u0131lardaki kullan\u0131c\u0131lar\u0131n&#8230;<\/p>","protected":false},"author":1,"featured_media":0,"parent":0,"menu_order":0,"comment_status":"closed","ping_status":"open","template":"","meta":[],"aioseo_notices":[],"_links":{"self":[{"href":"https:\/\/gscmekanik.com\/ru\/wp-json\/wp\/v2\/pages\/9358"}],"collection":[{"href":"https:\/\/gscmekanik.com\/ru\/wp-json\/wp\/v2\/pages"}],"about":[{"href":"https:\/\/gscmekanik.com\/ru\/wp-json\/wp\/v2\/types\/page"}],"author":[{"embeddable":true,"href":"https:\/\/gscmekanik.com\/ru\/wp-json\/wp\/v2\/users\/1"}],"replies":[{"embeddable":true,"href":"https:\/\/gscmekanik.com\/ru\/wp-json\/wp\/v2\/comments?post=9358"}],"version-history":[{"count":6,"href":"https:\/\/gscmekanik.com\/ru\/wp-json\/wp\/v2\/pages\/9358\/revisions"}],"predecessor-version":[{"id":9378,"href":"https:\/\/gscmekanik.com\/ru\/wp-json\/wp\/v2\/pages\/9358\/revisions\/9378"}],"wp:attachment":[{"href":"https:\/\/gscmekanik.com\/ru\/wp-json\/wp\/v2\/media?parent=9358"}],"curies":[{"name":"wp","href":"https:\/\/api.w.org\/{rel}","templated":true}]}}