{"id":9997,"date":"2023-05-14T01:31:20","date_gmt":"2023-05-13T22:31:20","guid":{"rendered":"https:\/\/gscmekanik.com\/?post_type=product&#038;p=9997"},"modified":"2023-05-14T01:34:37","modified_gmt":"2023-05-13T22:34:37","slug":"olcum-cihazlari-pakkens","status":"publish","type":"product","link":"https:\/\/gscmekanik.com\/en\/urunlerimiz\/olcum-cihazlari-pakkens\/","title":{"rendered":"\u00d6l\u00e7\u00fcm Cihazlar\u0131 (PAKKENS)"},"content":{"rendered":"<p>PAKKENS, 45 y\u0131l\u0131 a\u015fk\u0131n bir s\u00fcredir her t\u00fcrl\u00fc bas\u0131n\u00e7 ve s\u0131cakl\u0131k \u00f6l\u00e7\u00fcm cihazlar\u0131n\u0131n, hidrolik gruplar\u0131n, HVAC ve tesisat \u00fcr\u00fcnleri ile m\u00fc\u015fteriye \u00f6zel hassas tala\u015fl\u0131 imalat par\u00e7alar\u0131n\u0131n tasar\u0131m ve \u00fcretimini ger\u00e7ekle\u015ftiren, alan\u0131n\u0131n lider firmas\u0131d\u0131r.<\/p>\n<p>Firma, Bursa Organize Sanayi B\u00f6lgesindeki tam entegre iki \u00fcretim tesisinde toplam 450\u2019nin \u00fczerinde yetkin personeli ile petro-kimya, kimya, gaz da\u011f\u0131t\u0131m\u0131, ila\u00e7, biyoteknoloji, g\u0131da i\u015fleme, HVAC, makine imalat\u0131, hidrolik, tar\u0131m, in\u015faat, otomotiv, savunma ve havac\u0131l\u0131k vb. sekt\u00f6rlerdeki ana sanayi firmalar\u0131 ve son kullan\u0131c\u0131lara hizmet vermektedir.<\/p>\n<p>PAKKENS, mevcut i\u015f kollar\u0131ndaki varl\u0131\u011f\u0131n\u0131 s\u00fcrekli g\u00fc\u00e7lendirmenin yan\u0131 s\u0131ra, stratejik b\u00fcy\u00fcme ve s\u00fcrd\u00fcr\u00fclebilirlik planlar\u0131 \u00e7er\u00e7evesinde, katma de\u011feri y\u00fcksek ve yenilik\u00e7i \u00fcr\u00fcnlerin tasar\u0131m ve \u00fcretimi i\u00e7in yat\u0131r\u0131mlar\u0131n\u0131 s\u00fcrd\u00fcrmektedir.<\/p>","protected":false},"excerpt":{"rendered":"<p>PAKKENS, 45 y\u0131l\u0131 a\u015fk\u0131n bir s\u00fcredir her t\u00fcrl\u00fc bas\u0131n\u00e7 ve s\u0131cakl\u0131k \u00f6l\u00e7\u00fcm cihazlar\u0131n\u0131n, hidrolik gruplar\u0131n, HVAC ve tesisat \u00fcr\u00fcnleri ile m\u00fc\u015fteriye \u00f6zel hassas tala\u015fl\u0131 imalat par\u00e7alar\u0131n\u0131n tasar\u0131m ve \u00fcretimini ger\u00e7ekle\u015ftiren, alan\u0131n\u0131n lider firmas\u0131d\u0131r.<\/p>","protected":false},"featured_media":9998,"template":"","meta":[],"product_cat":[28,64],"product_tag":[],"aioseo_notices":[],"_links":{"self":[{"href":"https:\/\/gscmekanik.com\/en\/wp-json\/wp\/v2\/product\/9997"}],"collection":[{"href":"https:\/\/gscmekanik.com\/en\/wp-json\/wp\/v2\/product"}],"about":[{"href":"https:\/\/gscmekanik.com\/en\/wp-json\/wp\/v2\/types\/product"}],"wp:featuredmedia":[{"embeddable":true,"href":"https:\/\/gscmekanik.com\/en\/wp-json\/wp\/v2\/media\/9998"}],"wp:attachment":[{"href":"https:\/\/gscmekanik.com\/en\/wp-json\/wp\/v2\/media?parent=9997"}],"wp:term":[{"taxonomy":"product_cat","embeddable":true,"href":"https:\/\/gscmekanik.com\/en\/wp-json\/wp\/v2\/product_cat?post=9997"},{"taxonomy":"product_tag","embeddable":true,"href":"https:\/\/gscmekanik.com\/en\/wp-json\/wp\/v2\/product_tag?post=9997"}],"curies":[{"name":"wp","href":"https:\/\/api.w.org\/{rel}","templated":true}]}}