{"id":9991,"date":"2023-05-14T01:20:31","date_gmt":"2023-05-13T22:20:31","guid":{"rendered":"https:\/\/gscmekanik.com\/?post_type=product&#038;p=9991"},"modified":"2023-05-14T01:21:52","modified_gmt":"2023-05-13T22:21:52","slug":"yangin-grubu-pompalari","status":"publish","type":"product","link":"https:\/\/gscmekanik.com\/en\/urunlerimiz\/yangin-grubu-pompalari\/","title":{"rendered":"YANGIN GRUBU POMPALARI"},"content":{"rendered":"<p>UL, Underwriters Laboratories kelimesinin k\u0131salt\u0131lm\u0131\u015f hali, \u00fcr\u00fcn g\u00fcvenli\u011fi \u00fczerine \u00e7al\u0131\u015fan ABD merkezli ba\u011f\u0131ms\u0131z bir \u00fcr\u00fcn g\u00fcvenlik sertifikasyon kurulu\u015fudur. \u0130lk standard\u0131 1903 y\u0131l\u0131nda yay\u0131nlanm\u0131\u015f olup, \u015fu an 125 \u00fclkede hizmet vermektedir.<\/p>\n<p>FM, Factory Mutual kelimesinin k\u0131salt\u0131lm\u0131\u015f hali, yang\u0131n ve do\u011fal afet gibi risklere kar\u015f\u0131 korumak \u00fczere \u00e7al\u0131\u015fan ABD merkezli d\u00fcnyan\u0131n en b\u00fcy\u00fck sigorta kurulu\u015flar\u0131ndan biridir. Bu do\u011frultuda kendi m\u00fchendislik \u00e7\u00f6z\u00fcmlerini FM Global Standards alt\u0131nda toplanm\u0131\u015ft\u0131r. FM Global ayn\u0131 zamanda kendi \u00fcretim kalitesine uygun \u00fcretilen \u00fcr\u00fcnleri FM Approvals ismi alt\u0131nda sertifikaland\u0131r\u0131r.<\/p>\n<p>&nbsp;<\/p>","protected":false},"excerpt":{"rendered":"<p>UL, Underwriters Laboratories kelimesinin k\u0131salt\u0131lm\u0131\u015f hali, \u00fcr\u00fcn g\u00fcvenli\u011fi \u00fczerine \u00e7al\u0131\u015fan ABD merkezli ba\u011f\u0131ms\u0131z bir \u00fcr\u00fcn g\u00fcvenlik sertifikasyon kurulu\u015fudur.<\/p>\n<p>\u0130lk standard\u0131 1903 y\u0131l\u0131nda yay\u0131nlanm\u0131\u015f olup, \u015fu an 125 \u00fclkede hizmet vermektedir.<\/p>","protected":false},"featured_media":9992,"template":"","meta":[],"product_cat":[15,61],"product_tag":[],"aioseo_notices":[],"_links":{"self":[{"href":"https:\/\/gscmekanik.com\/en\/wp-json\/wp\/v2\/product\/9991"}],"collection":[{"href":"https:\/\/gscmekanik.com\/en\/wp-json\/wp\/v2\/product"}],"about":[{"href":"https:\/\/gscmekanik.com\/en\/wp-json\/wp\/v2\/types\/product"}],"wp:featuredmedia":[{"embeddable":true,"href":"https:\/\/gscmekanik.com\/en\/wp-json\/wp\/v2\/media\/9992"}],"wp:attachment":[{"href":"https:\/\/gscmekanik.com\/en\/wp-json\/wp\/v2\/media?parent=9991"}],"wp:term":[{"taxonomy":"product_cat","embeddable":true,"href":"https:\/\/gscmekanik.com\/en\/wp-json\/wp\/v2\/product_cat?post=9991"},{"taxonomy":"product_tag","embeddable":true,"href":"https:\/\/gscmekanik.com\/en\/wp-json\/wp\/v2\/product_tag?post=9991"}],"curies":[{"name":"wp","href":"https:\/\/api.w.org\/{rel}","templated":true}]}}