{"id":9981,"date":"2023-05-14T01:01:26","date_gmt":"2023-05-13T22:01:26","guid":{"rendered":"https:\/\/gscmekanik.com\/?post_type=product&#038;p=9981"},"modified":"2023-05-14T01:05:04","modified_gmt":"2023-05-13T22:05:04","slug":"piranha-serisi","status":"publish","type":"product","link":"https:\/\/gscmekanik.com\/en\/urunlerimiz\/piranha-serisi\/","title":{"rendered":"PIRANHA SER\u0130S\u0130"},"content":{"rendered":"<p><strong>Ana faydalar<\/strong><\/p>\n<ul>\n<li>K\u00fc\u00e7\u00fck \u00e7apl\u0131 de\u015farj hatlar\u0131 kullanarak etkili ve ekonomik susuzla\u015ft\u0131rma<\/li>\n<li>E\u015fsiz kesme sistemleri t\u0131kan\u0131kl\u0131ks\u0131z \u00e7al\u0131\u015fma sa\u011flar<\/li>\n<li>Ayarlanabilir alt plaka s\u00fcrekli verimlili\u011fi korur<\/li>\n<li>Piranha PE \u00fczerindeki y\u00fcksek verimli IE3 motoru enerji tasarrufu sa\u011flar<\/li>\n<li>Esnek kurulum se\u00e7enekleri: kaide \/ k\u0131lavuz ray ile sabitlenir ve ta\u015f\u0131nabilir<\/li>\n<\/ul>\n<p><strong>Ana uygulamalar<\/strong><\/p>\n<p>A\u015fa\u011f\u0131daki durumlarda uzak yerle\u015fim yerlerindeki ya\u015fam birimlerinden ve evlerden kanalizasyon tahliyesi:<\/p>\n<ul>\n<li>Geleneksel bir kanalizasyonun d\u00f6\u015fenmesi \u00e7ok pahal\u0131 olacakt\u0131r.<\/li>\n<li>B\u00fcy\u00fck zemin dalgalanmalar\u0131 mevcut<\/li>\n<li>Sadece k\u00fc\u00e7\u00fck \u00e7apl\u0131 boru hatlar\u0131 d\u00f6\u015fenebilir<\/li>\n<\/ul>","protected":false},"excerpt":{"rendered":"<p>Par\u00e7alama eylemine sahip Piranha kanalizasyon pompalar\u0131, at\u0131k suyun bas\u0131n\u00e7 alt\u0131nda g\u00fcvenilir ve ekonomik bir \u015fekilde tahliye edilmesini sa\u011flar.<\/p>\n<p>Y\u00fcksek bas\u0131n\u00e7l\u0131 kanalizasyon sistemlerinde kullan\u0131l\u0131rlar, arazinin cazibeli kanalizasyon kullan\u0131m\u0131na izin vermedi\u011fi yerlerde ekonomik bir alternatif sunarlar.<\/p>","protected":false},"featured_media":9983,"template":"","meta":[],"product_cat":[15,59],"product_tag":[],"aioseo_notices":[],"_links":{"self":[{"href":"https:\/\/gscmekanik.com\/en\/wp-json\/wp\/v2\/product\/9981"}],"collection":[{"href":"https:\/\/gscmekanik.com\/en\/wp-json\/wp\/v2\/product"}],"about":[{"href":"https:\/\/gscmekanik.com\/en\/wp-json\/wp\/v2\/types\/product"}],"wp:featuredmedia":[{"embeddable":true,"href":"https:\/\/gscmekanik.com\/en\/wp-json\/wp\/v2\/media\/9983"}],"wp:attachment":[{"href":"https:\/\/gscmekanik.com\/en\/wp-json\/wp\/v2\/media?parent=9981"}],"wp:term":[{"taxonomy":"product_cat","embeddable":true,"href":"https:\/\/gscmekanik.com\/en\/wp-json\/wp\/v2\/product_cat?post=9981"},{"taxonomy":"product_tag","embeddable":true,"href":"https:\/\/gscmekanik.com\/en\/wp-json\/wp\/v2\/product_tag?post=9981"}],"curies":[{"name":"wp","href":"https:\/\/api.w.org\/{rel}","templated":true}]}}