{"id":9816,"date":"2023-05-07T01:55:41","date_gmt":"2023-05-06T22:55:41","guid":{"rendered":"https:\/\/gscmekanik.com\/?post_type=product&#038;p=9816"},"modified":"2023-05-07T02:04:16","modified_gmt":"2023-05-06T23:04:16","slug":"dl-serisi-atiksu-dalgic-pompa","status":"publish","type":"product","link":"https:\/\/gscmekanik.com\/en\/urunlerimiz\/dl-serisi-atiksu-dalgic-pompa\/","title":{"rendered":"DL SER\u0130S\u0130 &#8211;  ATIKSU DALGI\u00c7 POMPA"},"content":{"rendered":"<p>Maksimum verim sa\u011flamak i\u00e7in pompan\u0131n t\u0131kanmas\u0131n\u0131 \u00f6nleyecek \u015fekilde tasarlanm\u0131\u015f, a\u00e7\u0131k \u00e7ift kanall\u0131 \u00e7ark ve yar\u0131 a\u00e7\u0131k t\u0131kanma \u00f6nleyici \u00e7arkl\u0131 d\u00f6kme demir dalg\u0131\u00e7 pompa.<\/p>\n<p>DL elektrikli pompalar, 45 kW&#8217;a kadar geni\u015f bir g\u00fc\u00e7 yelpazesi ve farkl\u0131 basma \u00e7aplar\u0131 sunar.<\/p>\n<p>Daha fazla teknik bilgi i\u00e7in Databook&#8217;a bak\u0131n<\/p>\n<p>\u2022 Kat\u0131 ve lifli cisimlere sahip kirli s\u0131v\u0131lar<\/p>","protected":false},"excerpt":{"rendered":"<p>A\u00e7\u0131k iki kanall\u0131 \u00e7arkl\u0131 ve yar\u0131 a\u00e7\u0131k t\u0131kanma \u00f6nleyici \u00e7arkl\u0131 d\u00f6kme demir dalg\u0131\u00e7 pompa. 45 kw&#8217;a kadar geni\u015f bir g\u00fc\u00e7 yelpazesine ve farkl\u0131 de\u015farj \u00e7aplar\u0131na sahiptir.<\/p>\n<p>Ask\u0131da kat\u0131 ve lifli k\u00fctlelere sahip at\u0131k sular\u0131n pompalanmas\u0131 i\u00e7in uygundur.<\/p>","protected":false},"featured_media":9817,"template":"","meta":[],"product_cat":[15,57],"product_tag":[],"aioseo_notices":[],"_links":{"self":[{"href":"https:\/\/gscmekanik.com\/en\/wp-json\/wp\/v2\/product\/9816"}],"collection":[{"href":"https:\/\/gscmekanik.com\/en\/wp-json\/wp\/v2\/product"}],"about":[{"href":"https:\/\/gscmekanik.com\/en\/wp-json\/wp\/v2\/types\/product"}],"wp:featuredmedia":[{"embeddable":true,"href":"https:\/\/gscmekanik.com\/en\/wp-json\/wp\/v2\/media\/9817"}],"wp:attachment":[{"href":"https:\/\/gscmekanik.com\/en\/wp-json\/wp\/v2\/media?parent=9816"}],"wp:term":[{"taxonomy":"product_cat","embeddable":true,"href":"https:\/\/gscmekanik.com\/en\/wp-json\/wp\/v2\/product_cat?post=9816"},{"taxonomy":"product_tag","embeddable":true,"href":"https:\/\/gscmekanik.com\/en\/wp-json\/wp\/v2\/product_tag?post=9816"}],"curies":[{"name":"wp","href":"https:\/\/api.w.org\/{rel}","templated":true}]}}