{"id":9810,"date":"2023-05-07T01:52:50","date_gmt":"2023-05-06T22:52:50","guid":{"rendered":"https:\/\/gscmekanik.com\/?post_type=product&#038;p=9810"},"modified":"2023-05-07T02:04:00","modified_gmt":"2023-05-06T23:04:00","slug":"dl-with-cutter-serisi-parcalayicili-bicaklik-atiksu-dalgic-pompa","status":"publish","type":"product","link":"https:\/\/gscmekanik.com\/en\/urunlerimiz\/dl-with-cutter-serisi-parcalayicili-bicaklik-atiksu-dalgic-pompa\/","title":{"rendered":"DL With CUTTER SER\u0130S\u0130 &#8211; PAR\u00c7ALAYICILI BI\u00c7AKLIK ATIKSU DALGI\u00c7 POMPA"},"content":{"rendered":"<p>Pompan\u0131n t\u0131kanmas\u0131n\u0131 \u00f6nleyerek maksimum verim sa\u011flamak \u00fczere tasarlanm\u0131\u015f, kesicili ve yar\u0131 a\u00e7\u0131k t\u0131kanma \u00f6nleyici \u00e7arkl\u0131 tek kanall\u0131 a\u00e7\u0131k \u00e7arkl\u0131 d\u00f6kme demir dalg\u0131\u00e7 pompa.<\/p>\n<p>DL W\/C elektrikli pompalar, 45 kW&#8217;a kadar geni\u015f bir g\u00fc\u00e7 yelpazesi, farkl\u0131 basma \u00e7aplar\u0131 sunar ve sabit ve mobil kurulumlarda kullan\u0131labilir.<\/p>\n<p>Daha fazla teknik bilgi i\u00e7in Databook&#8217;a bak\u0131n<\/p>\n<p>\u2022 Kat\u0131 ve lifli cisimlere sahip kirli s\u0131v\u0131lar<\/p>","protected":false},"excerpt":{"rendered":"<p>Kesme etkili (kesici) a\u00e7\u0131k tek kanall\u0131 \u00e7arkl\u0131 ve pompan\u0131n kendisinin t\u0131kanmas\u0131n\u0131 \u00f6nleyen yar\u0131 a\u00e7\u0131k t\u0131kanma \u00f6nleyici \u00e7arkl\u0131 d\u00f6kme demir dalg\u0131\u00e7 pompa.<\/p>\n<p>S\u00fcspansiyon halinde kat\u0131 ve\/veya lifli g\u00f6vdelere sahip at\u0131k sular\u0131n pompalanmas\u0131 i\u00e7in uygundur.<\/p>","protected":false},"featured_media":9811,"template":"","meta":[],"product_cat":[15,57],"product_tag":[],"aioseo_notices":[],"_links":{"self":[{"href":"https:\/\/gscmekanik.com\/en\/wp-json\/wp\/v2\/product\/9810"}],"collection":[{"href":"https:\/\/gscmekanik.com\/en\/wp-json\/wp\/v2\/product"}],"about":[{"href":"https:\/\/gscmekanik.com\/en\/wp-json\/wp\/v2\/types\/product"}],"wp:featuredmedia":[{"embeddable":true,"href":"https:\/\/gscmekanik.com\/en\/wp-json\/wp\/v2\/media\/9811"}],"wp:attachment":[{"href":"https:\/\/gscmekanik.com\/en\/wp-json\/wp\/v2\/media?parent=9810"}],"wp:term":[{"taxonomy":"product_cat","embeddable":true,"href":"https:\/\/gscmekanik.com\/en\/wp-json\/wp\/v2\/product_cat?post=9810"},{"taxonomy":"product_tag","embeddable":true,"href":"https:\/\/gscmekanik.com\/en\/wp-json\/wp\/v2\/product_tag?post=9810"}],"curies":[{"name":"wp","href":"https:\/\/api.w.org\/{rel}","templated":true}]}}