{"id":9792,"date":"2023-05-07T01:46:23","date_gmt":"2023-05-06T22:46:23","guid":{"rendered":"https:\/\/gscmekanik.com\/?post_type=product&#038;p=9792"},"modified":"2023-05-07T02:03:09","modified_gmt":"2023-05-06T23:03:09","slug":"matrix-serisi-cok-kademeli-paslanmaz-celik-santrifuj-pompa","status":"publish","type":"product","link":"https:\/\/gscmekanik.com\/en\/urunlerimiz\/matrix-serisi-cok-kademeli-paslanmaz-celik-santrifuj-pompa\/","title":{"rendered":"MATRIX SER\u0130S\u0130 &#8211; \u00c7OK KADEMEL\u0130 PASLANMAZ \u00c7EL\u0130K SANTR\u0130F\u00dcJ POMPA"},"content":{"rendered":"<p>\u0130\u00e7me suyuna uygun \u00e7ok kademeli yatay AISI 304 paslanmaz \u00e7elik santrif\u00fcj pompa.<\/p>\n<p>Sa\u011flam yap\u0131s\u0131 ve kompakt tasar\u0131m\u0131, \u00e7e\u015fitli evsel ve end\u00fcstriyel uygulamalarda kurulumuna izin verir.<\/p>\n<p>Daha fazla teknik bilgi i\u00e7in Databook&#8217;a bak\u0131n<\/p>\n<p>\u2022 Bas\u0131n\u00e7 y\u00fckselticiler<br \/>\n\u2022 Su da\u011f\u0131t\u0131m\u0131 ve ar\u0131tma<br \/>\n\u2022 Is\u0131tma ve klima<br \/>\n\u2022 So\u011futma ve so\u011futucular<br \/>\n\u2022 Sulama ve ya\u011fmur suyu hasad\u0131<br \/>\n\u2022 End\u00fcstriyel y\u0131kama<br \/>\n\u2022 End\u00fcstriyel tesisler<\/p>","protected":false},"excerpt":{"rendered":"<p>\u0130\u00e7me suyuna uygun \u00e7ok kademeli yatay AISI 304 paslanmaz \u00e7elik santrif\u00fcj pompa.<\/p>\n<p>Bir\u00e7ok evsel ve end\u00fcstriyel uygulamaya uygun \u00e7e\u015fitli versiyon ve modellerde mevcuttur.<\/p>","protected":false},"featured_media":9793,"template":"","meta":[],"product_cat":[15,57],"product_tag":[],"aioseo_notices":[],"_links":{"self":[{"href":"https:\/\/gscmekanik.com\/en\/wp-json\/wp\/v2\/product\/9792"}],"collection":[{"href":"https:\/\/gscmekanik.com\/en\/wp-json\/wp\/v2\/product"}],"about":[{"href":"https:\/\/gscmekanik.com\/en\/wp-json\/wp\/v2\/types\/product"}],"wp:featuredmedia":[{"embeddable":true,"href":"https:\/\/gscmekanik.com\/en\/wp-json\/wp\/v2\/media\/9793"}],"wp:attachment":[{"href":"https:\/\/gscmekanik.com\/en\/wp-json\/wp\/v2\/media?parent=9792"}],"wp:term":[{"taxonomy":"product_cat","embeddable":true,"href":"https:\/\/gscmekanik.com\/en\/wp-json\/wp\/v2\/product_cat?post=9792"},{"taxonomy":"product_tag","embeddable":true,"href":"https:\/\/gscmekanik.com\/en\/wp-json\/wp\/v2\/product_tag?post=9792"}],"curies":[{"name":"wp","href":"https:\/\/api.w.org\/{rel}","templated":true}]}}