{"id":9785,"date":"2023-05-07T01:43:04","date_gmt":"2023-05-06T22:43:04","guid":{"rendered":"https:\/\/gscmekanik.com\/?post_type=product&#038;p=9785"},"modified":"2023-05-07T02:02:51","modified_gmt":"2023-05-06T23:02:51","slug":"cdx-2-cdx-serisi-paslanmaz-celik-santrifuj-pompa","status":"publish","type":"product","link":"https:\/\/gscmekanik.com\/en\/urunlerimiz\/cdx-2-cdx-serisi-paslanmaz-celik-santrifuj-pompa\/","title":{"rendered":"CDX &#8211; 2 CDX SER\u0130S\u0130 &#8211; PASLANMAZ \u00c7EL\u0130K SANTR\u0130F\u00dcJ POMPA"},"content":{"rendered":"<p>AISI 304 ve AISI 316 paslanmaz \u00e7elik hidrolikli tek \u00e7arkl\u0131 santrif\u00fcj pompa, radyal \u00e7arkl\u0131, hidrolik tamamen preslenmi\u015f AISI 304 veya AISI 316 (L versiyonu), sa\u011flaml\u0131k, hidrolik verimlilik ve g\u00fcvenilirlik sa\u011flayan hidroform bile\u015fenlerle.<\/p>\n<p>Hidroforming i\u015flemi, metali olu\u015fturmak i\u00e7in y\u00fcksek bas\u0131n\u00e7l\u0131 bir s\u0131v\u0131 (1200 bar&#8217;a kadar) kullan\u0131r.<\/p>\n<p>Bizim durumumuzda su olan hidrolik s\u0131v\u0131, artan bas\u0131n\u00e7la paslanmaz \u00e7eli\u011fi, kal\u0131b\u0131 olu\u015fturan matrisin i\u00e7 duvarlar\u0131yla temas edene kadar \u015fablonun \u015fekillerini kopyalamaya iter. Bir presin g\u00fcc\u00fcn\u00fc suyun kuvvetiyle birle\u015ftiren hidroforming, geleneksel i\u015flemlere g\u00f6re \u00f6nemli avantajlara sahiptir, yani:<\/p>\n<p>\u2022 M\u00fckemmel p\u00fcr\u00fczs\u00fcz \u015fekil<br \/>\n\u2022 Son derece d\u00fczg\u00fcn \u00e7al\u0131\u015fma<br \/>\n\u2022 Kaynak noktas\u0131 yok<\/p>\n<p>Bu \u00f6zellikler, y\u00fcksek korozyon direnci, %80&#8217;in \u00fczerinde performansla y\u00fcksek verimlilik ve d\u00fc\u015f\u00fck kay\u0131plar sa\u011flar.<\/p>\n<p>CDX(L) elektrikli pompalar\u0131n k\u00fc\u00e7\u00fck boyutu, onlar\u0131 dar veya ula\u015f\u0131lmas\u0131 zor alanlar i\u00e7in uygun hale getirir.<\/p>\n<p>Bu elektrikli pompalar\u0131n \u00e7ok y\u00f6nl\u00fcl\u00fc\u011f\u00fc, uygulanabilen farkl\u0131 mekanik salmastra tiplerinden kaynaklanmaktad\u0131r.<\/p>\n<p>Daha fazla teknik bilgi i\u00e7in Databook&#8217;a bak\u0131n<\/p>\n<p>\u2022 Yurti\u00e7i bas\u0131n\u00e7land\u0131rma<br \/>\n\u2022 K\u00fc\u00e7\u00fck \u00f6l\u00e7ekli bah\u00e7e sulama<br \/>\n\u2022 Y\u0131kama<br \/>\n\u2022 Su ar\u0131tma<br \/>\n\u2022 So\u011futma kuleleri<br \/>\n\u2022 Genel olarak temiz suyun i\u015flenmesi<\/p>","protected":false},"excerpt":{"rendered":"<p>AISI 304 ve AISI 316 paslanmaz \u00e7elikten tek \u00e7arkl\u0131 santrif\u00fcj pompa, radyal \u00e7ark ve korozyona kar\u015f\u0131 y\u00fcksek diren\u00e7 sa\u011flayan hidroform i\u015flemiyle yap\u0131lm\u0131\u015f bile\u015fenler.<\/p>\n<p>Bu elektrikli pompalar\u0131n \u00e7ok y\u00f6nl\u00fcl\u00fc\u011f\u00fc, uygulanabilen farkl\u0131 mekanik salmastra tiplerinden kaynaklanmaktad\u0131r.<\/p>","protected":false},"featured_media":9786,"template":"","meta":[],"product_cat":[15,57],"product_tag":[],"aioseo_notices":[],"_links":{"self":[{"href":"https:\/\/gscmekanik.com\/en\/wp-json\/wp\/v2\/product\/9785"}],"collection":[{"href":"https:\/\/gscmekanik.com\/en\/wp-json\/wp\/v2\/product"}],"about":[{"href":"https:\/\/gscmekanik.com\/en\/wp-json\/wp\/v2\/types\/product"}],"wp:featuredmedia":[{"embeddable":true,"href":"https:\/\/gscmekanik.com\/en\/wp-json\/wp\/v2\/media\/9786"}],"wp:attachment":[{"href":"https:\/\/gscmekanik.com\/en\/wp-json\/wp\/v2\/media?parent=9785"}],"wp:term":[{"taxonomy":"product_cat","embeddable":true,"href":"https:\/\/gscmekanik.com\/en\/wp-json\/wp\/v2\/product_cat?post=9785"},{"taxonomy":"product_tag","embeddable":true,"href":"https:\/\/gscmekanik.com\/en\/wp-json\/wp\/v2\/product_tag?post=9785"}],"curies":[{"name":"wp","href":"https:\/\/api.w.org\/{rel}","templated":true}]}}