{"id":10244,"date":"2024-02-27T10:43:32","date_gmt":"2024-02-27T07:43:32","guid":{"rendered":"https:\/\/gscmekanik.com\/?post_type=product&#038;p=10244"},"modified":"2024-07-08T14:30:08","modified_gmt":"2024-07-08T11:30:08","slug":"sakuragawa-u-2508c-yuksek-basinc-yuksek-debi-maden-drenaj-dalgic-pompasi","status":"publish","type":"product","link":"https:\/\/gscmekanik.com\/en\/urunlerimiz\/sakuragawa-u-2508c-yuksek-basinc-yuksek-debi-maden-drenaj-dalgic-pompasi\/","title":{"rendered":"Sakuragawa U-2508C Y\u00fcksek Bas\u0131n\u00e7 &#038; Y\u00fcksek Debi Maden Drenaj Dalg\u0131\u00e7 Pompas\u0131"},"content":{"rendered":"<p style=\"margin: 0cm;\"><strong>Pompa Model: U-2508C<\/strong><br \/>\n<strong>Motor G\u00fcc\u00fc: 37 kw<\/strong><br \/>\n<strong>\u00c7\u0131k\u0131\u015f \u00c7ap\u0131: 200 mm<\/strong><\/p>\n<p style=\"margin: 0cm;\"><strong>Maks. Debi: 240 m3\/h<\/strong><\/p>\n<p style=\"margin: 0cm;\"><strong>Maks. Basma Y\u00fcksekli\u011fi: 35 mss<\/strong><\/p>\n<p style=\"margin: 0cm;\"><strong><span style=\"font-weight: normal;\">\u00a0<\/span><\/strong><\/p>\n<p><strong>SAKURAGAWA POMPA\u00a0<\/strong><\/p>\n<p>U-SER\u0130S\u0130 Y\u00dcKSEK BASIN\u00c7 VE Y\u00dcKSEK DEB\u0130 MADEN DRENAJ DALGI\u00c7 POMPASI<\/p>\n<ul>\n<li>Bu serideki pompalar, y\u00fcksek bas\u0131n\u00e7 de\u011ferlerinde y\u00fcksek debiler i\u00e7in tasarlanm\u0131\u015ft\u0131r.<\/li>\n<li>Uzun s\u00fcreli ve sorunsuz pompa performans\u0131 i\u00e7in y\u00fcksek krom ala\u015f\u0131m\u0131 vb. gibi a\u015f\u0131nmaya dayan\u0131kl\u0131 malzemeler kullan\u0131lm\u0131\u015ft\u0131r.<\/li>\n<li>Pompa durdu\u011funda mekanik salmastray\u0131 ters bas\u0131n\u00e7tan korumak amac\u0131yla \u00f6zel bo\u015faltma sistemi mevcuttur.<\/li>\n<\/ul>\n<p>UYGULAMA ALANLARI<\/p>\n<ul>\n<li>Hazneler \/ su toplama hazneleri \/ ta\u015f ocaklar\u0131 \/ madencilik uygulamalar\u0131 \/ yer alt\u0131 ve t\u00fcnel \u015fantiyeleri vb.<\/li>\n<li>Baraj suyu drenaj\u0131nda,<\/li>\n<li>Acil su tahliyesinde,<\/li>\n<li>Y\u00fcksek bas\u0131n\u00e7larda y\u00fcksek debi gerektiren uygulamalarda kullan\u0131l\u0131r.<\/li>\n<\/ul>","protected":false},"excerpt":{"rendered":"<p style=\"margin: 0cm;\"><strong>Pompa Model: U-2508C<\/strong><br \/>\n<strong>Motor G\u00fcc\u00fc: 37 kw<\/strong><br \/>\n<strong>\u00c7\u0131k\u0131\u015f \u00c7ap\u0131: 200 mm<\/strong><\/p>\n<p style=\"margin: 0cm;\"><strong>Maks. Debi: 240 m3\/h<\/strong><\/p>\n<p style=\"margin: 0cm;\"><strong>Maks. Basma Y\u00fcksekli\u011fi: 35 mss<\/strong><\/p>","protected":false},"featured_media":10245,"template":"","meta":[],"product_cat":[98,97],"product_tag":[93,77,105,108,94,106,104,107],"aioseo_notices":[],"_links":{"self":[{"href":"https:\/\/gscmekanik.com\/en\/wp-json\/wp\/v2\/product\/10244"}],"collection":[{"href":"https:\/\/gscmekanik.com\/en\/wp-json\/wp\/v2\/product"}],"about":[{"href":"https:\/\/gscmekanik.com\/en\/wp-json\/wp\/v2\/types\/product"}],"wp:featuredmedia":[{"embeddable":true,"href":"https:\/\/gscmekanik.com\/en\/wp-json\/wp\/v2\/media\/10245"}],"wp:attachment":[{"href":"https:\/\/gscmekanik.com\/en\/wp-json\/wp\/v2\/media?parent=10244"}],"wp:term":[{"taxonomy":"product_cat","embeddable":true,"href":"https:\/\/gscmekanik.com\/en\/wp-json\/wp\/v2\/product_cat?post=10244"},{"taxonomy":"product_tag","embeddable":true,"href":"https:\/\/gscmekanik.com\/en\/wp-json\/wp\/v2\/product_tag?post=10244"}],"curies":[{"name":"wp","href":"https:\/\/api.w.org\/{rel}","templated":true}]}}