{"id":10236,"date":"2024-02-25T22:43:58","date_gmt":"2024-02-25T19:43:58","guid":{"rendered":"https:\/\/gscmekanik.com\/?post_type=product&#038;p=10236"},"modified":"2024-02-25T22:43:58","modified_gmt":"2024-02-25T19:43:58","slug":"sakuragawa-u-2404aw-cift-kademeli-yuksek-basincli-maden-drenaj-dalgic-pompasi","status":"publish","type":"product","link":"https:\/\/gscmekanik.com\/en\/urunlerimiz\/sakuragawa-u-2404aw-cift-kademeli-yuksek-basincli-maden-drenaj-dalgic-pompasi\/","title":{"rendered":"Sakuragawa U-2404AW \u00c7ift Kademeli Y\u00fcksek Bas\u0131n\u00e7l\u0131 Maden Drenaj Dalg\u0131\u00e7 Pompas\u0131"},"content":{"rendered":"<p><strong>Pompa Model: U-2404AW\u00a0<\/strong><br \/>\n<strong>Motor G\u00fcc\u00fc: 30 kw<\/strong><br \/>\n<strong>\u00c7\u0131k\u0131\u015f \u00c7ap\u0131: 100 mm<\/strong><\/p>\n<p><strong>SAKURAGAWA POMPA\u00a0<\/strong><\/p>\n<p>U-W SER\u0130S\u0130 \u00c7\u0130FT KADEMEL\u0130 Y\u00dcKSEK BASIN\u00c7LI MADEN DRENAJ DALGI\u00c7 POMPASI<\/p>\n<ul>\n<li>\u00c7ift kademeli yap\u0131, ayn\u0131 motor g\u00fcc\u00fcne sahip di\u011fer pompalara oranla daha y\u00fcksek bas\u0131n\u00e7 sa\u011flar<\/li>\n<li>K\u00fc\u00e7\u00fck \u00e7apl\u0131 silindirik g\u00f6vdeye sahip u-w, derin kuyular gibi dar kuyular\u0131n drenaj\u0131 i\u00e7in en uygun pompa serisidir<\/li>\n<li>Pompa durdu\u011funda mekanik salmastray\u0131 ters bas\u0131n\u00e7tan korumak amac\u0131yla \u00f6zel bo\u015faltma sistemi mevcuttur.<\/li>\n<li>\u00dcstten \u00e7\u0131k\u0131\u015fl\u0131 ve silindirik su kanal\u0131 sayesinde pompa motoru \u00e7al\u0131\u015fma esnas\u0131nda en verimli \u015fekilde so\u011futulmaktad\u0131r<\/li>\n<\/ul>\n<p>UYGULAMA ALANLARI<\/p>\n<ul>\n<li>Yer alt\u0131 sular\u0131, derin \u00e7ukurlarda<\/li>\n<li>\u0130n\u015faat sahalar\u0131nda su drenaj\u0131 ve su temini uygulamalar\u0131nda<\/li>\n<li>Baraj, t\u00fcnel, altge\u00e7it, maden t\u00fcneli ve sahalar\u0131n\u0131n drenaj\u0131nda<\/li>\n<li>Dar alanlarda y\u00fcksek bas\u0131n\u00e7 gerektiren uygulamalarda kullan\u0131l\u0131r<\/li>\n<\/ul>","protected":false},"excerpt":{"rendered":"<p><strong>Pompa Model: U-2404AW\u00a0<\/strong><br \/>\n<strong>Motor G\u00fcc\u00fc: 30 kw<\/strong><br \/>\n<strong>\u00c7\u0131k\u0131\u015f \u00c7ap\u0131: 100 mm<\/strong><\/p>","protected":false},"featured_media":10222,"template":"","meta":[],"product_cat":[97],"product_tag":[93,77,105,108,94,106,104,107],"aioseo_notices":[],"_links":{"self":[{"href":"https:\/\/gscmekanik.com\/en\/wp-json\/wp\/v2\/product\/10236"}],"collection":[{"href":"https:\/\/gscmekanik.com\/en\/wp-json\/wp\/v2\/product"}],"about":[{"href":"https:\/\/gscmekanik.com\/en\/wp-json\/wp\/v2\/types\/product"}],"wp:featuredmedia":[{"embeddable":true,"href":"https:\/\/gscmekanik.com\/en\/wp-json\/wp\/v2\/media\/10222"}],"wp:attachment":[{"href":"https:\/\/gscmekanik.com\/en\/wp-json\/wp\/v2\/media?parent=10236"}],"wp:term":[{"taxonomy":"product_cat","embeddable":true,"href":"https:\/\/gscmekanik.com\/en\/wp-json\/wp\/v2\/product_cat?post=10236"},{"taxonomy":"product_tag","embeddable":true,"href":"https:\/\/gscmekanik.com\/en\/wp-json\/wp\/v2\/product_tag?post=10236"}],"curies":[{"name":"wp","href":"https:\/\/api.w.org\/{rel}","templated":true}]}}