{"id":10196,"date":"2024-02-23T21:13:31","date_gmt":"2024-02-23T18:13:31","guid":{"rendered":"https:\/\/gscmekanik.com\/?post_type=product&#038;p=10196"},"modified":"2024-02-23T21:13:31","modified_gmt":"2024-02-23T18:13:31","slug":"sakuragawa-hs-38a-3-7kw-agir-hizmet-tipi-karistiricili-camur-dalgic-pompa","status":"publish","type":"product","link":"https:\/\/gscmekanik.com\/en\/urunlerimiz\/sakuragawa-hs-38a-3-7kw-agir-hizmet-tipi-karistiricili-camur-dalgic-pompa\/","title":{"rendered":"Sakuragawa HS-38A 3.7KW A\u011f\u0131r Hizmet Tipi Kar\u0131\u015ft\u0131r\u0131c\u0131l\u0131 \u00c7amur Dalg\u0131\u00e7 Pompa"},"content":{"rendered":"<p><strong>Model: HS-38A<\/strong><br \/>\n<strong>G\u00fc\u00e7: 3.7kw<\/strong><br \/>\n<strong>\u00c7\u0131k\u0131\u015f: DN80<\/strong><\/p>\n<p><strong>SAKURAGAWA POMPA\u00a0<\/strong><\/p>\n<p>HS SER\u0130S\u0130\u00a0KARI\u015eTIRICILI \u00c7AMUR DALGI\u00c7 POMPALARI<\/p>\n<p>HS serisi pompalar standart olarak bi kar\u0131\u015ft\u0131r\u0131c\u0131\u00a0 ile entegre \u00fcretilir<br \/>\nKar\u0131\u015ft\u0131r\u0131c\u0131, sudaki kumlar\u0131 etkili bir \u015fekilde \u00e7alkalad\u0131\u011f\u0131 i\u00e7in sorunsuz bir \u015fekilde transfer eder<br \/>\nhs serisi\u00a0 pompalarda kar\u0131\u015ft\u0131r\u0131c\u0131 ve \u00e7arkta suya dayan\u0131kl\u0131 malzeme kullan\u0131lmaktad\u0131r<br \/>\nKar\u015f\u0131 bas\u0131nc\u0131 serbest b\u0131rakma mekanizmas\u0131 tasar\u0131m\u0131, mekanik salmastran\u0131n \u00f6mr\u00fcn\u00fc uzat\u0131r<\/p>\n<p>UYGULAMA ALANLARI<\/p>\n<p>\u0130n\u015faat sahalar\u0131n drenaj\u0131nda<br \/>\nSudaki kumun kar\u0131\u015ft\u0131r\u0131lmas\u0131 ve transferinde<br \/>\nSudaki kum ve ince \u00e7ak\u0131l\u0131n bas\u0131lmas\u0131nda<br \/>\nHaddene pulunun drenaj\u0131nda<br \/>\nDeniz ve nehir \u015fantiyesi tarama \u00e7al\u0131\u015fmalar\u0131nda<br \/>\nSudaki tortular\u0131n pompalanmas\u0131nda<br \/>\nMadenlerde \u00e7amurlu sular\u0131n drenaj\u0131nda kullan\u0131l\u0131r<\/p>","protected":false},"excerpt":{"rendered":"<p><strong>Model: HS-38A<\/strong><br \/>\n<strong>G\u00fc\u00e7: 3.7kw<\/strong><br \/>\n<strong>\u00c7\u0131k\u0131\u015f: DN80<\/strong><\/p>","protected":false},"featured_media":10197,"template":"","meta":[],"product_cat":[89],"product_tag":[93,77,92,91,90],"aioseo_notices":[],"_links":{"self":[{"href":"https:\/\/gscmekanik.com\/en\/wp-json\/wp\/v2\/product\/10196"}],"collection":[{"href":"https:\/\/gscmekanik.com\/en\/wp-json\/wp\/v2\/product"}],"about":[{"href":"https:\/\/gscmekanik.com\/en\/wp-json\/wp\/v2\/types\/product"}],"wp:featuredmedia":[{"embeddable":true,"href":"https:\/\/gscmekanik.com\/en\/wp-json\/wp\/v2\/media\/10197"}],"wp:attachment":[{"href":"https:\/\/gscmekanik.com\/en\/wp-json\/wp\/v2\/media?parent=10196"}],"wp:term":[{"taxonomy":"product_cat","embeddable":true,"href":"https:\/\/gscmekanik.com\/en\/wp-json\/wp\/v2\/product_cat?post=10196"},{"taxonomy":"product_tag","embeddable":true,"href":"https:\/\/gscmekanik.com\/en\/wp-json\/wp\/v2\/product_tag?post=10196"}],"curies":[{"name":"wp","href":"https:\/\/api.w.org\/{rel}","templated":true}]}}