{"id":10135,"date":"2023-05-26T12:24:04","date_gmt":"2023-05-26T09:24:04","guid":{"rendered":"https:\/\/gscmekanik.com\/?post_type=product&#038;p=10135"},"modified":"2023-06-12T14:10:56","modified_gmt":"2023-06-12T11:10:56","slug":"nb-serisi-yatay-tek-kademeli-santrifuj-pompa","status":"publish","type":"product","link":"https:\/\/gscmekanik.com\/en\/urunlerimiz\/nb-serisi-yatay-tek-kademeli-santrifuj-pompa\/","title":{"rendered":"NB SER\u0130S\u0130 &#8211; YATAY TEK KADEMEL\u0130 SANTR\u0130F\u00dcJ POMPA"},"content":{"rendered":"<div class=\"richtext text\">\n<div id=\"richtext-9d22854243\" class=\"cmp-text\">\n<div class=\"richtext text\">\n<div id=\"richtext-1a8c152164\" class=\"cmp-text\">\n<h2>Zorlu uygulamalar i\u00e7in g\u00fcvenilir NB u\u00e7tan emi\u015f g\u00fcc\u00fc<\/h2>\n<\/div>\n<\/div>\n<div class=\"richtext text\">\n<div id=\"richtext-06200bfcba\" class=\"cmp-text\">\n<p>Grundfos NB u\u00e7tan emi\u015fli k\u0131sa kaplin pompalar\u0131n temel \u00f6zellikleri \u015funlard\u0131r: Kendinden emi\u015fli de\u011fildir, tek kademelidir, eksenel emme ve radyal basma a\u011fz\u0131 ile yatay mile sahip santrif\u00fcj pompalard\u0131r. Zorlu uygulamalar i\u00e7in \u00e7ok ama\u00e7l\u0131 bir pompaya ihtiya\u00e7 duyuyorsan\u0131z, NB g\u00fcvenilir ve etkin bir \u00e7\u00f6z\u00fcmd\u00fcr.<\/p>\n<\/div>\n<\/div>\n<div class=\"reveal\">\n<div data-component-root=\"\">\n<div class=\"cmp-reveal cmp-reveal--bold cmp-reveal--arrow\">\n<div class=\"cmp-reveal__container\">\n<div id=\"reveal-content-fcc897d1\" class=\"cmp-reveal__content\">\n<div class=\"b-parsys\">\n<div class=\"richtext text\">\n<div id=\"richtext-62d945d1d7\" class=\"cmp-text\">\n<p>Kompakt ve kapal\u0131 kaplin tasar\u0131m\u0131 sayesinde dar alanlara kurulum kolayd\u0131r. NBG pompa, ana boyutlar\u0131 a\u00e7\u0131s\u0131ndan EN733 standard\u0131na g\u00f6re tasarlanm\u0131\u015ft\u0131r ve t\u00fcm Grundfos u\u00e7tan emi\u015fli pompalar, fabrikadan \u00e7\u0131kmadan \u00f6nce ISO909906: 2012 Kabul S\u0131n\u0131f\u0131 standartlar\u0131na g\u00f6re test edilir.<\/p>\n<\/div>\n<p>EN 733&#8217;e uygun boyut ve nominal performansa (10 bar) sahip, ISO 5199&#8217;a g\u00f6re tasarlanan, kendinden emi\u015fli olmayan, tek kademeli santrif\u00fcj pompa. Flan\u015flar, EN 1092-2&#8217;e uygun boyutlarda PN 16 flan\u015flard\u0131r. Pompa eksenel emme a\u011fz\u0131na, radyal basma a\u011fz\u0131na, yatay mile sahiptir ve pompa g\u00f6vdesini veya tesisat\u0131 s\u00f6kmeden motorun, motor otura\u011f\u0131n\u0131n, kapa\u011f\u0131n ve \u00e7ark\u0131n s\u00f6k\u00fclmesini sa\u011flayan tasar\u0131ma sahiptir. Ayarlanmam\u0131\u015f kau\u00e7uk k\u00f6r\u00fck s\u0131zd\u0131rmazl\u0131k contas\u0131, DIN EN 12756&#8217;ya uygundur. Pompa, fan so\u011futmal\u0131 bir asenkron motora rijit ba\u011flant\u0131l\u0131d\u0131r.<\/p>\n<\/div>\n<p><strong>Uygunluk:<\/strong><\/p>\n<ul class=\"cmp-application-list-content\">\n<li><a href=\"https:\/\/product-selection.grundfos.com\/tr\/applications\/commercial-buildings\/commercial-air-conditioning\">Ticari binalarda iklimlendirme<\/a><\/li>\n<li><a href=\"https:\/\/product-selection.grundfos.com\/tr\/applications\/municipal-water-supply\/irrigation\">Sulama<\/a><\/li>\n<li><a href=\"https:\/\/product-selection.grundfos.com\/tr\/applications\/industrial-temperature-control\/industrial-heating\">End\u00fcstriyel \u0131s\u0131tma<\/a><\/li>\n<\/ul>\n<\/div>\n<\/div>\n<\/div>\n<\/div>\n<\/div>\n<\/div>\n<\/div>\n<\/div>","protected":false},"excerpt":{"rendered":"<p>Yatay Tek Kademeli U\u00e7tan Emi\u015fli, y\u00fcksek debili santrif\u00fcj pompa.<\/p>\n<p>&nbsp;<\/p>","protected":false},"featured_media":10140,"template":"","meta":[],"product_cat":[15,58],"product_tag":[74,68,75,73,72],"aioseo_notices":[],"_links":{"self":[{"href":"https:\/\/gscmekanik.com\/en\/wp-json\/wp\/v2\/product\/10135"}],"collection":[{"href":"https:\/\/gscmekanik.com\/en\/wp-json\/wp\/v2\/product"}],"about":[{"href":"https:\/\/gscmekanik.com\/en\/wp-json\/wp\/v2\/types\/product"}],"wp:featuredmedia":[{"embeddable":true,"href":"https:\/\/gscmekanik.com\/en\/wp-json\/wp\/v2\/media\/10140"}],"wp:attachment":[{"href":"https:\/\/gscmekanik.com\/en\/wp-json\/wp\/v2\/media?parent=10135"}],"wp:term":[{"taxonomy":"product_cat","embeddable":true,"href":"https:\/\/gscmekanik.com\/en\/wp-json\/wp\/v2\/product_cat?post=10135"},{"taxonomy":"product_tag","embeddable":true,"href":"https:\/\/gscmekanik.com\/en\/wp-json\/wp\/v2\/product_tag?post=10135"}],"curies":[{"name":"wp","href":"https:\/\/api.w.org\/{rel}","templated":true}]}}