{"id":10133,"date":"2023-05-26T12:03:35","date_gmt":"2023-05-26T09:03:35","guid":{"rendered":"https:\/\/gscmekanik.com\/?post_type=product&#038;p=10133"},"modified":"2023-05-26T12:18:38","modified_gmt":"2023-05-26T09:18:38","slug":"cr-serisi-dikey-cok-kademeli-santrifuj-pompa","status":"publish","type":"product","link":"https:\/\/gscmekanik.com\/en\/urunlerimiz\/cr-serisi-dikey-cok-kademeli-santrifuj-pompa\/","title":{"rendered":"CR SER\u0130S\u0130 &#8211; D\u0130KEY \u00c7OK KADEMEL\u0130 SANTR\u0130F\u00dcJ POMPA"},"content":{"rendered":"<div class=\"richtext text\">\n<div id=\"richtext-9d22854243\" class=\"cmp-text\">\n<h2>G\u00fcvenilir verimlilik i\u00e7in dikey santrif\u00fcj CR pompalar\u0131 kullan\u0131n<\/h2>\n<\/div>\n<\/div>\n<div class=\"richtext text\">\n<div id=\"richtext-ac79255ab3\" class=\"cmp-text\">\n<p>CR pompa, d\u00f6kme demirden yap\u0131lm\u0131\u015ft\u0131r ve t\u00fcm \u0131slak par\u00e7alar\u0131nda AISI 304 kalite paslanmaz \u00e7elik kullan\u0131lm\u0131\u015ft\u0131r. Bu pompa a\u015f\u0131nd\u0131r\u0131c\u0131 olmayan s\u0131v\u0131lar i\u00e7in uygundur. CR; 320 m3 \/saate kadar debi ve 40 bar \u00e7al\u0131\u015fma bas\u0131nc\u0131yla s\u0131v\u0131 transferi ve sirk\u00fclasyonu, so\u011fuk veya s\u0131cak su bas\u0131n\u00e7land\u0131rma ile toprak sulama gibi zorlu uygulamalar i\u00e7in m\u00fckemmel bir santrif\u00fcj pompad\u0131r.<\/p>\n<\/div>\n<\/div>\n<div class=\"reveal\">\n<div data-component-root=\"\">\n<div class=\"cmp-reveal cmp-reveal--bold cmp-reveal--arrow\">\n<div class=\"cmp-reveal__container\">\n<div id=\"reveal-content-66180833\" class=\"cmp-reveal__content\">\n<div class=\"b-parsys\">\n<div class=\"richtext text\">\n<div id=\"richtext-ecb36a17f0\" class=\"cmp-text\">\n<p>\u00dcretim s\u00fcrecinin her a\u015famas\u0131 boyunca s\u0131k\u0131 kontrollerin yap\u0131lmas\u0131, dikey tipteki CR santrif\u00fcj pompan\u0131n y\u00fcksek bir g\u00fcvenilirli\u011fe sahip olmas\u0131n\u0131 sa\u011flar. Grundfos&#8217;un bu \u00fcr\u00fcn\u00fc, uluslararas\u0131 standartlara (ISO 9001) uygun olarak sertifikaland\u0131r\u0131lm\u0131\u015ft\u0131r ve titiz bir s\u00fcre\u00e7 kontrol\u00fcnden ge\u00e7er. CR pompalar, fabrikadan \u00e7\u0131kmadan \u00f6nce performans, g\u00fc\u00e7 t\u00fcketimi ve statik bas\u0131n\u00e7 a\u00e7\u0131s\u0131ndan tek tek test edilir.<\/p>\n<p>B\u00f6lgesel ko\u015fullara, tehlikelere ve olumsuz durum risklerine kar\u015f\u0131 ATEX onayl\u0131 CRN pompa mevcuttur. ATEX onayl\u0131 pompalar, potansiyel olarak patlay\u0131c\u0131 ortamlarda kullan\u0131ma uygundur. Patlay\u0131c\u0131 ortamlar havadan ve tutu\u015fman\u0131n ard\u0131ndan patlaman\u0131n yay\u0131ld\u0131\u011f\u0131 gaz, buhar, duman veya toz gibi yan\u0131c\u0131 maddelerden olu\u015fur.<\/p>\n<\/div>\n<p><strong>CR SER\u0130S\u0130: Pompa ba\u015f\u0131 ve \u015fase d\u00f6kme demirden, di\u011fer t\u00fcm \u0131slak par\u00e7alar paslanmaz (AISI 304) \u00e7eliktendir (EN 1.4301)<\/strong><\/p>\n<p><strong>CRI SER\u0130S\u0130: S\u0131v\u0131yla temas eden pompa malzemeleri paslanmaz (AISI 304) \u00e7eliktendir (EN 1.4301)<\/strong><\/p>\n<p><strong>CRN SER\u0130S\u0130: S\u0131v\u0131yla temas eden pompa malzemeleri y\u00fcksek s\u0131n\u0131f paslanmaz (AISI 316) \u00e7eliktendir (EN 1.4401)<\/strong><\/p>\n<\/div>\n<\/div>\n<\/div>\n<\/div>\n<\/div>\n<\/div>\n<\/div>","protected":false},"excerpt":{"rendered":"<p>Dikey \u00c7ok Kademeli Emme ve basma a\u011fz\u0131 ayn\u0131 seviyede olan dikey, y\u00fcksek bas\u0131n\u00e7 santrif\u00fcj pompa.<\/p>\n<p><strong>CR SER\u0130S\u0130: Pompa ba\u015f\u0131 ve \u015fase d\u00f6kme demirden, di\u011fer t\u00fcm \u0131slak par\u00e7alar paslanmaz (AISI 304) \u00e7eliktendir (EN 1.4301)<\/strong><\/p>\n<p><strong>CRI SER\u0130S\u0130: S\u0131v\u0131yla temas eden pompa malzemeleri paslanmaz (AISI 304) \u00e7eliktendir (EN 1.4301)<\/strong><\/p>\n<p><strong>CRN SER\u0130S\u0130: S\u0131v\u0131yla temas eden pompa malzemeleri y\u00fcksek s\u0131n\u0131f paslanmaz (AISI 316) \u00e7eliktendir (EN 1.4401)<\/strong><\/p>","protected":false},"featured_media":10134,"template":"","meta":[],"product_cat":[15,58],"product_tag":[69,68,71,70],"aioseo_notices":[],"_links":{"self":[{"href":"https:\/\/gscmekanik.com\/en\/wp-json\/wp\/v2\/product\/10133"}],"collection":[{"href":"https:\/\/gscmekanik.com\/en\/wp-json\/wp\/v2\/product"}],"about":[{"href":"https:\/\/gscmekanik.com\/en\/wp-json\/wp\/v2\/types\/product"}],"wp:featuredmedia":[{"embeddable":true,"href":"https:\/\/gscmekanik.com\/en\/wp-json\/wp\/v2\/media\/10134"}],"wp:attachment":[{"href":"https:\/\/gscmekanik.com\/en\/wp-json\/wp\/v2\/media?parent=10133"}],"wp:term":[{"taxonomy":"product_cat","embeddable":true,"href":"https:\/\/gscmekanik.com\/en\/wp-json\/wp\/v2\/product_cat?post=10133"},{"taxonomy":"product_tag","embeddable":true,"href":"https:\/\/gscmekanik.com\/en\/wp-json\/wp\/v2\/product_tag?post=10133"}],"curies":[{"name":"wp","href":"https:\/\/api.w.org\/{rel}","templated":true}]}}