{"id":9951,"date":"2023-05-14T00:40:46","date_gmt":"2023-05-13T21:40:46","guid":{"rendered":"https:\/\/gscmekanik.com\/?page_id=9951"},"modified":"2023-05-14T02:14:21","modified_gmt":"2023-05-13T23:14:21","slug":"mekanik-tesisat-malzemeleri","status":"publish","type":"page","link":"https:\/\/gscmekanik.com\/en\/mekanik-tesisat-malzemeleri\/","title":{"rendered":"Plumbing Materials"},"content":{"rendered":"<div data-elementor-type=\"wp-page\" data-elementor-id=\"9951\" class=\"elementor elementor-9951\">\n\t\t\t\t\t\t\t\t\t<section class=\"elementor-section elementor-top-section elementor-element elementor-element-468febe elementor-section-full_width elementor-section-stretched elementor-section-height-default elementor-section-height-default\" data-id=\"468febe\" data-element_type=\"section\" data-settings=\"{&quot;stretch_section&quot;:&quot;section-stretched&quot;,&quot;background_background&quot;:&quot;classic&quot;}\">\n\t\t\t\t\t\t<div class=\"elementor-container elementor-column-gap-default\">\n\t\t\t\t\t<div class=\"elementor-column elementor-col-100 elementor-top-column elementor-element elementor-element-257d53e\" data-id=\"257d53e\" data-element_type=\"column\">\n\t\t\t<div class=\"elementor-widget-wrap elementor-element-populated\">\n\t\t\t\t\t\t\t\t<section class=\"elementor-section elementor-inner-section elementor-element elementor-element-be0a195 elementor-section-boxed elementor-section-height-default elementor-section-height-default\" data-id=\"be0a195\" data-element_type=\"section\">\n\t\t\t\t\t\t<div class=\"elementor-container elementor-column-gap-default\">\n\t\t\t\t\t<div class=\"elementor-column elementor-col-33 elementor-inner-column elementor-element elementor-element-815d07f\" data-id=\"815d07f\" data-element_type=\"column\">\n\t\t\t<div class=\"elementor-widget-wrap elementor-element-populated\">\n\t\t\t\t\t\t\t\t<div class=\"elementor-element elementor-element-7e55f68 elementor-widget elementor-widget-rt-service-grid\" data-id=\"7e55f68\" data-element_type=\"widget\" data-widget_type=\"rt-service-grid.default\">\n\t\t\t\t<div class=\"elementor-widget-container\">\n\t\t\t<div class=\"react-addon-services services-style1 main-center top\">\r\n    <div class=\"services-part\">\r\n    \t    \t\t<div class=\"services-icon\">\r\n\t    \t\t\t    \t\t\t    \t\t\t<img decoding=\"async\" src=\"https:\/\/gscmekanik.com\/wp-content\/uploads\/2023\/05\/Vanalar-3.jpg\" alt=\"image\"\/>\r\n\t    \t\t    \t\t<\/div>\t\r\n    \t\t\t    \t\t       \r\n\t    <div class=\"services-text style5\">\r\n\t    \t\t\t    \t<div class=\"services-title\">\t\r\n\t\t    \t\t\t\t    \t\t\t\t\t\t\t    \t\t\t\t\t\t\t    \t\t\t\r\n\t\t    \t\t<h3  class=\"title\"> <a href=\"https:\/\/gscmekanik.com\/en\/product-category\/mekanik-tesisat-malzemeleri\/vanalar\/\"  >Valve<\/a><\/h3>\r\n\t\t    \t\t\t\t\t\t    \t\t\r\n\t\t    \t<\/div>\r\n\t    \t\t\r\n\r\n\t    \t\t    \t\t<p class=\"services-txt\">  <p>Daha fazla bilgi i\u00e7in hemen \u00fcr\u00fcnleri inceleyebilir ve ileti\u015fime ge\u00e7ebilirsiniz.<\/p><\/p>\t\r\n\t    \t\t\r\n\r\n\t    \t\t\t    \t<div class=\"services-btn-part\">\r\n\t\t    \t\t\t\t    \t\t\r\n\t    \t\t\t<a class=\"services-btn icon-after\" href=\"https:\/\/gscmekanik.com\/en\/product-category\/mekanik-tesisat-malzemeleri\/vanalar\/\" >\r\n\r\n\t    \t\t\t\t<span class=\"btn_text\">\r\n\t    \t\t\t\t\t\u0130NCELEY\u0130N    \t\t\t\t\t\t\r\n\t    \t\t\t\t<\/span>\r\n\t    \t\t\t\t\r\n\t    \t\t\t\t<i class=\"rt-arrow-right-long\"><\/i>\r\n\t    \t\t  \r\n\t    \t\t\t<\/a>\t    \t\t    \t\t\r\n\t\t    \t\t\r\n\t\t    \t<\/div>\r\n\t    \t\r\n\t    <\/div>\r\n\t<\/div>\r\n<\/div>\t\t<\/div>\n\t\t\t\t<\/div>\n\t\t\t\t\t<\/div>\n\t\t<\/div>\n\t\t\t\t<div class=\"elementor-column elementor-col-33 elementor-inner-column elementor-element elementor-element-0e0cc3e\" data-id=\"0e0cc3e\" data-element_type=\"column\">\n\t\t\t<div class=\"elementor-widget-wrap elementor-element-populated\">\n\t\t\t\t\t\t\t\t<div class=\"elementor-element elementor-element-5b687c5 elementor-widget elementor-widget-rt-service-grid\" data-id=\"5b687c5\" data-element_type=\"widget\" data-widget_type=\"rt-service-grid.default\">\n\t\t\t\t<div class=\"elementor-widget-container\">\n\t\t\t<div class=\"react-addon-services services-style1 main-center top\">\r\n    <div class=\"services-part\">\r\n    \t    \t\t<div class=\"services-icon\">\r\n\t    \t\t\t    \t\t\t    \t\t\t<img decoding=\"async\" src=\"https:\/\/gscmekanik.com\/wp-content\/uploads\/2023\/05\/Genlesme-Tanklari-2.jpg\" alt=\"image\"\/>\r\n\t    \t\t    \t\t<\/div>\t\r\n    \t\t\t    \t\t       \r\n\t    <div class=\"services-text style5\">\r\n\t    \t\t\t    \t<div class=\"services-title\">\t\r\n\t\t    \t\t\t\t    \t\t\t\t\t\t\t    \t\t\t\t\t\t\t    \t\t\t\r\n\t\t    \t\t<h3  class=\"title\"> <a href=\"https:\/\/gscmekanik.com\/en\/product-category\/mekanik-tesisat-malzemeleri\/genlesme-tanklari\/\"  >Expansion Tank<\/a><\/h3>\r\n\t\t    \t\t\t\t\t\t    \t\t\r\n\t\t    \t<\/div>\r\n\t    \t\t\r\n\r\n\t    \t\t    \t\t<p class=\"services-txt\">  <p>Daha fazla bilgi i\u00e7in hemen \u00fcr\u00fcnleri inceleyebilir ve ileti\u015fime ge\u00e7ebilirsiniz.<\/p><\/p>\t\r\n\t    \t\t\r\n\r\n\t    \t\t\t    \t<div class=\"services-btn-part\">\r\n\t\t    \t\t\t\t    \t\t\r\n\t    \t\t\t<a class=\"services-btn icon-after\" href=\"https:\/\/gscmekanik.com\/en\/product-category\/mekanik-tesisat-malzemeleri\/genlesme-tanklari\/\" >\r\n\r\n\t    \t\t\t\t<span class=\"btn_text\">\r\n\t    \t\t\t\t\t\u0130NCELEY\u0130N    \t\t\t\t\t\t\r\n\t    \t\t\t\t<\/span>\r\n\t    \t\t\t\t\r\n\t    \t\t\t\t<i class=\"rt-arrow-right-long\"><\/i>\r\n\t    \t\t  \r\n\t    \t\t\t<\/a>\t    \t\t    \t\t\r\n\t\t    \t\t\r\n\t\t    \t<\/div>\r\n\t    \t\r\n\t    <\/div>\r\n\t<\/div>\r\n<\/div>\t\t<\/div>\n\t\t\t\t<\/div>\n\t\t\t\t\t<\/div>\n\t\t<\/div>\n\t\t\t\t<div class=\"elementor-column elementor-col-33 elementor-inner-column elementor-element elementor-element-0eca62b\" data-id=\"0eca62b\" data-element_type=\"column\">\n\t\t\t<div class=\"elementor-widget-wrap elementor-element-populated\">\n\t\t\t\t\t\t\t\t<div class=\"elementor-element elementor-element-4a8b323 elementor-widget elementor-widget-rt-service-grid\" data-id=\"4a8b323\" data-element_type=\"widget\" data-widget_type=\"rt-service-grid.default\">\n\t\t\t\t<div class=\"elementor-widget-container\">\n\t\t\t<div class=\"react-addon-services services-style1 main-center top\">\r\n    <div class=\"services-part\">\r\n    \t    \t\t<div class=\"services-icon\">\r\n\t    \t\t\t    \t\t\t    \t\t\t<img decoding=\"async\" src=\"https:\/\/gscmekanik.com\/wp-content\/uploads\/2023\/05\/Olcum-Cihazlari-2.jpg\" alt=\"image\"\/>\r\n\t    \t\t    \t\t<\/div>\t\r\n    \t\t\t    \t\t       \r\n\t    <div class=\"services-text style5\">\r\n\t    \t\t\t    \t<div class=\"services-title\">\t\r\n\t\t    \t\t\t\t    \t\t\t\t\t\t\t    \t\t\t\t\t\t\t    \t\t\t\r\n\t\t    \t\t<h3  class=\"title\"> <a href=\"https:\/\/gscmekanik.com\/en\/product-category\/mekanik-tesisat-malzemeleri\/olcum-cihazlari\/\"  >Measuring Devices<\/a><\/h3>\r\n\t\t    \t\t\t\t\t\t    \t\t\r\n\t\t    \t<\/div>\r\n\t    \t\t\r\n\r\n\t    \t\t    \t\t<p class=\"services-txt\">  <p>Daha fazla bilgi i\u00e7in hemen \u00fcr\u00fcnleri inceleyebilir ve ileti\u015fime ge\u00e7ebilirsiniz.<\/p><\/p>\t\r\n\t    \t\t\r\n\r\n\t    \t\t\t    \t<div class=\"services-btn-part\">\r\n\t\t    \t\t\t\t    \t\t\r\n\t    \t\t\t<a class=\"services-btn icon-after\" href=\"https:\/\/gscmekanik.com\/en\/product-category\/mekanik-tesisat-malzemeleri\/olcum-cihazlari\/\" >\r\n\r\n\t    \t\t\t\t<span class=\"btn_text\">\r\n\t    \t\t\t\t\t\u0130NCELEY\u0130N    \t\t\t\t\t\t\r\n\t    \t\t\t\t<\/span>\r\n\t    \t\t\t\t\r\n\t    \t\t\t\t<i class=\"rt-arrow-right-long\"><\/i>\r\n\t    \t\t  \r\n\t    \t\t\t<\/a>\t    \t\t    \t\t\r\n\t\t    \t\t\r\n\t\t    \t<\/div>\r\n\t    \t\r\n\t    <\/div>\r\n\t<\/div>\r\n<\/div>\t\t<\/div>\n\t\t\t\t<\/div>\n\t\t\t\t\t<\/div>\n\t\t<\/div>\n\t\t\t\t\t\t\t<\/div>\n\t\t<\/section>\n\t\t\t\t\t<\/div>\n\t\t<\/div>\n\t\t\t\t\t\t\t<\/div>\n\t\t<\/section>\n\t\t\t\t\t\t\t<\/div>","protected":false},"excerpt":{"rendered":"<p>Vanalar Daha fazla bilgi i\u00e7in hemen \u00fcr\u00fcnleri inceleyebilir ve ileti\u015fime ge\u00e7ebilirsiniz. \u0130NCELEY\u0130N Genle\u015fme Tanklar\u0131 Daha fazla bilgi i\u00e7in hemen \u00fcr\u00fcnleri inceleyebilir ve ileti\u015fime ge\u00e7ebilirsiniz. \u0130NCELEY\u0130N \u00d6l\u00e7\u00fcm Cihazlar\u0131 Daha fazla bilgi i\u00e7in hemen \u00fcr\u00fcnleri inceleyebilir ve ileti\u015fime ge\u00e7ebilirsiniz. \u0130NCELEY\u0130N<\/p>","protected":false},"author":1,"featured_media":0,"parent":0,"menu_order":0,"comment_status":"closed","ping_status":"closed","template":"","meta":[],"aioseo_notices":[],"_links":{"self":[{"href":"https:\/\/gscmekanik.com\/en\/wp-json\/wp\/v2\/pages\/9951"}],"collection":[{"href":"https:\/\/gscmekanik.com\/en\/wp-json\/wp\/v2\/pages"}],"about":[{"href":"https:\/\/gscmekanik.com\/en\/wp-json\/wp\/v2\/types\/page"}],"author":[{"embeddable":true,"href":"https:\/\/gscmekanik.com\/en\/wp-json\/wp\/v2\/users\/1"}],"replies":[{"embeddable":true,"href":"https:\/\/gscmekanik.com\/en\/wp-json\/wp\/v2\/comments?post=9951"}],"version-history":[{"count":16,"href":"https:\/\/gscmekanik.com\/en\/wp-json\/wp\/v2\/pages\/9951\/revisions"}],"predecessor-version":[{"id":10054,"href":"https:\/\/gscmekanik.com\/en\/wp-json\/wp\/v2\/pages\/9951\/revisions\/10054"}],"wp:attachment":[{"href":"https:\/\/gscmekanik.com\/en\/wp-json\/wp\/v2\/media?parent=9951"}],"curies":[{"name":"wp","href":"https:\/\/api.w.org\/{rel}","templated":true}]}}