{"id":9461,"date":"2023-05-04T18:49:06","date_gmt":"2023-05-04T18:49:06","guid":{"rendered":"https:\/\/gscmekanik.com\/?page_id=9461"},"modified":"2023-08-16T00:19:36","modified_gmt":"2023-08-15T21:19:36","slug":"otomasyon-pano-ve-sistem-cozumleri","status":"publish","type":"page","link":"https:\/\/gscmekanik.com\/en\/hizmetlerimiz\/otomasyon-pano-ve-sistem-cozumleri\/","title":{"rendered":"Pump Control Panels"},"content":{"rendered":"<div data-elementor-type=\"wp-page\" data-elementor-id=\"9461\" class=\"elementor elementor-9461\">\n\t\t\t\t\t\t\t\t\t<section class=\"elementor-section elementor-top-section elementor-element elementor-element-0144b1e elementor-section-boxed elementor-section-height-default elementor-section-height-default\" data-id=\"0144b1e\" data-element_type=\"section\">\n\t\t\t\t\t\t<div class=\"elementor-container elementor-column-gap-default\">\n\t\t\t\t\t<div class=\"elementor-column elementor-col-100 elementor-top-column elementor-element elementor-element-0ce8470\" data-id=\"0ce8470\" data-element_type=\"column\">\n\t\t\t<div class=\"elementor-widget-wrap elementor-element-populated\">\n\t\t\t\t\t\t\t\t<div class=\"elementor-element elementor-element-603f9cd elementor-widget elementor-widget-image\" data-id=\"603f9cd\" data-element_type=\"widget\" data-widget_type=\"image.default\">\n\t\t\t\t<div class=\"elementor-widget-container\">\n\t\t\t<style>\/*! elementor - v3.11.5 - 14-03-2023 *\/\n.elementor-widget-image{text-align:center}.elementor-widget-image a{display:inline-block}.elementor-widget-image a img[src$=\".svg\"]{width:48px}.elementor-widget-image img{vertical-align:middle;display:inline-block}<\/style>\t\t\t\t\t\t\t\t\t\t\t\t<img decoding=\"async\" src=\"https:\/\/gscmekanik.com\/wp-content\/uploads\/elementor\/thumbs\/Otomasyon-Pano-ve-Sistem-Cozumleri-2-q6lpxdfy3v22ipj7manz5bukksivtwsf1xd6ukm8w8.jpg\" title=\"Otomasyon Pano ve Sistem \u00c7\u00f6z\u00fcmleri 2\" alt=\"Otomasyon Pano ve Sistem \u00c7\u00f6z\u00fcmleri 2\" loading=\"lazy\" \/>\t\t\t\t\t\t\t\t\t\t\t\t\t\t\t<\/div>\n\t\t\t\t<\/div>\n\t\t\t\t<div class=\"elementor-element elementor-element-7df0ea2 elementor-widget elementor-widget-spacer\" data-id=\"7df0ea2\" data-element_type=\"widget\" data-widget_type=\"spacer.default\">\n\t\t\t\t<div class=\"elementor-widget-container\">\n\t\t\t<style>\/*! elementor - v3.11.5 - 14-03-2023 *\/\n.elementor-column .elementor-spacer-inner{height:var(--spacer-size)}.e-con{--container-widget-width:100%}.e-con-inner>.elementor-widget-spacer,.e-con>.elementor-widget-spacer{width:var(--container-widget-width,var(--spacer-size));--align-self:var(--container-widget-align-self,initial);--flex-shrink:0}.e-con-inner>.elementor-widget-spacer>.elementor-widget-container,.e-con-inner>.elementor-widget-spacer>.elementor-widget-container>.elementor-spacer,.e-con>.elementor-widget-spacer>.elementor-widget-container,.e-con>.elementor-widget-spacer>.elementor-widget-container>.elementor-spacer{height:100%}.e-con-inner>.elementor-widget-spacer>.elementor-widget-container>.elementor-spacer>.elementor-spacer-inner,.e-con>.elementor-widget-spacer>.elementor-widget-container>.elementor-spacer>.elementor-spacer-inner{height:var(--container-widget-height,var(--spacer-size))}<\/style>\t\t<div class=\"elementor-spacer\">\n\t\t\t<div class=\"elementor-spacer-inner\"><\/div>\n\t\t<\/div>\n\t\t\t\t<\/div>\n\t\t\t\t<\/div>\n\t\t\t\t<div class=\"elementor-element elementor-element-3ec64e4 elementor-widget elementor-widget-react-heading\" data-id=\"3ec64e4\" data-element_type=\"widget\" data-widget_type=\"react-heading.default\">\n\t\t\t\t<div class=\"elementor-widget-container\">\n\t\t\t        <div class=\"react-heading default\">\r\n        \t<div class=\"title-inner no\">        \t\t      \t\t\r\n\t            <h4 class=\"title\"><span class=\"watermark\"><\/span>Pump Control Panels<\/h4>\t        <\/div>\r\n\t        \r\n\t            \r\n        <\/div>\r\n        \t\t<\/div>\n\t\t\t\t<\/div>\n\t\t\t\t<div class=\"elementor-element elementor-element-af7dc1d elementor-widget elementor-widget-text-editor\" data-id=\"af7dc1d\" data-element_type=\"widget\" data-widget_type=\"text-editor.default\">\n\t\t\t\t<div class=\"elementor-widget-container\">\n\t\t\t<style>\/*! elementor - v3.11.5 - 14-03-2023 *\/\n.elementor-widget-text-editor.elementor-drop-cap-view-stacked .elementor-drop-cap{background-color:#818a91;color:#fff}.elementor-widget-text-editor.elementor-drop-cap-view-framed .elementor-drop-cap{color:#818a91;border:3px solid;background-color:transparent}.elementor-widget-text-editor:not(.elementor-drop-cap-view-default) .elementor-drop-cap{margin-top:8px}.elementor-widget-text-editor:not(.elementor-drop-cap-view-default) .elementor-drop-cap-letter{width:1em;height:1em}.elementor-widget-text-editor .elementor-drop-cap{float:left;text-align:center;line-height:1;font-size:50px}.elementor-widget-text-editor .elementor-drop-cap-letter{display:inline-block}<\/style>\t\t\t\t<p><strong>GSC Mekanik M\u00fchendislik: End\u00fcstriyel Otomasyon ve Pano \u00c7\u00f6z\u00fcmlerinde G\u00fc\u00e7l\u00fc \u0130\u015fbirli\u011fi\u00a0<\/strong><\/p><p>GSC Mekanik M\u00fchendislik olarak, end\u00fcstriyel otomasyon ve pano \u00e7\u00f6z\u00fcmleri konusunda m\u00fc\u015fterilerimize en iyi hizmeti sunmay\u0131 hedefliyoruz. Bu hedefimize ula\u015fmak i\u00e7in, g\u00fc\u00e7l\u00fc bir i\u015fbirli\u011fi i\u00e7erisinde oldu\u011fumuz bir partner firma ile birlikte \u00e7al\u0131\u015fmaktay\u0131z. M\u00fc\u015fterilerimizin taleplerini en iyi \u015fekilde kar\u015f\u0131lamak ve projelerini ba\u015far\u0131yla tamamlamak i\u00e7in uzmanl\u0131k alanlar\u0131m\u0131z\u0131 birle\u015ftirerek g\u00fc\u00e7l\u00fc bir \u00e7\u00f6z\u00fcm sunuyoruz.<\/p><p><strong>\u00d6zelle\u015ftirilmi\u015f Otomasyon \u00c7\u00f6z\u00fcmleri<\/strong><\/p><p>GSC Mekanik M\u00fchendislik ve i\u015f orta\u011f\u0131m\u0131z, her m\u00fc\u015fterinin benzersiz ihtiya\u00e7lar\u0131na y\u00f6nelik \u00f6zelle\u015ftirilmi\u015f otomasyon \u00e7\u00f6z\u00fcmleri sunmaktad\u0131r. End\u00fcstriyel tesisinizin i\u015f s\u00fcre\u00e7lerini optimize etmek, verimlili\u011fi art\u0131rmak ve hata oran\u0131n\u0131 azaltmak i\u00e7in en son teknolojileri kullanmaktay\u0131z. Uzman m\u00fchendislerimiz, s\u00fcre\u00e7 analizi ve ihtiya\u00e7 de\u011ferlendirmesi yaparak, size en uygun otomasyon \u00e7\u00f6z\u00fcm\u00fcn\u00fc tasarlamakta ve uygulamaktad\u0131r. B\u00f6ylece, \u00fcretim s\u00fcre\u00e7lerinizi daha ak\u0131ll\u0131, daha verimli ve daha g\u00fcvenli hale getirebilirsiniz.<\/p><p><strong>G\u00fcvenilir Pano \u00c7\u00f6z\u00fcmleri<\/strong><\/p><p>Elektrik pano sistemleri, end\u00fcstriyel otomasyonun temel bir par\u00e7as\u0131d\u0131r. \u0130\u015f orta\u011f\u0131m\u0131z\u0131n uzmanl\u0131\u011f\u0131yla birlikte, m\u00fc\u015fterilerimize g\u00fcvenilir pano \u00e7\u00f6z\u00fcmleri sunmaktay\u0131z. Her bir proje i\u00e7in \u00f6zel olarak tasarlanan panolar\u0131m\u0131z, kaliteli malzemeler ve ileri teknolojilerle \u00fcretilmektedir. Pano \u00e7\u00f6z\u00fcmlerimiz, enerji da\u011f\u0131t\u0131m\u0131, motor kontrol\u00fc, proses kontrol\u00fc ve g\u00fcvenlik gibi farkl\u0131 ihtiya\u00e7lara y\u00f6nelik olarak tasarlan\u0131r. Ayr\u0131ca, g\u00fcvenlik standartlar\u0131na uygun olarak dizayn edilen panolar\u0131m\u0131z, i\u015fletmenizin g\u00fcvenli\u011fini sa\u011flamada \u00f6nemli bir rol oynar.<\/p><p><strong>Teknolojik \u0130novasyon ve S\u00fcrekli Destek<\/strong><\/p><p>GSC Mekanik M\u00fchendislik ve i\u015f orta\u011f\u0131m\u0131z, teknolojik inovasyonu takip ederek s\u00fcrekli olarak yenilik\u00e7i \u00e7\u00f6z\u00fcmler sunmaktad\u0131r. End\u00fcstri 4.0 prensipleri do\u011frultusunda ileri d\u00fczeyde otomasyon ve entegrasyon hizmetleri sa\u011flamaktay\u0131z.<\/p>\t\t\t\t\t\t<\/div>\n\t\t\t\t<\/div>\n\t\t\t\t<div class=\"elementor-element elementor-element-90033d2 elementor-widget elementor-widget-image\" data-id=\"90033d2\" data-element_type=\"widget\" data-widget_type=\"image.default\">\n\t\t\t\t<div class=\"elementor-widget-container\">\n\t\t\t\t\t\t\t\t\t\t\t\t\t\t\t<img decoding=\"async\" width=\"601\" height=\"415\" src=\"https:\/\/gscmekanik.com\/wp-content\/uploads\/2023\/08\/GSC_OTOMASYON_CANVA-removebg-preview.png\" class=\"attachment-full size-full wp-image-10173\" alt=\"\" loading=\"lazy\" srcset=\"https:\/\/gscmekanik.com\/wp-content\/uploads\/2023\/08\/GSC_OTOMASYON_CANVA-removebg-preview.png 601w, https:\/\/gscmekanik.com\/wp-content\/uploads\/2023\/08\/GSC_OTOMASYON_CANVA-removebg-preview-300x207.png 300w, https:\/\/gscmekanik.com\/wp-content\/uploads\/2023\/08\/GSC_OTOMASYON_CANVA-removebg-preview-18x12.png 18w\" sizes=\"(max-width: 601px) 100vw, 601px\" \/>\t\t\t\t\t\t\t\t\t\t\t\t\t\t\t<\/div>\n\t\t\t\t<\/div>\n\t\t\t\t<div class=\"elementor-element elementor-element-18ab171 elementor-widget elementor-widget-button\" data-id=\"18ab171\" data-element_type=\"widget\" data-widget_type=\"button.default\">\n\t\t\t\t<div class=\"elementor-widget-container\">\n\t\t\t\t\t<div class=\"elementor-button-wrapper\">\n\t\t\t<a href=\"https:\/\/gscmekanik.com\/en\/iletisim\/\" class=\"elementor-button-link elementor-button elementor-size-sm\" role=\"button\">\n\t\t\t\t\t\t<span class=\"elementor-button-content-wrapper\">\n\t\t\t\t\t\t\t<span class=\"elementor-button-icon elementor-align-icon-right\">\n\t\t\t\t<i aria-hidden=\"true\" class=\"fas fa-long-arrow-alt-right\"><\/i>\t\t\t<\/span>\n\t\t\t\t\t\t<span class=\"elementor-button-text\">Get Offer<\/span>\n\t\t<\/span>\n\t\t\t\t\t<\/a>\n\t\t<\/div>\n\t\t\t\t<\/div>\n\t\t\t\t<\/div>\n\t\t\t\t\t<\/div>\n\t\t<\/div>\n\t\t\t\t\t\t\t<\/div>\n\t\t<\/section>\n\t\t\t\t\t\t\t<\/div>","protected":false},"excerpt":{"rendered":"<p>Otomasyon Pano ve Sistem \u00c7\u00f6z\u00fcmleri GSC Mekanik M\u00fchendislik: End\u00fcstriyel Otomasyon ve Pano \u00c7\u00f6z\u00fcmlerinde G\u00fc\u00e7l\u00fc \u0130\u015fbirli\u011fi\u00a0 GSC Mekanik M\u00fchendislik olarak, end\u00fcstriyel otomasyon ve pano \u00e7\u00f6z\u00fcmleri konusunda m\u00fc\u015fterilerimize en iyi hizmeti sunmay\u0131 hedefliyoruz. Bu hedefimize ula\u015fmak i\u00e7in, g\u00fc\u00e7l\u00fc bir i\u015fbirli\u011fi i\u00e7erisinde oldu\u011fumuz bir partner firma ile birlikte \u00e7al\u0131\u015fmaktay\u0131z. M\u00fc\u015fterilerimizin taleplerini en iyi \u015fekilde kar\u015f\u0131lamak ve projelerini ba\u015far\u0131yla&#8230;<\/p>","protected":false},"author":1,"featured_media":0,"parent":9270,"menu_order":0,"comment_status":"closed","ping_status":"closed","template":"","meta":[],"aioseo_notices":[],"_links":{"self":[{"href":"https:\/\/gscmekanik.com\/en\/wp-json\/wp\/v2\/pages\/9461"}],"collection":[{"href":"https:\/\/gscmekanik.com\/en\/wp-json\/wp\/v2\/pages"}],"about":[{"href":"https:\/\/gscmekanik.com\/en\/wp-json\/wp\/v2\/types\/page"}],"author":[{"embeddable":true,"href":"https:\/\/gscmekanik.com\/en\/wp-json\/wp\/v2\/users\/1"}],"replies":[{"embeddable":true,"href":"https:\/\/gscmekanik.com\/en\/wp-json\/wp\/v2\/comments?post=9461"}],"version-history":[{"count":13,"href":"https:\/\/gscmekanik.com\/en\/wp-json\/wp\/v2\/pages\/9461\/revisions"}],"predecessor-version":[{"id":10177,"href":"https:\/\/gscmekanik.com\/en\/wp-json\/wp\/v2\/pages\/9461\/revisions\/10177"}],"up":[{"embeddable":true,"href":"https:\/\/gscmekanik.com\/en\/wp-json\/wp\/v2\/pages\/9270"}],"wp:attachment":[{"href":"https:\/\/gscmekanik.com\/en\/wp-json\/wp\/v2\/media?parent=9461"}],"curies":[{"name":"wp","href":"https:\/\/api.w.org\/{rel}","templated":true}]}}