{"id":9460,"date":"2023-05-04T18:49:19","date_gmt":"2023-05-04T18:49:19","guid":{"rendered":"https:\/\/gscmekanik.com\/?page_id=9460"},"modified":"2023-05-18T09:16:53","modified_gmt":"2023-05-18T06:16:53","slug":"pompa-ve-esanjor-bakim-onarim-hizmetleri","status":"publish","type":"page","link":"https:\/\/gscmekanik.com\/en\/hizmetlerimiz\/pompa-ve-esanjor-bakim-onarim-hizmetleri\/","title":{"rendered":"Pump and Heat Exchanger Maintenance"},"content":{"rendered":"<div data-elementor-type=\"wp-page\" data-elementor-id=\"9460\" class=\"elementor elementor-9460\">\n\t\t\t\t\t\t\t\t\t<section class=\"elementor-section elementor-top-section elementor-element elementor-element-c168102 elementor-section-boxed elementor-section-height-default elementor-section-height-default\" data-id=\"c168102\" data-element_type=\"section\">\n\t\t\t\t\t\t<div class=\"elementor-container elementor-column-gap-default\">\n\t\t\t\t\t<div class=\"elementor-column elementor-col-100 elementor-top-column elementor-element elementor-element-caae4bf\" data-id=\"caae4bf\" data-element_type=\"column\">\n\t\t\t<div class=\"elementor-widget-wrap elementor-element-populated\">\n\t\t\t\t\t\t\t\t<div class=\"elementor-element elementor-element-75ea46f elementor-widget elementor-widget-image\" data-id=\"75ea46f\" data-element_type=\"widget\" data-widget_type=\"image.default\">\n\t\t\t\t<div class=\"elementor-widget-container\">\n\t\t\t<style>\/*! elementor - v3.11.5 - 14-03-2023 *\/\n.elementor-widget-image{text-align:center}.elementor-widget-image a{display:inline-block}.elementor-widget-image a img[src$=\".svg\"]{width:48px}.elementor-widget-image img{vertical-align:middle;display:inline-block}<\/style>\t\t\t\t\t\t\t\t\t\t\t\t<img decoding=\"async\" src=\"https:\/\/gscmekanik.com\/wp-content\/uploads\/elementor\/thumbs\/Pompa-ve-Esanjor-Bakim-Onarim-Hizmetleri-1-q6lpxtf7c1ny02w00zkmtpteocc4grjus4gg09yjyg.jpg\" title=\"Pompa ve E\u015fanj\u00f6r Bak\u0131m Onar\u0131m Hizmetleri 1\" alt=\"Pompa ve E\u015fanj\u00f6r Bak\u0131m Onar\u0131m Hizmetleri 1\" loading=\"lazy\" \/>\t\t\t\t\t\t\t\t\t\t\t\t\t\t\t<\/div>\n\t\t\t\t<\/div>\n\t\t\t\t<div class=\"elementor-element elementor-element-9f52da4 elementor-widget elementor-widget-spacer\" data-id=\"9f52da4\" data-element_type=\"widget\" data-widget_type=\"spacer.default\">\n\t\t\t\t<div class=\"elementor-widget-container\">\n\t\t\t<style>\/*! elementor - v3.11.5 - 14-03-2023 *\/\n.elementor-column .elementor-spacer-inner{height:var(--spacer-size)}.e-con{--container-widget-width:100%}.e-con-inner>.elementor-widget-spacer,.e-con>.elementor-widget-spacer{width:var(--container-widget-width,var(--spacer-size));--align-self:var(--container-widget-align-self,initial);--flex-shrink:0}.e-con-inner>.elementor-widget-spacer>.elementor-widget-container,.e-con-inner>.elementor-widget-spacer>.elementor-widget-container>.elementor-spacer,.e-con>.elementor-widget-spacer>.elementor-widget-container,.e-con>.elementor-widget-spacer>.elementor-widget-container>.elementor-spacer{height:100%}.e-con-inner>.elementor-widget-spacer>.elementor-widget-container>.elementor-spacer>.elementor-spacer-inner,.e-con>.elementor-widget-spacer>.elementor-widget-container>.elementor-spacer>.elementor-spacer-inner{height:var(--container-widget-height,var(--spacer-size))}<\/style>\t\t<div class=\"elementor-spacer\">\n\t\t\t<div class=\"elementor-spacer-inner\"><\/div>\n\t\t<\/div>\n\t\t\t\t<\/div>\n\t\t\t\t<\/div>\n\t\t\t\t<div class=\"elementor-element elementor-element-57b8537 elementor-widget elementor-widget-react-heading\" data-id=\"57b8537\" data-element_type=\"widget\" data-widget_type=\"react-heading.default\">\n\t\t\t\t<div class=\"elementor-widget-container\">\n\t\t\t        <div class=\"react-heading default\">\r\n        \t<div class=\"title-inner no\">        \t\t      \t\t\r\n\t            <h4 class=\"title\"><span class=\"watermark\"><\/span>Pump and Heat Exchanger Maintenance<\/h4>\t        <\/div>\r\n\t        \r\n\t            \r\n        <\/div>\r\n        \t\t<\/div>\n\t\t\t\t<\/div>\n\t\t\t\t<div class=\"elementor-element elementor-element-203803d elementor-widget elementor-widget-text-editor\" data-id=\"203803d\" data-element_type=\"widget\" data-widget_type=\"text-editor.default\">\n\t\t\t\t<div class=\"elementor-widget-container\">\n\t\t\t<style>\/*! elementor - v3.11.5 - 14-03-2023 *\/\n.elementor-widget-text-editor.elementor-drop-cap-view-stacked .elementor-drop-cap{background-color:#818a91;color:#fff}.elementor-widget-text-editor.elementor-drop-cap-view-framed .elementor-drop-cap{color:#818a91;border:3px solid;background-color:transparent}.elementor-widget-text-editor:not(.elementor-drop-cap-view-default) .elementor-drop-cap{margin-top:8px}.elementor-widget-text-editor:not(.elementor-drop-cap-view-default) .elementor-drop-cap-letter{width:1em;height:1em}.elementor-widget-text-editor .elementor-drop-cap{float:left;text-align:center;line-height:1;font-size:50px}.elementor-widget-text-editor .elementor-drop-cap-letter{display:inline-block}<\/style>\t\t\t\t<p><strong>GSC Mekanik M\u00fchendislik: Pompa ve E\u015fanj\u00f6r Bak\u0131m-Onar\u0131m Hizmetlerinde G\u00fcvenilir \u00c7\u00f6z\u00fcmler<\/strong><\/p><p>End\u00fcstriyel sekt\u00f6rde pompa ve e\u015fanj\u00f6r sistemlerinin sa\u011fl\u0131kl\u0131 bir \u015fekilde \u00e7al\u0131\u015fmas\u0131, i\u015f s\u00fcre\u00e7lerinin ba\u015far\u0131l\u0131 bir \u015fekilde devam etmesi i\u00e7in \u00f6nemlidir. Bu nedenle, GSC Mekanik M\u00fchendislik olarak, m\u00fc\u015fterilerimize en iyi pompa ve e\u015fanj\u00f6r bak\u0131m-onar\u0131m hizmetlerini sunmay\u0131 hedefliyoruz. Uzman partner ekibimiz, uzun y\u0131llara dayanan tecr\u00fcbesi ve sekt\u00f6rdeki bilgi birikimiyle, m\u00fc\u015fterilerimize g\u00fcvenilir \u00e7\u00f6z\u00fcmler sunmaktad\u0131r.<\/p><p><strong>Pompa Bak\u0131m ve Onar\u0131m Hizmetleri<\/strong><\/p><p>Pompa sistemleri, end\u00fcstriyel tesislerde en s\u0131k kullan\u0131lan ekipmanlardan biridir. Pompa ar\u0131zalar\u0131, i\u015f s\u00fcre\u00e7lerinin kesintiye u\u011framas\u0131na ve \u00fcretim kayb\u0131na neden olabilir. GSC Mekanik M\u00fchendislik olarak, m\u00fc\u015fterilerimize en iyi pompa bak\u0131m-onar\u0131m hizmetlerini sunmak i\u00e7in y\u00fcksek kaliteli ekipmanlar kullanmaktay\u0131z. Pompa bak\u0131m ve onar\u0131m i\u015flemlerinde, uzman ekibimiz, pompan\u0131n ihtiyac\u0131 olan t\u00fcm i\u015flemleri ger\u00e7ekle\u015ftirerek, sisteminizin verimlili\u011fini artt\u0131rmaktad\u0131r. Ayr\u0131ca, ar\u0131za ve bak\u0131m s\u00fcre\u00e7lerinde m\u00fc\u015fterilerimizin i\u015f s\u00fcre\u00e7lerinin kesintiye u\u011framamas\u0131 i\u00e7in h\u0131zl\u0131 ve etkili \u00e7\u00f6z\u00fcmler sunmaktay\u0131z.<\/p><p><strong><span style=\"color: var( --e-global-color-text ); font-family: var( --e-global-typography-text-font-family ), Sans-serif;\">E\u015fanj\u00f6r Bak\u0131m ve Onar\u0131m Hizmetleri<\/span><\/strong><\/p><p>E\u015fanj\u00f6rler, end\u00fcstriyel tesislerde \u0131s\u0131 transferinin ger\u00e7ekle\u015ftirilmesinde kullan\u0131lan \u00f6nemli ekipmanlardan biridir. E\u015fanj\u00f6r ar\u0131zalar\u0131, \u00fcretim s\u00fcre\u00e7lerinin kesintiye u\u011framas\u0131na ve verimlilik kayb\u0131na neden olabilir. GSC Mekanik M\u00fchendislik olarak, m\u00fc\u015fterilerimize en iyi e\u015fanj\u00f6r bak\u0131m-onar\u0131m hizmetlerini sunmak i\u00e7in deneyimli bir ekip ile \u00e7al\u0131\u015fmaktay\u0131z. E\u015fanj\u00f6r bak\u0131m ve onar\u0131m i\u015flemlerinde, kaliteli ekipmanlar kullanarak, sisteminizin performans\u0131n\u0131 artt\u0131r\u0131yoruz. Ayr\u0131ca, ar\u0131za ve bak\u0131m s\u00fcre\u00e7lerinde m\u00fc\u015fterilerimizin i\u015f s\u00fcre\u00e7lerinin kesintiye u\u011framamas\u0131 i\u00e7in h\u0131zl\u0131 ve etkili \u00e7\u00f6z\u00fcmler sunmaktay\u0131z.<\/p><p><strong>Kalite ve G\u00fcvenilirlik <\/strong><\/p><p>GSC Mekanik M\u00fchendislik olarak, m\u00fc\u015fteri memnuniyetini her zaman \u00f6ncelikli tutuyoruz. Bu nedenle, pompa ve e\u015fanj\u00f6r bak\u0131m-onar\u0131m hizmetlerimizde y\u00fcksek kaliteli orjinal ekiman malzemeler kullan\u0131lmaktad\u0131r.<\/p>\t\t\t\t\t\t<\/div>\n\t\t\t\t<\/div>\n\t\t\t\t<div class=\"elementor-element elementor-element-93d427c elementor-widget elementor-widget-button\" data-id=\"93d427c\" data-element_type=\"widget\" data-widget_type=\"button.default\">\n\t\t\t\t<div class=\"elementor-widget-container\">\n\t\t\t\t\t<div class=\"elementor-button-wrapper\">\n\t\t\t<a href=\"https:\/\/gscmekanik.com\/en\/iletisim\/\" class=\"elementor-button-link elementor-button elementor-size-sm\" role=\"button\">\n\t\t\t\t\t\t<span class=\"elementor-button-content-wrapper\">\n\t\t\t\t\t\t\t<span class=\"elementor-button-icon elementor-align-icon-right\">\n\t\t\t\t<i aria-hidden=\"true\" class=\"fas fa-long-arrow-alt-right\"><\/i>\t\t\t<\/span>\n\t\t\t\t\t\t<span class=\"elementor-button-text\">Get Offer<\/span>\n\t\t<\/span>\n\t\t\t\t\t<\/a>\n\t\t<\/div>\n\t\t\t\t<\/div>\n\t\t\t\t<\/div>\n\t\t\t\t\t<\/div>\n\t\t<\/div>\n\t\t\t\t\t\t\t<\/div>\n\t\t<\/section>\n\t\t\t\t\t\t\t<\/div>","protected":false},"excerpt":{"rendered":"<p>Pompa ve E\u015fanj\u00f6r Bak\u0131m Onar\u0131m Hizmetleri GSC Mekanik M\u00fchendislik: Pompa ve E\u015fanj\u00f6r Bak\u0131m-Onar\u0131m Hizmetlerinde G\u00fcvenilir \u00c7\u00f6z\u00fcmler End\u00fcstriyel sekt\u00f6rde pompa ve e\u015fanj\u00f6r sistemlerinin sa\u011fl\u0131kl\u0131 bir \u015fekilde \u00e7al\u0131\u015fmas\u0131, i\u015f s\u00fcre\u00e7lerinin ba\u015far\u0131l\u0131 bir \u015fekilde devam etmesi i\u00e7in \u00f6nemlidir. Bu nedenle, GSC Mekanik M\u00fchendislik olarak, m\u00fc\u015fterilerimize en iyi pompa ve e\u015fanj\u00f6r bak\u0131m-onar\u0131m hizmetlerini sunmay\u0131 hedefliyoruz. Uzman partner ekibimiz, uzun&#8230;<\/p>","protected":false},"author":1,"featured_media":0,"parent":9270,"menu_order":0,"comment_status":"closed","ping_status":"closed","template":"","meta":[],"aioseo_notices":[],"_links":{"self":[{"href":"https:\/\/gscmekanik.com\/en\/wp-json\/wp\/v2\/pages\/9460"}],"collection":[{"href":"https:\/\/gscmekanik.com\/en\/wp-json\/wp\/v2\/pages"}],"about":[{"href":"https:\/\/gscmekanik.com\/en\/wp-json\/wp\/v2\/types\/page"}],"author":[{"embeddable":true,"href":"https:\/\/gscmekanik.com\/en\/wp-json\/wp\/v2\/users\/1"}],"replies":[{"embeddable":true,"href":"https:\/\/gscmekanik.com\/en\/wp-json\/wp\/v2\/comments?post=9460"}],"version-history":[{"count":10,"href":"https:\/\/gscmekanik.com\/en\/wp-json\/wp\/v2\/pages\/9460\/revisions"}],"predecessor-version":[{"id":10113,"href":"https:\/\/gscmekanik.com\/en\/wp-json\/wp\/v2\/pages\/9460\/revisions\/10113"}],"up":[{"embeddable":true,"href":"https:\/\/gscmekanik.com\/en\/wp-json\/wp\/v2\/pages\/9270"}],"wp:attachment":[{"href":"https:\/\/gscmekanik.com\/en\/wp-json\/wp\/v2\/media?parent=9460"}],"curies":[{"name":"wp","href":"https:\/\/api.w.org\/{rel}","templated":true}]}}