{"id":9359,"date":"2023-05-04T18:02:59","date_gmt":"2023-05-04T18:02:59","guid":{"rendered":"https:\/\/gscmekanik.com\/?page_id=9359"},"modified":"2023-05-04T18:07:07","modified_gmt":"2023-05-04T18:07:07","slug":"kvkk-bildirimi","status":"publish","type":"page","link":"https:\/\/gscmekanik.com\/en\/kvkk-bildirimi\/","title":{"rendered":"KVKK Bildirimi"},"content":{"rendered":"<div data-elementor-type=\"wp-page\" data-elementor-id=\"9359\" class=\"elementor elementor-9359\">\n\t\t\t\t\t\t\t\t\t<section class=\"elementor-section elementor-top-section elementor-element elementor-element-13d6ab02 elementor-section-boxed elementor-section-height-default elementor-section-height-default\" data-id=\"13d6ab02\" data-element_type=\"section\">\n\t\t\t\t\t\t<div class=\"elementor-container elementor-column-gap-default\">\n\t\t\t\t\t<div class=\"elementor-column elementor-col-100 elementor-top-column elementor-element elementor-element-5b3c1293\" data-id=\"5b3c1293\" data-element_type=\"column\">\n\t\t\t<div class=\"elementor-widget-wrap elementor-element-populated\">\n\t\t\t\t\t\t\t\t<div class=\"elementor-element elementor-element-41880522 elementor-widget elementor-widget-text-editor\" data-id=\"41880522\" data-element_type=\"widget\" data-widget_type=\"text-editor.default\">\n\t\t\t\t<div class=\"elementor-widget-container\">\n\t\t\t<style>\/*! elementor - v3.11.5 - 14-03-2023 *\/\n.elementor-widget-text-editor.elementor-drop-cap-view-stacked .elementor-drop-cap{background-color:#818a91;color:#fff}.elementor-widget-text-editor.elementor-drop-cap-view-framed .elementor-drop-cap{color:#818a91;border:3px solid;background-color:transparent}.elementor-widget-text-editor:not(.elementor-drop-cap-view-default) .elementor-drop-cap{margin-top:8px}.elementor-widget-text-editor:not(.elementor-drop-cap-view-default) .elementor-drop-cap-letter{width:1em;height:1em}.elementor-widget-text-editor .elementor-drop-cap{float:left;text-align:center;line-height:1;font-size:50px}.elementor-widget-text-editor .elementor-drop-cap-letter{display:inline-block}<\/style>\t\t\t\t<!-- wp:paragraph -->\n<p>Ki\u015fisel verilerinizi \u00f6zel hayat\u0131n gizlili\u011fi ve ki\u015filerin temel hak ve \u00f6zg\u00fcrl\u00fcklerinin korunmas\u0131 ilkesine uygun olarak muhafazas\u0131, i\u015flenmesi ve mevzuata uygun olarak aktar\u0131m\u0131 a\u015famalar\u0131nda gscmekanik.com olarak Veri Sorumlusu s\u0131fat\u0131 ile gerekli \u00f6nlemleri al\u0131yoruz.\u00a0<\/p>\n<p>Ki\u015fisel Verilerin \u0130\u015flenmesi Ayd\u0131nlatma Metnimizi (\u201cAyd\u0131nlatma Metni\u201d) Ki\u015fisel Verilerin Korunmas\u0131 Kanunu (KVKK) ve yasal d\u00fczenlemeler \u00e7er\u00e7evesinde ki\u015fisel verilerinizin i\u015flenmesi, saklanmas\u0131 ve aktar\u0131lmas\u0131na ili\u015fkin veri sahibi ilgili ki\u015fileri bilgilendirmek amac\u0131yla haz\u0131rlad\u0131k. Bu sayfa i\u00e7erisinde veri sorumlusu olarak bilgilerimize, ki\u015fisel verilerin hangi ama\u00e7la i\u015flenece\u011fi, kimlere ve hangi ama\u00e7la aktar\u0131labilece\u011fine, ki\u015fisel veri toplaman\u0131n y\u00f6ntemi ve hukuki sebebine, KVKK da say\u0131l\u0131 haklar\u0131n\u0131z hakk\u0131nda t\u00fcm bilgiye ula\u015fabilirsiniz.<\/p>\n<p>Ayd\u0131nlatma Metni i\u00e7erisinde gerekli oldu\u011fu takdirde de\u011fi\u015fiklik yapabiliriz. Yap\u0131lacak de\u011fi\u015fiklikler yay\u0131mlanmas\u0131yla birlikte ge\u00e7erlilik kazanacakt\u0131r.<\/p>\n<!-- \/wp:paragraph -->\t\t\t\t\t\t<\/div>\n\t\t\t\t<\/div>\n\t\t\t\t\t<\/div>\n\t\t<\/div>\n\t\t\t\t\t\t\t<\/div>\n\t\t<\/section>\n\t\t\t\t\t\t\t<\/div>","protected":false},"excerpt":{"rendered":"<p>Ki\u015fisel verilerinizi \u00f6zel hayat\u0131n gizlili\u011fi ve ki\u015filerin temel hak ve \u00f6zg\u00fcrl\u00fcklerinin korunmas\u0131 ilkesine uygun olarak muhafazas\u0131, i\u015flenmesi ve mevzuata uygun olarak aktar\u0131m\u0131 a\u015famalar\u0131nda gscmekanik.com olarak Veri Sorumlusu s\u0131fat\u0131 ile gerekli \u00f6nlemleri al\u0131yoruz.\u00a0 Ki\u015fisel Verilerin \u0130\u015flenmesi Ayd\u0131nlatma Metnimizi (\u201cAyd\u0131nlatma Metni\u201d) Ki\u015fisel Verilerin Korunmas\u0131 Kanunu (KVKK) ve yasal d\u00fczenlemeler \u00e7er\u00e7evesinde ki\u015fisel verilerinizin i\u015flenmesi, saklanmas\u0131 ve aktar\u0131lmas\u0131na ili\u015fkin&#8230;<\/p>","protected":false},"author":1,"featured_media":0,"parent":0,"menu_order":0,"comment_status":"closed","ping_status":"open","template":"","meta":[],"aioseo_notices":[],"_links":{"self":[{"href":"https:\/\/gscmekanik.com\/en\/wp-json\/wp\/v2\/pages\/9359"}],"collection":[{"href":"https:\/\/gscmekanik.com\/en\/wp-json\/wp\/v2\/pages"}],"about":[{"href":"https:\/\/gscmekanik.com\/en\/wp-json\/wp\/v2\/types\/page"}],"author":[{"embeddable":true,"href":"https:\/\/gscmekanik.com\/en\/wp-json\/wp\/v2\/users\/1"}],"replies":[{"embeddable":true,"href":"https:\/\/gscmekanik.com\/en\/wp-json\/wp\/v2\/comments?post=9359"}],"version-history":[{"count":5,"href":"https:\/\/gscmekanik.com\/en\/wp-json\/wp\/v2\/pages\/9359\/revisions"}],"predecessor-version":[{"id":9382,"href":"https:\/\/gscmekanik.com\/en\/wp-json\/wp\/v2\/pages\/9359\/revisions\/9382"}],"wp:attachment":[{"href":"https:\/\/gscmekanik.com\/en\/wp-json\/wp\/v2\/media?parent=9359"}],"curies":[{"name":"wp","href":"https:\/\/api.w.org\/{rel}","templated":true}]}}