{"id":9270,"date":"2022-04-10T06:36:47","date_gmt":"2022-04-10T06:36:47","guid":{"rendered":"http:\/\/192.168.1.100\/waretech\/?page_id=12"},"modified":"2023-05-07T00:12:34","modified_gmt":"2023-05-06T21:12:34","slug":"hizmetlerimiz","status":"publish","type":"page","link":"https:\/\/gscmekanik.com\/en\/hizmetlerimiz\/","title":{"rendered":"SOLUTIONS"},"content":{"rendered":"<div data-elementor-type=\"wp-page\" data-elementor-id=\"9270\" class=\"elementor elementor-9270\">\n\t\t\t\t\t\t\t\t\t<section class=\"elementor-section elementor-top-section elementor-element elementor-element-9b8c632 elementor-section-stretched elementor-section-boxed elementor-section-height-default elementor-section-height-default\" data-id=\"9b8c632\" data-element_type=\"section\" data-settings=\"{&quot;background_background&quot;:&quot;classic&quot;,&quot;stretch_section&quot;:&quot;section-stretched&quot;}\">\n\t\t\t\t\t\t<div class=\"elementor-container elementor-column-gap-no\">\n\t\t\t\t\t<div class=\"elementor-column elementor-col-100 elementor-top-column elementor-element elementor-element-83de6dc\" data-id=\"83de6dc\" data-element_type=\"column\">\n\t\t\t<div class=\"elementor-widget-wrap elementor-element-populated\">\n\t\t\t\t\t\t\t\t<section class=\"elementor-section elementor-inner-section elementor-element elementor-element-7cf3dac elementor-section-full_width home-2-services elementor-section-height-default elementor-section-height-default\" data-id=\"7cf3dac\" data-element_type=\"section\">\n\t\t\t\t\t\t<div class=\"elementor-container elementor-column-gap-default\">\n\t\t\t\t\t<div class=\"elementor-column elementor-col-50 elementor-inner-column elementor-element elementor-element-4592cf7\" data-id=\"4592cf7\" data-element_type=\"column\">\n\t\t\t<div class=\"elementor-widget-wrap elementor-element-populated\">\n\t\t\t\t\t\t\t\t<div class=\"elementor-element elementor-element-16f3485 home2-service--grid elementor-widget elementor-widget-rt-service-grid\" data-id=\"16f3485\" data-element_type=\"widget\" data-widget_type=\"rt-service-grid.default\">\n\t\t\t\t<div class=\"elementor-widget-container\">\n\t\t\t<div class=\"react-addon-services services-style3\">\r\n    <div class=\"services-part\">\r\n\t\t<div class=\"service--top\">\r\n\t\t\t\t\t\t\t<div class=\"services-icon\">\r\n\t\t\t\t\t\t\t\t\t\t\t\t\t\t\t\t<img decoding=\"async\" src=\"https:\/\/gscmekanik.com\/wp-content\/uploads\/2023\/05\/factory.png\" alt=\"image\"\/>\r\n\t\t\t\t\t\t\t\t\t<\/div>\r\n\t\t\t\t\t    \t\t       \r\n\r\n\t    \t\t\t    \t<div class=\"services-title\">\t\r\n\t\t    \t\t\t\t    \t\t\t\t\t\t\t\t\r\n\t\t\t\t\t\t\t\t\t\t\t\t\r\n\t\t    \t\t\t<h2 class=\"title\"> Industrial Solution and Equipment Supply<\/h2>\r\n\t\t    \t\t\t\t\t\t    \t\t\r\n\t\t    \t<\/div>\r\n\t    \t\t\r\n\t\t<\/div>\r\n\t    \r\n\t    <div class=\"services--bottom\">\r\n\t    \t\t    \t\t<p class=\"services-txt\">  <p>Hizmetimiz hakk\u0131nda detayl\u0131 bilgi almak ve ileti\u015fime ge\u00e7mek i\u00e7in hemen t\u0131klay\u0131n.<\/p><\/p>\t\r\n\t    \t\t\r\n\t\t    \t<div class=\"services-btn-part\">\r\n\t\t    \t\t\t    \t\t\t\t<a class=\"services-btn icon-after\" href=\"https:\/\/gscmekanik.com\/en\/urunlerimiz\/\" >\r\n\t\t\t\t\t    \t\t\t\t\t<span class=\"btn_text\">\r\n    \t\t\t\t\t\t\u0130nceleyin\t\t\t\t\t\t\t<i class=\"rt-arrow-right-long ml-1\"><\/i>\r\n\t\t\t\t\t\t<\/span>\r\n\t\t\t\t\t\t\t    \t\t\t\t\r\n\t    \t\t\t<\/a>\t    \t\t    \t\t\r\n\t\t    \t<\/div>\r\n\t    <\/div>\r\n\t<\/div>\r\n<\/div>\t\t<\/div>\n\t\t\t\t<\/div>\n\t\t\t\t\t<\/div>\n\t\t<\/div>\n\t\t\t\t<div class=\"elementor-column elementor-col-50 elementor-inner-column elementor-element elementor-element-259266e\" data-id=\"259266e\" data-element_type=\"column\">\n\t\t\t<div class=\"elementor-widget-wrap elementor-element-populated\">\n\t\t\t\t\t\t\t\t<div class=\"elementor-element elementor-element-27b7702 home2-service--grid elementor-widget elementor-widget-rt-service-grid\" data-id=\"27b7702\" data-element_type=\"widget\" data-widget_type=\"rt-service-grid.default\">\n\t\t\t\t<div class=\"elementor-widget-container\">\n\t\t\t<div class=\"react-addon-services services-style3\">\r\n    <div class=\"services-part\">\r\n\t\t<div class=\"service--top\">\r\n\t\t\t\t\t\t\t<div class=\"services-icon\">\r\n\t\t\t\t\t\t\t\t\t\t\t\t\t\t\t\t<img decoding=\"async\" src=\"https:\/\/gscmekanik.com\/wp-content\/uploads\/2023\/05\/factory-1.png\" alt=\"image\"\/>\r\n\t\t\t\t\t\t\t\t\t<\/div>\r\n\t\t\t\t\t    \t\t       \r\n\r\n\t    \t\t\t    \t<div class=\"services-title\">\t\r\n\t\t    \t\t\t\t    \t\t\t\t\t\t\t\t\r\n\t\t\t\t\t\t\t\t\t\t\t\t\r\n\t\t    \t\t\t<h2 class=\"title\"> Fabrika Is\u0131tma-So\u011futma Pompa Gruplar\u0131 Ke\u015fif ve Verimlilik<\/h2>\r\n\t\t    \t\t\t\t\t\t    \t\t\r\n\t\t    \t<\/div>\r\n\t    \t\t\r\n\t\t<\/div>\r\n\t    \r\n\t    <div class=\"services--bottom\">\r\n\t    \t\t    \t\t<p class=\"services-txt\">  <p>Hizmetimiz hakk\u0131nda detayl\u0131 bilgi almak ve ileti\u015fime ge\u00e7mek i\u00e7in hemen t\u0131klay\u0131n.<\/p><\/p>\t\r\n\t    \t\t\r\n\t\t    \t<div class=\"services-btn-part\">\r\n\t\t    \t\t\t    \t\t\t\t<a class=\"services-btn icon-after\" href=\"https:\/\/gscmekanik.com\/en\/hizmetlerimiz\/fabrika-isitma-sogutma-pompa-gruplari-kesif-ve-verimlilik-calismalari\/\" >\r\n\t\t\t\t\t    \t\t\t\t\t<span class=\"btn_text\">\r\n    \t\t\t\t\t\t\u0130nceleyin\t\t\t\t\t\t\t<i class=\"rt-arrow-right-long ml-1\"><\/i>\r\n\t\t\t\t\t\t<\/span>\r\n\t\t\t\t\t\t\t    \t\t\t\t\r\n\t    \t\t\t<\/a>\t    \t\t    \t\t\r\n\t\t    \t<\/div>\r\n\t    <\/div>\r\n\t<\/div>\r\n<\/div>\t\t<\/div>\n\t\t\t\t<\/div>\n\t\t\t\t\t<\/div>\n\t\t<\/div>\n\t\t\t\t\t\t\t<\/div>\n\t\t<\/section>\n\t\t\t\t<section class=\"elementor-section elementor-inner-section elementor-element elementor-element-f3a2173 elementor-section-full_width home-2-services elementor-section-height-default elementor-section-height-default\" data-id=\"f3a2173\" data-element_type=\"section\">\n\t\t\t\t\t\t<div class=\"elementor-container elementor-column-gap-default\">\n\t\t\t\t\t<div class=\"elementor-column elementor-col-50 elementor-inner-column elementor-element elementor-element-2cfa3a4\" data-id=\"2cfa3a4\" data-element_type=\"column\">\n\t\t\t<div class=\"elementor-widget-wrap elementor-element-populated\">\n\t\t\t\t\t\t\t\t<div class=\"elementor-element elementor-element-843272b home2-service--grid elementor-widget elementor-widget-rt-service-grid\" data-id=\"843272b\" data-element_type=\"widget\" data-widget_type=\"rt-service-grid.default\">\n\t\t\t\t<div class=\"elementor-widget-container\">\n\t\t\t<div class=\"react-addon-services services-style3\">\r\n    <div class=\"services-part\">\r\n\t\t<div class=\"service--top\">\r\n\t\t\t\t\t\t\t<div class=\"services-icon\">\r\n\t\t\t\t\t\t\t\t\t\t\t\t\t\t\t\t<img decoding=\"async\" src=\"https:\/\/gscmekanik.com\/wp-content\/uploads\/2023\/05\/automation.png\" alt=\"image\"\/>\r\n\t\t\t\t\t\t\t\t\t<\/div>\r\n\t\t\t\t\t    \t\t       \r\n\r\n\t    \t\t\t    \t<div class=\"services-title\">\t\r\n\t\t    \t\t\t\t    \t\t\t\t\t\t\t\t\r\n\t\t\t\t\t\t\t\t\t\t\t\t\r\n\t\t    \t\t\t<h2 class=\"title\"> Otomasyon Pano ve Sistem  \u00c7\u00f6z\u00fcmleri<\/h2>\r\n\t\t    \t\t\t\t\t\t    \t\t\r\n\t\t    \t<\/div>\r\n\t    \t\t\r\n\t\t<\/div>\r\n\t    \r\n\t    <div class=\"services--bottom\">\r\n\t    \t\t    \t\t<p class=\"services-txt\">  <p>Hizmetimiz hakk\u0131nda detayl\u0131 bilgi almak ve ileti\u015fime ge\u00e7mek i\u00e7in hemen t\u0131klay\u0131n.<\/p><\/p>\t\r\n\t    \t\t\r\n\t\t    \t<div class=\"services-btn-part\">\r\n\t\t    \t\t\t    \t\t\t\t<a class=\"services-btn icon-after\" href=\"https:\/\/gscmekanik.com\/en\/hizmetlerimiz\/otomasyon-pano-ve-sistem-cozumleri\/\" >\r\n\t\t\t\t\t    \t\t\t\t\t<span class=\"btn_text\">\r\n    \t\t\t\t\t\t\u0130nceleyin\t\t\t\t\t\t\t<i class=\"rt-arrow-right-long ml-1\"><\/i>\r\n\t\t\t\t\t\t<\/span>\r\n\t\t\t\t\t\t\t    \t\t\t\t\r\n\t    \t\t\t<\/a>\t    \t\t    \t\t\r\n\t\t    \t<\/div>\r\n\t    <\/div>\r\n\t<\/div>\r\n<\/div>\t\t<\/div>\n\t\t\t\t<\/div>\n\t\t\t\t\t<\/div>\n\t\t<\/div>\n\t\t\t\t<div class=\"elementor-column elementor-col-50 elementor-inner-column elementor-element elementor-element-538441f\" data-id=\"538441f\" data-element_type=\"column\">\n\t\t\t<div class=\"elementor-widget-wrap elementor-element-populated\">\n\t\t\t\t\t\t\t\t<div class=\"elementor-element elementor-element-eead1e7 home2-service--grid elementor-widget elementor-widget-rt-service-grid\" data-id=\"eead1e7\" data-element_type=\"widget\" data-widget_type=\"rt-service-grid.default\">\n\t\t\t\t<div class=\"elementor-widget-container\">\n\t\t\t<div class=\"react-addon-services services-style3\">\r\n    <div class=\"services-part\">\r\n\t\t<div class=\"service--top\">\r\n\t\t\t\t\t\t\t<div class=\"services-icon\">\r\n\t\t\t\t\t\t\t\t\t\t\t\t\t\t\t\t<img decoding=\"async\" src=\"https:\/\/gscmekanik.com\/wp-content\/uploads\/2023\/05\/pump.png\" alt=\"image\"\/>\r\n\t\t\t\t\t\t\t\t\t<\/div>\r\n\t\t\t\t\t    \t\t       \r\n\r\n\t    \t\t\t    \t<div class=\"services-title\">\t\r\n\t\t    \t\t\t\t    \t\t\t\t\t\t\t\t\r\n\t\t\t\t\t\t\t\t\t\t\t\t\r\n\t\t    \t\t\t<h2 class=\"title\"> Pump and Heat Exchanger Maintenance<\/h2>\r\n\t\t    \t\t\t\t\t\t    \t\t\r\n\t\t    \t<\/div>\r\n\t    \t\t\r\n\t\t<\/div>\r\n\t    \r\n\t    <div class=\"services--bottom\">\r\n\t    \t\t    \t\t<p class=\"services-txt\">  Hizmetimiz hakk\u0131nda detayl\u0131 bilgi almak ve ileti\u015fime ge\u00e7mek i\u00e7in hemen t\u0131klay\u0131n.<\/p>\t\r\n\t    \t\t\r\n\t\t    \t<div class=\"services-btn-part\">\r\n\t\t    \t\t\t    \t\t\t\t<a class=\"services-btn icon-after\" href=\"https:\/\/gscmekanik.com\/en\/hizmetlerimiz\/pompa-ve-esanjor-bakim-onarim-hizmetleri\/\" >\r\n\t\t\t\t\t    \t\t\t\t\t<span class=\"btn_text\">\r\n    \t\t\t\t\t\t\u0130nceleyin\t\t\t\t\t\t\t<i class=\"rt-arrow-right-long ml-1\"><\/i>\r\n\t\t\t\t\t\t<\/span>\r\n\t\t\t\t\t\t\t    \t\t\t\t\r\n\t    \t\t\t<\/a>\t    \t\t    \t\t\r\n\t\t    \t<\/div>\r\n\t    <\/div>\r\n\t<\/div>\r\n<\/div>\t\t<\/div>\n\t\t\t\t<\/div>\n\t\t\t\t\t<\/div>\n\t\t<\/div>\n\t\t\t\t\t\t\t<\/div>\n\t\t<\/section>\n\t\t\t\t\t<\/div>\n\t\t<\/div>\n\t\t\t\t\t\t\t<\/div>\n\t\t<\/section>\n\t\t\t\t\t\t\t<\/div>","protected":false},"excerpt":{"rendered":"<p>End\u00fcstriyel \u00c7\u00f6z\u00fcm ve Ekipman Tedari\u011fi Hizmetimiz hakk\u0131nda detayl\u0131 bilgi almak ve ileti\u015fime ge\u00e7mek i\u00e7in hemen t\u0131klay\u0131n. \u0130nceleyin Fabrika Is\u0131tma-So\u011futma Pompa Gruplar\u0131 Ke\u015fif ve Verimlilik Hizmetimiz hakk\u0131nda detayl\u0131 bilgi almak ve ileti\u015fime ge\u00e7mek i\u00e7in hemen t\u0131klay\u0131n. \u0130nceleyin Otomasyon Pano ve Sistem \u00c7\u00f6z\u00fcmleri Hizmetimiz hakk\u0131nda detayl\u0131 bilgi almak ve ileti\u015fime ge\u00e7mek i\u00e7in hemen t\u0131klay\u0131n. \u0130nceleyin Pompa ve&#8230;<\/p>","protected":false},"author":1,"featured_media":0,"parent":0,"menu_order":0,"comment_status":"closed","ping_status":"closed","template":"","meta":[],"aioseo_notices":[],"_links":{"self":[{"href":"https:\/\/gscmekanik.com\/en\/wp-json\/wp\/v2\/pages\/9270"}],"collection":[{"href":"https:\/\/gscmekanik.com\/en\/wp-json\/wp\/v2\/pages"}],"about":[{"href":"https:\/\/gscmekanik.com\/en\/wp-json\/wp\/v2\/types\/page"}],"author":[{"embeddable":true,"href":"https:\/\/gscmekanik.com\/en\/wp-json\/wp\/v2\/users\/1"}],"replies":[{"embeddable":true,"href":"https:\/\/gscmekanik.com\/en\/wp-json\/wp\/v2\/comments?post=9270"}],"version-history":[{"count":69,"href":"https:\/\/gscmekanik.com\/en\/wp-json\/wp\/v2\/pages\/9270\/revisions"}],"predecessor-version":[{"id":9615,"href":"https:\/\/gscmekanik.com\/en\/wp-json\/wp\/v2\/pages\/9270\/revisions\/9615"}],"wp:attachment":[{"href":"https:\/\/gscmekanik.com\/en\/wp-json\/wp\/v2\/media?parent=9270"}],"curies":[{"name":"wp","href":"https:\/\/api.w.org\/{rel}","templated":true}]}}