{"id":9269,"date":"2022-04-10T06:36:29","date_gmt":"2022-04-10T06:36:29","guid":{"rendered":"http:\/\/192.168.1.100\/waretech\/?page_id=10"},"modified":"2023-05-18T09:23:10","modified_gmt":"2023-05-18T06:23:10","slug":"hakkimizda","status":"publish","type":"page","link":"https:\/\/gscmekanik.com\/en\/hakkimizda\/","title":{"rendered":"About Us"},"content":{"rendered":"<div data-elementor-type=\"wp-page\" data-elementor-id=\"9269\" class=\"elementor elementor-9269\">\n\t\t\t\t\t\t\t\t\t<section class=\"elementor-section elementor-top-section elementor-element elementor-element-81b0118 elementor-section-content-middle elementor-section-stretched elementor-section-boxed elementor-section-height-default elementor-section-height-default\" data-id=\"81b0118\" data-element_type=\"section\" data-settings=\"{&quot;stretch_section&quot;:&quot;section-stretched&quot;,&quot;background_background&quot;:&quot;classic&quot;}\">\n\t\t\t\t\t\t<div class=\"elementor-container elementor-column-gap-no\">\n\t\t\t\t\t<div class=\"elementor-column elementor-col-50 elementor-top-column elementor-element elementor-element-ccfb7a7\" data-id=\"ccfb7a7\" data-element_type=\"column\">\n\t\t\t<div class=\"elementor-widget-wrap elementor-element-populated\">\n\t\t\t\t\t\t\t\t<div class=\"elementor-element elementor-element-ea34114 elementor-widget elementor-widget-react-heading\" data-id=\"ea34114\" data-element_type=\"widget\" data-widget_type=\"react-heading.default\">\n\t\t\t\t<div class=\"elementor-widget-container\">\n\t\t\t        <div class=\"react-heading default\">\r\n        \t<div class=\"title-inner\">        \t\t      \t\t\r\n\t            <span class=\"sub-text\">Gsc Mekanik<\/span><h2 class=\"title\"><span class=\"watermark\"><\/span>About Us<\/h2>\t        <\/div>\r\n\t        \r\n\t            \r\n        <\/div>\r\n        \t\t<\/div>\n\t\t\t\t<\/div>\n\t\t\t\t<div class=\"elementor-element elementor-element-9ecab8e elementor-widget elementor-widget-text-editor\" data-id=\"9ecab8e\" data-element_type=\"widget\" data-widget_type=\"text-editor.default\">\n\t\t\t\t<div class=\"elementor-widget-container\">\n\t\t\t<style>\/*! elementor - v3.11.5 - 14-03-2023 *\/\n.elementor-widget-text-editor.elementor-drop-cap-view-stacked .elementor-drop-cap{background-color:#818a91;color:#fff}.elementor-widget-text-editor.elementor-drop-cap-view-framed .elementor-drop-cap{color:#818a91;border:3px solid;background-color:transparent}.elementor-widget-text-editor:not(.elementor-drop-cap-view-default) .elementor-drop-cap{margin-top:8px}.elementor-widget-text-editor:not(.elementor-drop-cap-view-default) .elementor-drop-cap-letter{width:1em;height:1em}.elementor-widget-text-editor .elementor-drop-cap{float:left;text-align:center;line-height:1;font-size:50px}.elementor-widget-text-editor .elementor-drop-cap-letter{display:inline-block}<\/style>\t\t\t\t<p><b>GSC Mechanical Engineering: Reliable Solutions in the Pump and Booster Sector<\/b><\/p><p><span style=\"color: var( --e-global-color-text ); font-family: var( --e-global-typography-text-font-family ), Sans-serif; font-weight: var( --e-global-typography-text-font-weight );\">GSC Mechanical Engineering has been operating in the industrial sector for many years and specializes in pump and hydrophore group sales. We maintain our leading position in the industry by providing high quality products and engineering services to our customers. By having dealerships of world-renowned brands such as Ebara Pompa, Grundfos Pompa and Sulzer Pompa, we offer the best and optimum solutions to our customers.<\/span><\/p><p><b>Quality Products and Wide Product Range<\/b><\/p><p>As GSC Mechanical Engineering, we focus on providing our customers with high-performance, durable and reliable pump and booster systems. Thanks to our dealership of leading brands in the Industrial sector such as Ebara, Grundfos and Sulzer, we have a wide range of products. We have suitable pump and booster solutions for all kinds of industrial applications. We have products suitable for all kinds of needs, from liquid transfer to pressure boosting systems, from fire extinguishing pumps to waste water pumps.<\/p><p><b>Experienced and Expert Staff<\/b><\/p><p>As GSC Mechanical Engineering, we have an experienced and expert staff to provide the best service to our customers. While we closely follow the innovations in the sector, we constantly improve ourselves to understand our customers' needs and offer the most appropriate solutions. Together with our team, we support our customers at every stage and ensure that they complete their projects successfully.<\/p><p><b>Customer Satisfaction Oriented Service Approach<\/b><\/p><p>As GSC Mechanical Engineering, customer satisfaction is our priority. We strive to understand our customers' needs, evaluate their projects accurately and offer the most appropriate solutions. Meeting customer demands on time, providing quality products and providing effective after-sales support are the cornerstones of our business.<\/p>\t\t\t\t\t\t<\/div>\n\t\t\t\t<\/div>\n\t\t\t\t<div class=\"elementor-element elementor-element-1d0501a elementor-widget elementor-widget-button\" data-id=\"1d0501a\" data-element_type=\"widget\" data-widget_type=\"button.default\">\n\t\t\t\t<div class=\"elementor-widget-container\">\n\t\t\t\t\t<div class=\"elementor-button-wrapper\">\n\t\t\t<a href=\"https:\/\/gscmekanik.com\/en\/teklif-alin\/\" class=\"elementor-button-link elementor-button elementor-size-sm\" role=\"button\">\n\t\t\t\t\t\t<span class=\"elementor-button-content-wrapper\">\n\t\t\t\t\t\t\t<span class=\"elementor-button-icon elementor-align-icon-right\">\n\t\t\t\t<i aria-hidden=\"true\" class=\"fas fa-long-arrow-alt-right\"><\/i>\t\t\t<\/span>\n\t\t\t\t\t\t<span class=\"elementor-button-text\">Get Offer<\/span>\n\t\t<\/span>\n\t\t\t\t\t<\/a>\n\t\t<\/div>\n\t\t\t\t<\/div>\n\t\t\t\t<\/div>\n\t\t\t\t\t<\/div>\n\t\t<\/div>\n\t\t\t\t<div class=\"elementor-column elementor-col-50 elementor-top-column elementor-element elementor-element-41ddecb elementor-hidden-mobile\" data-id=\"41ddecb\" data-element_type=\"column\">\n\t\t\t<div class=\"elementor-widget-wrap elementor-element-populated\">\n\t\t\t\t\t\t\t\t<div class=\"elementor-element elementor-element-4acf78a elementor-widget elementor-widget-image\" data-id=\"4acf78a\" data-element_type=\"widget\" data-widget_type=\"image.default\">\n\t\t\t\t<div class=\"elementor-widget-container\">\n\t\t\t<style>\/*! elementor - v3.11.5 - 14-03-2023 *\/\n.elementor-widget-image{text-align:center}.elementor-widget-image a{display:inline-block}.elementor-widget-image a img[src$=\".svg\"]{width:48px}.elementor-widget-image img{vertical-align:middle;display:inline-block}<\/style>\t\t\t\t\t\t\t\t\t\t\t\t<img decoding=\"async\" width=\"300\" height=\"500\" src=\"https:\/\/gscmekanik.com\/wp-content\/uploads\/2023\/05\/hakkimizda-res-1.jpg\" class=\"attachment-full size-full wp-image-9839\" alt=\"\" loading=\"lazy\" srcset=\"https:\/\/gscmekanik.com\/wp-content\/uploads\/2023\/05\/hakkimizda-res-1.jpg 300w, https:\/\/gscmekanik.com\/wp-content\/uploads\/2023\/05\/hakkimizda-res-1-180x300.jpg 180w\" sizes=\"(max-width: 300px) 100vw, 300px\" \/>\t\t\t\t\t\t\t\t\t\t\t\t\t\t\t<\/div>\n\t\t\t\t<\/div>\n\t\t\t\t<div class=\"elementor-element elementor-element-f79033f elementor-absolute elementor-widget__width-auto elementor-hidden-mobile elementor-widget elementor-widget-image\" data-id=\"f79033f\" data-element_type=\"widget\" data-settings=\"{&quot;_position&quot;:&quot;absolute&quot;}\" data-widget_type=\"image.default\">\n\t\t\t\t<div class=\"elementor-widget-container\">\n\t\t\t\t\t\t\t\t\t\t\t\t\t\t\t<img decoding=\"async\" width=\"300\" height=\"500\" src=\"https:\/\/gscmekanik.com\/wp-content\/uploads\/2023\/05\/hakkimizda-res-2.jpg\" class=\"attachment-full size-full wp-image-9840\" alt=\"\" loading=\"lazy\" srcset=\"https:\/\/gscmekanik.com\/wp-content\/uploads\/2023\/05\/hakkimizda-res-2.jpg 300w, https:\/\/gscmekanik.com\/wp-content\/uploads\/2023\/05\/hakkimizda-res-2-180x300.jpg 180w\" sizes=\"(max-width: 300px) 100vw, 300px\" \/>\t\t\t\t\t\t\t\t\t\t\t\t\t\t\t<\/div>\n\t\t\t\t<\/div>\n\t\t\t\t<div class=\"elementor-element elementor-element-32badf6 elementor-widget elementor-widget-spacer\" data-id=\"32badf6\" data-element_type=\"widget\" data-widget_type=\"spacer.default\">\n\t\t\t\t<div class=\"elementor-widget-container\">\n\t\t\t<style>\/*! elementor - v3.11.5 - 14-03-2023 *\/\n.elementor-column .elementor-spacer-inner{height:var(--spacer-size)}.e-con{--container-widget-width:100%}.e-con-inner>.elementor-widget-spacer,.e-con>.elementor-widget-spacer{width:var(--container-widget-width,var(--spacer-size));--align-self:var(--container-widget-align-self,initial);--flex-shrink:0}.e-con-inner>.elementor-widget-spacer>.elementor-widget-container,.e-con-inner>.elementor-widget-spacer>.elementor-widget-container>.elementor-spacer,.e-con>.elementor-widget-spacer>.elementor-widget-container,.e-con>.elementor-widget-spacer>.elementor-widget-container>.elementor-spacer{height:100%}.e-con-inner>.elementor-widget-spacer>.elementor-widget-container>.elementor-spacer>.elementor-spacer-inner,.e-con>.elementor-widget-spacer>.elementor-widget-container>.elementor-spacer>.elementor-spacer-inner{height:var(--container-widget-height,var(--spacer-size))}<\/style>\t\t<div class=\"elementor-spacer\">\n\t\t\t<div class=\"elementor-spacer-inner\"><\/div>\n\t\t<\/div>\n\t\t\t\t<\/div>\n\t\t\t\t<\/div>\n\t\t\t\t<div class=\"elementor-element elementor-element-42f7e24 elementor-widget elementor-widget-spacer\" data-id=\"42f7e24\" data-element_type=\"widget\" data-widget_type=\"spacer.default\">\n\t\t\t\t<div class=\"elementor-widget-container\">\n\t\t\t\t\t<div class=\"elementor-spacer\">\n\t\t\t<div class=\"elementor-spacer-inner\"><\/div>\n\t\t<\/div>\n\t\t\t\t<\/div>\n\t\t\t\t<\/div>\n\t\t\t\t<div class=\"elementor-element elementor-element-dd3d31f elementor-widget__width-auto elementor-absolute e-transform elementor-widget elementor-widget-rt-counter\" data-id=\"dd3d31f\" data-element_type=\"widget\" data-settings=\"{&quot;_position&quot;:&quot;absolute&quot;,&quot;_transform_skewX_effect&quot;:{&quot;unit&quot;:&quot;px&quot;,&quot;size&quot;:&quot;&quot;,&quot;sizes&quot;:[]},&quot;_transform_skewX_effect_tablet&quot;:{&quot;unit&quot;:&quot;deg&quot;,&quot;size&quot;:&quot;&quot;,&quot;sizes&quot;:[]},&quot;_transform_skewX_effect_mobile&quot;:{&quot;unit&quot;:&quot;deg&quot;,&quot;size&quot;:&quot;&quot;,&quot;sizes&quot;:[]},&quot;_transform_skewY_effect&quot;:{&quot;unit&quot;:&quot;px&quot;,&quot;size&quot;:&quot;&quot;,&quot;sizes&quot;:[]},&quot;_transform_skewY_effect_tablet&quot;:{&quot;unit&quot;:&quot;deg&quot;,&quot;size&quot;:&quot;&quot;,&quot;sizes&quot;:[]},&quot;_transform_skewY_effect_mobile&quot;:{&quot;unit&quot;:&quot;deg&quot;,&quot;size&quot;:&quot;&quot;,&quot;sizes&quot;:[]}}\" data-widget_type=\"rt-counter.default\">\n\t\t\t\t<div class=\"elementor-widget-container\">\n\t\t\t\t\t<div class=\"counter-top-area no style1\">\r\n\t\t    <div class=\"rs-counter-list\">\r\n\r\n\t\t\t\t\r\n\t\t    \t\t\t    \t\t<div class=\"counter-icon\">\r\n\t\t\t    \t\t\r\n\t\t\t    \t\t\t\t\t    \t\t\t<img decoding=\"async\" src=\"https:\/\/reactheme.com\/products\/wordpress\/waretech\/wp-content\/uploads\/2022\/05\/trophy-2.png\" alt=\"image\"\/>\r\n\t\t\t    \t\t\t\t    \t\t<\/div>\t\r\n\t\t\t\t\t\r\n\t\t\t\t\t\t\t    \t\t       \r\n\t\t\t    <div class=\"count-text\">\r\n\t\t\t    \t<div class=\"count-number\">\r\n\t\t\t    \t\t\t\t\t    \t\t\t<span class=\"rs-counter\"> 15<\/span>\r\n\t\t\t    \t\t\t\t\t    \t<\/div>\r\n\r\n\t\t\t    \t\t\t\t    \t\t<span class=\"title\">  Y\u0131l\u0131 A\u015fk\u0131n Deneyim<\/span>\t\r\n\t\t\t    \t\t\r\n\r\n\t\t\t    \t\t\r\n\r\n\t\t\t    <\/div>\r\n\r\n\t\t\t\t\t\t\t\t\r\n\r\n\r\n\r\n\r\n\t\t\t<\/div>\r\n\t\t<\/div>\t\t\r\n\t\t\t<\/div>\n\t\t\t\t<\/div>\n\t\t\t\t\t<\/div>\n\t\t<\/div>\n\t\t\t\t\t\t\t<\/div>\n\t\t<\/section>\n\t\t\t\t\t\t\t<\/div>","protected":false},"excerpt":{"rendered":"<p>Gsc Mekanik Hakk\u0131m\u0131zda GSC Mekanik M\u00fchendislik: Pompa ve Hidrofor Sekt\u00f6r\u00fcnde G\u00fcvenilir \u00c7\u00f6z\u00fcmler GSC Mekanik M\u00fchendislik, end\u00fcstriyel sekt\u00f6rde uzun y\u0131llard\u0131r faaliyet g\u00f6steren, pompa ve hidrofor grubu sat\u0131\u015flar\u0131 konusunda uzmanla\u015fm\u0131\u015ft\u0131r. M\u00fc\u015fterilerimize y\u00fcksek kaliteli \u00fcr\u00fcnler ve m\u00fchendislik hizmetleri sunarak, sekt\u00f6rdeki lider konumumuzu koruyoruz. Ebara Pompa, Grundfos Pompa ve Sulzer Pompa gibi d\u00fcnya \u00e7ap\u0131nda tan\u0131nm\u0131\u015f markalar\u0131n bayiliklerini b\u00fcnyemizde bulundurarak,&#8230;<\/p>","protected":false},"author":1,"featured_media":0,"parent":0,"menu_order":0,"comment_status":"closed","ping_status":"closed","template":"","meta":[],"aioseo_notices":[],"_links":{"self":[{"href":"https:\/\/gscmekanik.com\/en\/wp-json\/wp\/v2\/pages\/9269"}],"collection":[{"href":"https:\/\/gscmekanik.com\/en\/wp-json\/wp\/v2\/pages"}],"about":[{"href":"https:\/\/gscmekanik.com\/en\/wp-json\/wp\/v2\/types\/page"}],"author":[{"embeddable":true,"href":"https:\/\/gscmekanik.com\/en\/wp-json\/wp\/v2\/users\/1"}],"replies":[{"embeddable":true,"href":"https:\/\/gscmekanik.com\/en\/wp-json\/wp\/v2\/comments?post=9269"}],"version-history":[{"count":45,"href":"https:\/\/gscmekanik.com\/en\/wp-json\/wp\/v2\/pages\/9269\/revisions"}],"predecessor-version":[{"id":10117,"href":"https:\/\/gscmekanik.com\/en\/wp-json\/wp\/v2\/pages\/9269\/revisions\/10117"}],"wp:attachment":[{"href":"https:\/\/gscmekanik.com\/en\/wp-json\/wp\/v2\/media?parent=9269"}],"curies":[{"name":"wp","href":"https:\/\/api.w.org\/{rel}","templated":true}]}}