{"id":1215,"date":"2022-05-09T09:49:04","date_gmt":"2022-05-09T09:49:04","guid":{"rendered":"http:\/\/192.168.1.100\/waretech\/?page_id=1215"},"modified":"2023-05-18T09:08:31","modified_gmt":"2023-05-18T06:08:31","slug":"fabrika-isitma-sogutma-pompa-gruplari-kesif-ve-verimlilik-calismalari","status":"publish","type":"page","link":"https:\/\/gscmekanik.com\/en\/hizmetlerimiz\/fabrika-isitma-sogutma-pompa-gruplari-kesif-ve-verimlilik-calismalari\/","title":{"rendered":"Energy Audits"},"content":{"rendered":"<div data-elementor-type=\"wp-page\" data-elementor-id=\"1215\" class=\"elementor elementor-1215\">\n\t\t\t\t\t\t\t\t\t<section class=\"elementor-section elementor-top-section elementor-element elementor-element-7efd3e3a elementor-section-boxed elementor-section-height-default elementor-section-height-default\" data-id=\"7efd3e3a\" data-element_type=\"section\">\n\t\t\t\t\t\t<div class=\"elementor-container elementor-column-gap-default\">\n\t\t\t\t\t<div class=\"elementor-column elementor-col-100 elementor-top-column elementor-element elementor-element-1158ab88\" data-id=\"1158ab88\" data-element_type=\"column\">\n\t\t\t<div class=\"elementor-widget-wrap elementor-element-populated\">\n\t\t\t\t\t\t\t\t<div class=\"elementor-element elementor-element-5e198ce elementor-widget elementor-widget-image\" data-id=\"5e198ce\" data-element_type=\"widget\" data-widget_type=\"image.default\">\n\t\t\t\t<div class=\"elementor-widget-container\">\n\t\t\t<style>\/*! elementor - v3.11.5 - 14-03-2023 *\/\n.elementor-widget-image{text-align:center}.elementor-widget-image a{display:inline-block}.elementor-widget-image a img[src$=\".svg\"]{width:48px}.elementor-widget-image img{vertical-align:middle;display:inline-block}<\/style>\t\t\t\t\t\t\t\t\t\t\t\t<img decoding=\"async\" src=\"https:\/\/gscmekanik.com\/wp-content\/uploads\/elementor\/thumbs\/Fabrika-Isitma-Sogutma-Pompa-Gruplari-Kesif-ve-Verimlilik-Calismalari-2-q6lpy1vr1jziwkjpnl89y5ok0t6fe1hftabtbrm0eg.jpg\" title=\"Fabrika Is\u0131tma-So\u011futma Pompa Gruplar\u0131 Ke\u015fif ve Verimlilik \u00c7al\u0131\u015fmalar\u0131 2\" alt=\"Fabrika Is\u0131tma-So\u011futma Pompa Gruplar\u0131 Ke\u015fif ve Verimlilik \u00c7al\u0131\u015fmalar\u0131 2\" loading=\"lazy\" \/>\t\t\t\t\t\t\t\t\t\t\t\t\t\t\t<\/div>\n\t\t\t\t<\/div>\n\t\t\t\t<div class=\"elementor-element elementor-element-e44901c elementor-widget elementor-widget-spacer\" data-id=\"e44901c\" data-element_type=\"widget\" data-widget_type=\"spacer.default\">\n\t\t\t\t<div class=\"elementor-widget-container\">\n\t\t\t<style>\/*! elementor - v3.11.5 - 14-03-2023 *\/\n.elementor-column .elementor-spacer-inner{height:var(--spacer-size)}.e-con{--container-widget-width:100%}.e-con-inner>.elementor-widget-spacer,.e-con>.elementor-widget-spacer{width:var(--container-widget-width,var(--spacer-size));--align-self:var(--container-widget-align-self,initial);--flex-shrink:0}.e-con-inner>.elementor-widget-spacer>.elementor-widget-container,.e-con-inner>.elementor-widget-spacer>.elementor-widget-container>.elementor-spacer,.e-con>.elementor-widget-spacer>.elementor-widget-container,.e-con>.elementor-widget-spacer>.elementor-widget-container>.elementor-spacer{height:100%}.e-con-inner>.elementor-widget-spacer>.elementor-widget-container>.elementor-spacer>.elementor-spacer-inner,.e-con>.elementor-widget-spacer>.elementor-widget-container>.elementor-spacer>.elementor-spacer-inner{height:var(--container-widget-height,var(--spacer-size))}<\/style>\t\t<div class=\"elementor-spacer\">\n\t\t\t<div class=\"elementor-spacer-inner\"><\/div>\n\t\t<\/div>\n\t\t\t\t<\/div>\n\t\t\t\t<\/div>\n\t\t\t\t<div class=\"elementor-element elementor-element-528ef34 elementor-widget elementor-widget-react-heading\" data-id=\"528ef34\" data-element_type=\"widget\" data-widget_type=\"react-heading.default\">\n\t\t\t\t<div class=\"elementor-widget-container\">\n\t\t\t        <div class=\"react-heading default\">\r\n        \t<div class=\"title-inner no\">        \t\t      \t\t\r\n\t            <h4 class=\"title\"><span class=\"watermark\"><\/span>Fabrika Is\u0131tma-So\u011futma Pompa Gruplar\u0131 Ke\u015fif ve Verimlilik \u00c7al\u0131\u015fmalar\u0131 \u2013 Gsc Mekanik<\/h4>\t        <\/div>\r\n\t        \r\n\t            \r\n        <\/div>\r\n        \t\t<\/div>\n\t\t\t\t<\/div>\n\t\t\t\t<div class=\"elementor-element elementor-element-4b82c30 elementor-widget elementor-widget-text-editor\" data-id=\"4b82c30\" data-element_type=\"widget\" data-widget_type=\"text-editor.default\">\n\t\t\t\t<div class=\"elementor-widget-container\">\n\t\t\t<style>\/*! elementor - v3.11.5 - 14-03-2023 *\/\n.elementor-widget-text-editor.elementor-drop-cap-view-stacked .elementor-drop-cap{background-color:#818a91;color:#fff}.elementor-widget-text-editor.elementor-drop-cap-view-framed .elementor-drop-cap{color:#818a91;border:3px solid;background-color:transparent}.elementor-widget-text-editor:not(.elementor-drop-cap-view-default) .elementor-drop-cap{margin-top:8px}.elementor-widget-text-editor:not(.elementor-drop-cap-view-default) .elementor-drop-cap-letter{width:1em;height:1em}.elementor-widget-text-editor .elementor-drop-cap{float:left;text-align:center;line-height:1;font-size:50px}.elementor-widget-text-editor .elementor-drop-cap-letter{display:inline-block}<\/style>\t\t\t\t<p><strong>Fabrikalarda Enerji Verimlilik \u00c7al\u0131\u015fmalar\u0131: S\u00fcrd\u00fcr\u00fclebilirlik ve Tasarruf \u0130\u00e7in \u00d6nc\u00fc \u00c7\u00f6z\u00fcmler<\/strong><\/p><p><span style=\"color: var( --e-global-color-text ); font-family: var( --e-global-typography-text-font-family ), Sans-serif; font-weight: var( --e-global-typography-text-font-weight );\">Enerji verimlili\u011fi g\u00fcn\u00fcm\u00fczde end\u00fcstriyel sekt\u00f6rde b\u00fcy\u00fck bir \u00f6nem kazanm\u0131\u015ft\u0131r. GSC Mekanik M\u00fchendislik olarak, fabrika enerji verimlilik \u00e7al\u0131\u015fmalar\u0131 konusunda uzmanla\u015fm\u0131\u015f bir firma olarak, m\u00fc\u015fterilerimize s\u00fcrd\u00fcr\u00fclebilirlik ve tasarruf sa\u011flamak i\u00e7in \u00f6nc\u00fc \u00e7\u00f6z\u00fcmler sunmaktay\u0131z. Fabrikalar\u0131n\u0131z\u0131n enerji t\u00fcketimini optimize ederek, \u00e7evresel etkileri azalt\u0131rken ayn\u0131 zamanda maliyetlerinizi de d\u00fc\u015f\u00fcrebilirsiniz.<\/span><\/p><p><strong>Enerji Analizi ve De\u011ferlendirme<\/strong><\/p><p>Fabrikalar\u0131n\u0131zda enerji verimlili\u011fi \u00e7al\u0131\u015fmalar\u0131na ba\u015flamadan \u00f6nce, kapsaml\u0131 bir enerji analizi ve de\u011ferlendirme yapmak gerekmektedir. GSC Mekanik M\u00fchendislik olarak, deneyimli m\u00fchendislerimizle fabrikan\u0131z\u0131n enerji t\u00fcketimini dikkatlice inceleriz. Prosesleriniz, sistemleriniz ve ekipmanlar\u0131n\u0131z \u00fczerinde detayl\u0131 bir de\u011ferlendirme yaparak, enerji verimlili\u011fi potansiyelinizi belirleriz.<\/p><p><strong>\u00d6zelle\u015ftirilmi\u015f \u00c7\u00f6z\u00fcmler<\/strong><\/p><p>Her fabrika benzersizdir ve enerji verimlili\u011fi \u00e7\u00f6z\u00fcmleri de buna g\u00f6re \u00f6zelle\u015ftirilmelidir. GSC Mekanik M\u00fchendislik olarak, fabrikan\u0131z\u0131n ihtiya\u00e7lar\u0131na y\u00f6nelik \u00f6zelle\u015ftirilmi\u015f \u00e7\u00f6z\u00fcmler sunmaktay\u0131z. Bu \u00e7\u00f6z\u00fcmler, enerji t\u00fcketiminizi optimize etmek i\u00e7in verimli ekipman se\u00e7imi, proses iyile\u015ftirmeleri, izleme ve kontrol sistemleri gibi farkl\u0131 alanlar\u0131 i\u00e7erebilir. Amac\u0131m\u0131z, fabrikan\u0131z\u0131n enerji verimlili\u011fini art\u0131rmak ve s\u00fcrd\u00fcr\u00fclebilirlik hedeflerinize ula\u015fman\u0131za yard\u0131mc\u0131 olmakt\u0131r.<\/p><p><strong>Ekipman ve Sistem Optimizasyonu<\/strong><\/p><p>Fabrika enerji verimlilik \u00e7al\u0131\u015fmalar\u0131 kapsam\u0131nda, mevcut ekipman ve sistemlerinizin verimlili\u011fini art\u0131rmak i\u00e7in optimizasyon \u00e7al\u0131\u015fmalar\u0131 yapmaktay\u0131z. Verimli pompa ve kompres\u00f6r sistemleri, enerji geri kazan\u0131m\u0131 sistemleri, \u0131\u015f\u0131kland\u0131rma \u00e7\u00f6z\u00fcmleri ve izole edilmi\u015f sistemler gibi \u00e7e\u015fitli alanlarda iyile\u015ftirmeler sa\u011flamaktay\u0131z. Bu optimizasyonlar, enerji kay\u0131plar\u0131n\u0131 azaltarak, enerji t\u00fcketimini d\u00fc\u015f\u00fcrmenize ve dolay\u0131s\u0131yla maliyetlerinizi kontrol alt\u0131nda tutman\u0131za yard\u0131mc\u0131 olur.<\/p>\t\t\t\t\t\t<\/div>\n\t\t\t\t<\/div>\n\t\t\t\t<div class=\"elementor-element elementor-element-593ea39a elementor-widget elementor-widget-button\" data-id=\"593ea39a\" data-element_type=\"widget\" data-widget_type=\"button.default\">\n\t\t\t\t<div class=\"elementor-widget-container\">\n\t\t\t\t\t<div class=\"elementor-button-wrapper\">\n\t\t\t<a href=\"https:\/\/gscmekanik.com\/en\/iletisim\/\" class=\"elementor-button-link elementor-button elementor-size-sm\" role=\"button\">\n\t\t\t\t\t\t<span class=\"elementor-button-content-wrapper\">\n\t\t\t\t\t\t\t<span class=\"elementor-button-icon elementor-align-icon-right\">\n\t\t\t\t<i aria-hidden=\"true\" class=\"fas fa-long-arrow-alt-right\"><\/i>\t\t\t<\/span>\n\t\t\t\t\t\t<span class=\"elementor-button-text\">Get Offer<\/span>\n\t\t<\/span>\n\t\t\t\t\t<\/a>\n\t\t<\/div>\n\t\t\t\t<\/div>\n\t\t\t\t<\/div>\n\t\t\t\t\t<\/div>\n\t\t<\/div>\n\t\t\t\t\t\t\t<\/div>\n\t\t<\/section>\n\t\t\t\t\t\t\t<\/div>","protected":false},"excerpt":{"rendered":"<p>Fabrika Is\u0131tma-So\u011futma Pompa Gruplar\u0131 Ke\u015fif ve Verimlilik \u00c7al\u0131\u015fmalar\u0131 \u2013 Gsc Mekanik Fabrikalarda Enerji Verimlilik \u00c7al\u0131\u015fmalar\u0131: S\u00fcrd\u00fcr\u00fclebilirlik ve Tasarruf \u0130\u00e7in \u00d6nc\u00fc \u00c7\u00f6z\u00fcmler Enerji verimlili\u011fi g\u00fcn\u00fcm\u00fczde end\u00fcstriyel sekt\u00f6rde b\u00fcy\u00fck bir \u00f6nem kazanm\u0131\u015ft\u0131r. GSC Mekanik M\u00fchendislik olarak, fabrika enerji verimlilik \u00e7al\u0131\u015fmalar\u0131 konusunda uzmanla\u015fm\u0131\u015f bir firma olarak, m\u00fc\u015fterilerimize s\u00fcrd\u00fcr\u00fclebilirlik ve tasarruf sa\u011flamak i\u00e7in \u00f6nc\u00fc \u00e7\u00f6z\u00fcmler sunmaktay\u0131z. Fabrikalar\u0131n\u0131z\u0131n enerji t\u00fcketimini&#8230;<\/p>","protected":false},"author":1,"featured_media":0,"parent":9270,"menu_order":0,"comment_status":"closed","ping_status":"closed","template":"","meta":[],"aioseo_notices":[],"_links":{"self":[{"href":"https:\/\/gscmekanik.com\/en\/wp-json\/wp\/v2\/pages\/1215"}],"collection":[{"href":"https:\/\/gscmekanik.com\/en\/wp-json\/wp\/v2\/pages"}],"about":[{"href":"https:\/\/gscmekanik.com\/en\/wp-json\/wp\/v2\/types\/page"}],"author":[{"embeddable":true,"href":"https:\/\/gscmekanik.com\/en\/wp-json\/wp\/v2\/users\/1"}],"replies":[{"embeddable":true,"href":"https:\/\/gscmekanik.com\/en\/wp-json\/wp\/v2\/comments?post=1215"}],"version-history":[{"count":33,"href":"https:\/\/gscmekanik.com\/en\/wp-json\/wp\/v2\/pages\/1215\/revisions"}],"predecessor-version":[{"id":10107,"href":"https:\/\/gscmekanik.com\/en\/wp-json\/wp\/v2\/pages\/1215\/revisions\/10107"}],"up":[{"embeddable":true,"href":"https:\/\/gscmekanik.com\/en\/wp-json\/wp\/v2\/pages\/9270"}],"wp:attachment":[{"href":"https:\/\/gscmekanik.com\/en\/wp-json\/wp\/v2\/media?parent=1215"}],"curies":[{"name":"wp","href":"https:\/\/api.w.org\/{rel}","templated":true}]}}