{"id":10201,"date":"2024-02-23T21:24:14","date_gmt":"2024-02-23T18:24:14","guid":{"rendered":"https:\/\/gscmekanik.com\/?page_id=10201"},"modified":"2024-02-23T21:24:14","modified_gmt":"2024-02-23T18:24:14","slug":"endustriyel-otomasyon-urunleri","status":"publish","type":"page","link":"https:\/\/gscmekanik.com\/en\/endustriyel-otomasyon-urunleri\/","title":{"rendered":"End\u00fcstriyel Otomasyon \u00dcr\u00fcnleri"},"content":{"rendered":"","protected":false},"excerpt":{"rendered":"","protected":false},"author":1,"featured_media":0,"parent":0,"menu_order":0,"comment_status":"closed","ping_status":"closed","template":"","meta":[],"aioseo_notices":[],"_links":{"self":[{"href":"https:\/\/gscmekanik.com\/en\/wp-json\/wp\/v2\/pages\/10201"}],"collection":[{"href":"https:\/\/gscmekanik.com\/en\/wp-json\/wp\/v2\/pages"}],"about":[{"href":"https:\/\/gscmekanik.com\/en\/wp-json\/wp\/v2\/types\/page"}],"author":[{"embeddable":true,"href":"https:\/\/gscmekanik.com\/en\/wp-json\/wp\/v2\/users\/1"}],"replies":[{"embeddable":true,"href":"https:\/\/gscmekanik.com\/en\/wp-json\/wp\/v2\/comments?post=10201"}],"version-history":[{"count":1,"href":"https:\/\/gscmekanik.com\/en\/wp-json\/wp\/v2\/pages\/10201\/revisions"}],"predecessor-version":[{"id":10204,"href":"https:\/\/gscmekanik.com\/en\/wp-json\/wp\/v2\/pages\/10201\/revisions\/10204"}],"wp:attachment":[{"href":"https:\/\/gscmekanik.com\/en\/wp-json\/wp\/v2\/media?parent=10201"}],"curies":[{"name":"wp","href":"https:\/\/api.w.org\/{rel}","templated":true}]}}